{"id":47490,"date":"2018-08-18T12:55:05","date_gmt":"2018-08-18T10:55:05","guid":{"rendered":"http:\/\/www.mirsa.es.mialias.net\/contenedor-titanes-maxalto\/"},"modified":"2020-12-10T09:17:48","modified_gmt":"2020-12-10T09:17:48","slug":"contenedor-titanes-maxalto","status":"publish","type":"page","link":"https:\/\/www.mirsa.es\/ca\/contenedor-titanes-maxalto\/","title":{"rendered":"Contenidor Titanes Maxalto"},"content":{"rendered":"<div class=\"wpb-content-wrapper\"><p>[vc_row][vc_column][vc_column_text]<\/p>\n<h5><img decoding=\"async\" class=\"wp-image-1077 size-large aligncenter\" title=\"Titanes Maxalto\" src=\"\/wp-content\/uploads\/2020\/07\/titanes_maxalto_00.jpg\" alt=\"Titanes Maxalto\" width=\"100%\" height=\"400\" \/><\/h5>\n<p style=\"font-size: 16px; text-align: left;\"><strong>Titanes de la firma italiana Maxalto est\u00e0 formada per un conjunt de contenidors per a la zona de dia, que es conceben com una reinterpretaci\u00f3 contempor\u00e0nia de l&#8217;aparador cl\u00e0ssic.<\/strong><\/p>\n<p style=\"font-size: 16px; text-align: left;\">El prestigi\u00f3s Antonio Citterio ens proposa una col\u00b7lecci\u00f3 composta per diverses versions, que ofereixen solucions elegants i funcionals.<\/p>\n<p style=\"font-size: 16px; text-align: left;\">Totes les peces es recolzen sobre una base met\u00e0l\u00b7lica en acer cromat brillant i estan disponibles en roure gris, roure clar, roure negre o roure fumat.<\/p>\n<p style=\"font-size: 16px; text-align: left;\">A MIRSA interiorisme &#038; mobiliari som distribu\u00efdors oficials Maxalto. Per a m\u00e9s informaci\u00f3, visiti el nostre Showroom o contacti amb nosaltres.<\/p>\n<p>[\/vc_column_text][vc_row_inner][vc_column_inner]<style type=\"text\/css\">#bklyn_btn_69d2113635b5a .bklyn-btn { color:#ffffff !important; background-color:black !important; }<\/style><div id=\"bklyn_btn_69d2113635b5a\" class=\"bklyn-btn-holder  bklyn-btn-center bklyn-btn-tablet-center bklyn-btn-mobile-center\"><a title=\"Contacto\"   href=\"\/contacto\" target=\"_self\" class=\"bklyn-btn  bklyn-btn-icon-left bklyn-btn-normal\" ><i class=\"fa fa-envelope\"><\/i><span class=\"ut-btn-text\">M\u00e9s informaci\u00f3<\/span><\/a><\/div>[\/vc_column_inner][\/vc_row_inner][\/vc_column][\/vc_row]<\/p>\n<\/div>","protected":false},"excerpt":{"rendered":"<p>[vc_row][vc_column][vc_column_text] Titanes de la firma italiana Maxalto est\u00e0 formada per un conjunt de contenidors per a la zona de dia, que es conceben com una reinterpretaci\u00f3 contempor\u00e0nia de l&#8217;aparador cl\u00e0ssic. El prestigi\u00f3s Antonio Citterio ens proposa una col\u00b7lecci\u00f3 composta per diverses versions, que ofereixen solucions elegants i funcionals. Totes les peces es recolzen sobre una [&hellip;]<\/p>\n","protected":false},"author":1,"featured_media":0,"parent":0,"menu_order":0,"comment_status":"closed","ping_status":"closed","template":"","meta":{"footnotes":""},"class_list":["post-47490","page","type-page","status-publish","hentry"],"aioseo_notices":[],"_links":{"self":[{"href":"https:\/\/www.mirsa.es\/ca\/wp-json\/wp\/v2\/pages\/47490","targetHints":{"allow":["GET"]}}],"collection":[{"href":"https:\/\/www.mirsa.es\/ca\/wp-json\/wp\/v2\/pages"}],"about":[{"href":"https:\/\/www.mirsa.es\/ca\/wp-json\/wp\/v2\/types\/page"}],"author":[{"embeddable":true,"href":"https:\/\/www.mirsa.es\/ca\/wp-json\/wp\/v2\/users\/1"}],"replies":[{"embeddable":true,"href":"https:\/\/www.mirsa.es\/ca\/wp-json\/wp\/v2\/comments?post=47490"}],"version-history":[{"count":0,"href":"https:\/\/www.mirsa.es\/ca\/wp-json\/wp\/v2\/pages\/47490\/revisions"}],"wp:attachment":[{"href":"https:\/\/www.mirsa.es\/ca\/wp-json\/wp\/v2\/media?parent=47490"}],"curies":[{"name":"wp","href":"https:\/\/api.w.org\/{rel}","templated":true}]}}