{"id":47476,"date":"2017-09-06T18:06:01","date_gmt":"2017-09-06T16:06:01","guid":{"rendered":"http:\/\/www.mirsa.es.mialias.net\/contenedor-eracle-maxalto\/"},"modified":"2020-12-10T08:49:26","modified_gmt":"2020-12-10T08:49:26","slug":"contenedor-eracle-maxalto","status":"publish","type":"page","link":"https:\/\/www.mirsa.es\/ca\/contenedor-eracle-maxalto\/","title":{"rendered":"Contenidor Eracle Maxalto"},"content":{"rendered":"<div class=\"wpb-content-wrapper\"><p>[vc_row css=&#8221;.vc_custom_1583596731269{margin-left: -50px !important;}&#8221;][vc_column][vc_column_text]<a href=\"javascript:history.go(-1)\" onmouseover=\"self.status=document.referrer;return true\" style=\"color: black;\">Atr\u00e1s<\/a>[\/vc_column_text][\/vc_column][\/vc_row][vc_row][vc_column][vc_column_text]<\/p>\n<h5><img decoding=\"async\" class=\"wp-image-1077 size-large aligncenter\" title=\"Contenidor Eracle Maxalto\" src=\"\/wp-content\/uploads\/2020\/07\/contenedor_eracle_maxalto.jpg\" alt=\"Contenidor Eracle Maxalto\n\" width=\"100%\" height=\"400\"\/><\/h5>\n<p style=\"font-size: 16px; text-align: left;\"><strong>El contenidor Eracle de la col\u00b7lecci\u00f3 Maxalto \u00e9s un sistema de grans proporcions i de l\u00ednies equilibrades.<\/strong><\/p>\n<p style=\"font-size: 16px; text-align: left;\">Dissenyat pel prestigi\u00f3s Antonio Citterio, el contenidor est\u00e0 format per portes batents amb vidres dobles de gran qualitat.<\/p>\n<p style=\"font-size: 16px; text-align: left;\">Les calaixeres i els estants llisquen amb gran facilitat, adaptant-se amb facilitat a qualsevol espai. L\u2019estructura d\u2019Eracle \u00e9s elegant i refinada, en sintonia amb la resta de peces de la col\u00b7lecci\u00f3 Maxalto.<\/p>\n<p style=\"font-size: 16px; text-align: left;\">A MIRSA interiorisme &#038; mobiliari disposem d\u2019una extensa col\u00b7lecci\u00f3 de peces dissenyades per Antonio Citterio. Per a m\u00e9s informaci\u00f3 consulti el nostre cat\u00e0leg o visiti la nostra exposici\u00f3.<\/p>\n<p>[\/vc_column_text][vc_row_inner][vc_column_inner]<style type=\"text\/css\">#bklyn_btn_69d1d9b05018d .bklyn-btn { color:#ffffff !important; background-color:black !important; }<\/style><div id=\"bklyn_btn_69d1d9b05018d\" class=\"bklyn-btn-holder  bklyn-btn-center bklyn-btn-tablet-center bklyn-btn-mobile-center\"><a title=\"Contacto\"   href=\"\/contacto\" target=\"_self\" class=\"bklyn-btn  bklyn-btn-icon-left bklyn-btn-normal\" ><i class=\"fa fa-envelope\"><\/i><span class=\"ut-btn-text\">M\u00e9s informaci\u00f3<\/span><\/a><\/div>[\/vc_column_inner][\/vc_row_inner][\/vc_column][\/vc_row]<\/p>\n<\/div>","protected":false},"excerpt":{"rendered":"<p>[vc_row css=&#8221;.vc_custom_1583596731269{margin-left: -50px !important;}&#8221;][vc_column][vc_column_text]Atr\u00e1s[\/vc_column_text][\/vc_column][\/vc_row][vc_row][vc_column][vc_column_text] El contenidor Eracle de la col\u00b7lecci\u00f3 Maxalto \u00e9s un sistema de grans proporcions i de l\u00ednies equilibrades. Dissenyat pel prestigi\u00f3s Antonio Citterio, el contenidor est\u00e0 format per portes batents amb vidres dobles de gran qualitat. Les calaixeres i els estants llisquen amb gran facilitat, adaptant-se amb facilitat a qualsevol espai. L\u2019estructura [&hellip;]<\/p>\n","protected":false},"author":1,"featured_media":0,"parent":0,"menu_order":0,"comment_status":"closed","ping_status":"closed","template":"","meta":{"footnotes":""},"class_list":["post-47476","page","type-page","status-publish","hentry"],"aioseo_notices":[],"_links":{"self":[{"href":"https:\/\/www.mirsa.es\/ca\/wp-json\/wp\/v2\/pages\/47476","targetHints":{"allow":["GET"]}}],"collection":[{"href":"https:\/\/www.mirsa.es\/ca\/wp-json\/wp\/v2\/pages"}],"about":[{"href":"https:\/\/www.mirsa.es\/ca\/wp-json\/wp\/v2\/types\/page"}],"author":[{"embeddable":true,"href":"https:\/\/www.mirsa.es\/ca\/wp-json\/wp\/v2\/users\/1"}],"replies":[{"embeddable":true,"href":"https:\/\/www.mirsa.es\/ca\/wp-json\/wp\/v2\/comments?post=47476"}],"version-history":[{"count":0,"href":"https:\/\/www.mirsa.es\/ca\/wp-json\/wp\/v2\/pages\/47476\/revisions"}],"wp:attachment":[{"href":"https:\/\/www.mirsa.es\/ca\/wp-json\/wp\/v2\/media?parent=47476"}],"curies":[{"name":"wp","href":"https:\/\/api.w.org\/{rel}","templated":true}]}}