{"id":47423,"date":"2018-04-20T20:10:11","date_gmt":"2018-04-20T18:10:11","guid":{"rendered":"http:\/\/www.mirsa.es.mialias.net\/colosseo-bb-italia\/"},"modified":"2020-12-05T17:30:34","modified_gmt":"2020-12-05T17:30:34","slug":"colosseo-bb-italia","status":"publish","type":"page","link":"https:\/\/www.mirsa.es\/ca\/colosseo-bb-italia\/","title":{"rendered":"Colosseo B&#038;B Italia"},"content":{"rendered":"<div class=\"wpb-content-wrapper\"><p>[vc_row][vc_column][vc_column_text]<\/p>\n<h5><img decoding=\"async\" class=\"wp-image-1077 size-large aligncenter\" title=\"Colosseo B&#038;B Italia\" src=\"\/wp-content\/uploads\/2020\/07\/colosseo_bb_italia.jpg\" alt=\"Colosseo B&#038;B Italia\" width=\"100%\" height=\"400\" \/><\/h5>\n<p style=\"font-size: 16px; text-align: left;\"><strong>Colosseo de B&#038;B Italia \u00e9s un elegant sistema de tauletes de centre d\u2019est\u00e8tica contempor\u00e0nia, dissenyat pel reconegut Naoto Fukasawa.<\/strong><\/p>\n<p style=\"font-size: 16px; text-align: left;\">El dissenyador japon\u00e8s ens presenta una col\u00b7lecci\u00f3 lleugera i vers\u00e0til, que pot utilitzar-se tant com a tauletes per al caf\u00e8 o com a puf. La pe\u00e7a destaca per la seva peculiar estructura, que recorda a la d\u2019un con truncat.<\/p>\n<p style=\"font-size: 16px; text-align: left;\">Colosseo est\u00e0 disponible en dues mides: 40cm de di\u00e0metre x 45cm d\u2019al\u00e7ada i 50cm de di\u00e0metre x 55cm d\u2019al\u00e7ada.<\/p>\n<p style=\"font-size: 16px; text-align: left;\">A MIRSA interiorisme &#038; mobiliari som distribu\u00efdors oficials B&#038;B Italia. Per a m\u00e9s informaci\u00f3 visiti el nostre Showroom o contacti amb nosaltres.<\/p>\n<p>[\/vc_column_text][vc_row_inner][vc_column_inner]<style type=\"text\/css\">#bklyn_btn_69d1c88b632bc .bklyn-btn { color:#ffffff !important; background-color:black !important; }<\/style><div id=\"bklyn_btn_69d1c88b632bc\" class=\"bklyn-btn-holder  bklyn-btn-center bklyn-btn-tablet-center bklyn-btn-mobile-center\"><a title=\"Contacto\"   href=\"\/contacto\" target=\"_self\" class=\"bklyn-btn  bklyn-btn-icon-left bklyn-btn-normal\" ><i class=\"fa fa-envelope\"><\/i><span class=\"ut-btn-text\">M\u00e9s informaci\u00f3<\/span><\/a><\/div>[\/vc_column_inner][\/vc_row_inner][\/vc_column][\/vc_row]<\/p>\n<\/div>","protected":false},"excerpt":{"rendered":"<p>[vc_row][vc_column][vc_column_text] Colosseo de B&#038;B Italia \u00e9s un elegant sistema de tauletes de centre d\u2019est\u00e8tica contempor\u00e0nia, dissenyat pel reconegut Naoto Fukasawa. El dissenyador japon\u00e8s ens presenta una col\u00b7lecci\u00f3 lleugera i vers\u00e0til, que pot utilitzar-se tant com a tauletes per al caf\u00e8 o com a puf. La pe\u00e7a destaca per la seva peculiar estructura, que recorda a [&hellip;]<\/p>\n","protected":false},"author":1,"featured_media":0,"parent":0,"menu_order":0,"comment_status":"closed","ping_status":"closed","template":"","meta":{"footnotes":""},"class_list":["post-47423","page","type-page","status-publish","hentry"],"aioseo_notices":[],"_links":{"self":[{"href":"https:\/\/www.mirsa.es\/ca\/wp-json\/wp\/v2\/pages\/47423","targetHints":{"allow":["GET"]}}],"collection":[{"href":"https:\/\/www.mirsa.es\/ca\/wp-json\/wp\/v2\/pages"}],"about":[{"href":"https:\/\/www.mirsa.es\/ca\/wp-json\/wp\/v2\/types\/page"}],"author":[{"embeddable":true,"href":"https:\/\/www.mirsa.es\/ca\/wp-json\/wp\/v2\/users\/1"}],"replies":[{"embeddable":true,"href":"https:\/\/www.mirsa.es\/ca\/wp-json\/wp\/v2\/comments?post=47423"}],"version-history":[{"count":0,"href":"https:\/\/www.mirsa.es\/ca\/wp-json\/wp\/v2\/pages\/47423\/revisions"}],"wp:attachment":[{"href":"https:\/\/www.mirsa.es\/ca\/wp-json\/wp\/v2\/media?parent=47423"}],"curies":[{"name":"wp","href":"https:\/\/api.w.org\/{rel}","templated":true}]}}