{"id":47419,"date":"2019-06-14T11:55:39","date_gmt":"2019-06-14T09:55:39","guid":{"rendered":"http:\/\/www.mirsa.es.mialias.net\/colico-muebles-italia\/"},"modified":"2024-05-21T11:16:55","modified_gmt":"2024-05-21T11:16:55","slug":"colico-muebles-italia","status":"publish","type":"page","link":"https:\/\/www.mirsa.es\/ca\/colico-muebles-italia\/","title":{"rendered":"Colico Mobles Italia"},"content":{"rendered":"<div class=\"wpb-content-wrapper\"><p>[vc_row css=&#8221;.vc_custom_1583596731269{margin-left: -50px !important;}&#8221;][vc_column][vc_column_text]<a style=\"color:black;\" href=\"javascript:history.go(-1)\" onmouseover=\"self.status=document.referrer;return true\">Enrere<\/a>[\/vc_column_text][\/vc_column][\/vc_row][vc_row][vc_column][vc_column_text]<\/p>\n<h5><img decoding=\"async\" class=\"wp-image-1077 size-large aligncenter\" title=\"Colico Mobles\" src=\"\/wp-content\/uploads\/2020\/06\/colico_muebles_italia.jpg\" alt=\"Colico Mobles\" width=\"100%\" height=\"400\" \/><\/h5>\n<p style=\"font-size: 16px; text-align: left;\"><strong>Colico \u00e9s una reconeguda firma italiana dedicada a la fabricaci\u00f3 i distribuci\u00f3 de mobiliari d&#8217;estil contemporani.<\/strong><\/p>\n<p style=\"font-size: 16px; text-align: left;\">Fundada el 1920 a la localitat italiana de Varedo per Antonio Colico, en pocs anys la firma es va consolidar com un referent del disseny itali\u00e0. Als anys 70 Colico ja era una empresa l\u00edder en el sector del mobiliari per a la llar i contract.<\/p>\n<p style=\"font-size: 16px; text-align: left;\">El 2014 va marcar un punt d&#8217;inflexi\u00f3 per a la companyia, que va renovar completament la seva imatge corporativa, apostant per un estil m\u00e9s minimalista i contemporani. Actualment Colico disposa d&#8217;un extens cat\u00e0leg de productes, i s&#8217;ha especialitzat en la producci\u00f3 de cadires, taules i sof\u00e0s.<\/p>\n<p style=\"font-size: 16px; text-align: left;\">A MIRSA interiorisme &amp; mobiliari som distribu\u00efdors oficials Colico. Per a m\u00e9s informaci\u00f3, visiti el nostre Showroom o contacti amb nosaltres. <\/p>\n<p>[\/vc_column_text][\/vc_column][\/vc_row]<\/p>\n<\/div>","protected":false},"excerpt":{"rendered":"<p>[vc_row css=&#8221;.vc_custom_1583596731269{margin-left: -50px !important;}&#8221;][vc_column][vc_column_text]Enrere[\/vc_column_text][\/vc_column][\/vc_row][vc_row][vc_column][vc_column_text] Colico \u00e9s una reconeguda firma italiana dedicada a la fabricaci\u00f3 i distribuci\u00f3 de mobiliari d&#8217;estil contemporani. Fundada el 1920 a la localitat italiana de Varedo per Antonio Colico, en pocs anys la firma es va consolidar com un referent del disseny itali\u00e0. Als anys 70 Colico ja era una empresa l\u00edder [&hellip;]<\/p>\n","protected":false},"author":1,"featured_media":0,"parent":0,"menu_order":0,"comment_status":"closed","ping_status":"closed","template":"","meta":{"footnotes":""},"class_list":["post-47419","page","type-page","status-publish","hentry"],"aioseo_notices":[],"_links":{"self":[{"href":"https:\/\/www.mirsa.es\/ca\/wp-json\/wp\/v2\/pages\/47419","targetHints":{"allow":["GET"]}}],"collection":[{"href":"https:\/\/www.mirsa.es\/ca\/wp-json\/wp\/v2\/pages"}],"about":[{"href":"https:\/\/www.mirsa.es\/ca\/wp-json\/wp\/v2\/types\/page"}],"author":[{"embeddable":true,"href":"https:\/\/www.mirsa.es\/ca\/wp-json\/wp\/v2\/users\/1"}],"replies":[{"embeddable":true,"href":"https:\/\/www.mirsa.es\/ca\/wp-json\/wp\/v2\/comments?post=47419"}],"version-history":[{"count":0,"href":"https:\/\/www.mirsa.es\/ca\/wp-json\/wp\/v2\/pages\/47419\/revisions"}],"wp:attachment":[{"href":"https:\/\/www.mirsa.es\/ca\/wp-json\/wp\/v2\/media?parent=47419"}],"curies":[{"name":"wp","href":"https:\/\/api.w.org\/{rel}","templated":true}]}}