{"id":47415,"date":"2016-07-13T16:58:32","date_gmt":"2016-07-13T14:58:32","guid":{"rendered":"http:\/\/www.mirsa.es.mialias.net\/colecciones-riva-1920\/"},"modified":"2024-05-22T14:37:15","modified_gmt":"2024-05-22T14:37:15","slug":"colecciones-riva-1920","status":"publish","type":"page","link":"https:\/\/www.mirsa.es\/ca\/colecciones-riva-1920\/","title":{"rendered":"Col\u00b7leccions Riva 1920"},"content":{"rendered":"<div class=\"wpb-content-wrapper\"><p>[vc_row css=&#8221;.vc_custom_1583596731269{margin-left: -50px !important;}&#8221;][vc_column][vc_column_text]<a style=\"color:black;\" href=\"javascript:history.go(-1)\" onmouseover=\"self.status=document.referrer;return true\">Atr\u00e1s<\/a>[\/vc_column_text][\/vc_column][\/vc_row][vc_row][vc_column][vc_column_text]<\/p>\n<h5><img decoding=\"async\" class=\"wp-image-1077 size-large aligncenter\" title=\"Col\u00b7leccions Riva 1920\" src=\"\/wp-content\/uploads\/2020\/06\/muebles_riva_1920.jpg\" alt=\"Col\u00b7leccions Riva 1920\" width=\"100%\" height=\"400\" \/><\/h5>\n<p style=\"font-size: 16px; text-align: left;\"><strong>Riva 1920 es una exclusiva firma italiana fundada al 1920 per Nino Romano, especialitzada en la fabricaci\u00f3 i distribuci\u00f3 de mobiliari de fusta massissa d&#8217;estil contemporani.<\/strong><\/p>\n<p style=\"font-size: 16px; text-align: left;\">La qualitat de tots els seus productes i la manera \u00fanica de treballar la fusta han portat a Riva 1920 a posicionar-se com una de les marques m\u00e9s prestigioses d&#8217;italia, convertint-se en tota una refer\u00e8ncia del disseny i de l&#8217;interiorisme.<\/p>\n<p style=\"font-size: 16px; text-align: left;\">En els m\u00e9s de 100 anys d&#8217;hist\u00f2ria, la marca ha passat de ser una petita f\u00e0brica familiar a convertir-se en una gran corporaci\u00f3 que distribueix els seus productes arreu del m\u00f3n.<\/p>\n<p style=\"font-size: 16px; text-align: left;\">Les col\u00b7leccions de Riva 1920 es caracteritzen per l&#8217;exquisit tracte que rep la fusta, que \u00e9s treballada artesanalment, respectant al m\u00e0xim totes les seves propietats i sense tractaments qu\u00edmics.<\/p>\n<p style=\"font-size: 16px; text-align: left;\">Les peces fabricades amb Kauri, fusta mil\u00b7len\u00e0ria provinent de les con\u00edferes de Nova Zelanda amb m\u00e9s de 40.000 anys d&#8217;hist\u00f2ria, s\u00f3n actualment un dels productes m\u00e9s exclusius de la firma.<\/p>\n<p style=\"font-size: 16px; text-align: left;\">A MIRSA interiorisme &amp; mobiliari som distribu\u00efdors oficials Riva 1920. Per a m\u00e9s informaci\u00f3, visiti el nostre Showroom o contacti amb nosaltres.<\/p>\n<p>[\/vc_column_text][\/vc_column][\/vc_row][vc_section][vc_row full_width=&#8221;stretch_row_content_no_spaces&#8221;][vc_column][vc_column_text]<iframe id=\"embedded-ads-iframe-website\" width=\"100%\" height=\"600\" data-originsrc=\"https:\/\/mirsa.daloom.com\/es\/productos\/mobiliario\/brand_riva-1920\"><\/iframe><script defer src=\"https:\/\/mirsa.daloom.com\/js\/parent-embedded-script.min.js\"><\/script>[\/vc_column_text][\/vc_column][\/vc_row][\/vc_section]<\/p>\n<\/div>","protected":false},"excerpt":{"rendered":"<p>[vc_row css=&#8221;.vc_custom_1583596731269{margin-left: -50px !important;}&#8221;][vc_column][vc_column_text]Atr\u00e1s[\/vc_column_text][\/vc_column][\/vc_row][vc_row][vc_column][vc_column_text] Riva 1920 es una exclusiva firma italiana fundada al 1920 per Nino Romano, especialitzada en la fabricaci\u00f3 i distribuci\u00f3 de mobiliari de fusta massissa d&#8217;estil contemporani. La qualitat de tots els seus productes i la manera \u00fanica de treballar la fusta han portat a Riva 1920 a posicionar-se com una de [&hellip;]<\/p>\n","protected":false},"author":1,"featured_media":0,"parent":0,"menu_order":0,"comment_status":"closed","ping_status":"closed","template":"","meta":{"footnotes":""},"class_list":["post-47415","page","type-page","status-publish","hentry"],"aioseo_notices":[],"_links":{"self":[{"href":"https:\/\/www.mirsa.es\/ca\/wp-json\/wp\/v2\/pages\/47415","targetHints":{"allow":["GET"]}}],"collection":[{"href":"https:\/\/www.mirsa.es\/ca\/wp-json\/wp\/v2\/pages"}],"about":[{"href":"https:\/\/www.mirsa.es\/ca\/wp-json\/wp\/v2\/types\/page"}],"author":[{"embeddable":true,"href":"https:\/\/www.mirsa.es\/ca\/wp-json\/wp\/v2\/users\/1"}],"replies":[{"embeddable":true,"href":"https:\/\/www.mirsa.es\/ca\/wp-json\/wp\/v2\/comments?post=47415"}],"version-history":[{"count":0,"href":"https:\/\/www.mirsa.es\/ca\/wp-json\/wp\/v2\/pages\/47415\/revisions"}],"wp:attachment":[{"href":"https:\/\/www.mirsa.es\/ca\/wp-json\/wp\/v2\/media?parent=47415"}],"curies":[{"name":"wp","href":"https:\/\/api.w.org\/{rel}","templated":true}]}}