{"id":47352,"date":"2016-07-13T18:56:26","date_gmt":"2016-07-13T16:56:26","guid":{"rendered":"http:\/\/www.mirsa.es.mialias.net\/colecciones-molteni-c\/"},"modified":"2024-05-18T11:58:31","modified_gmt":"2024-05-18T11:58:31","slug":"colecciones-molteni-c","status":"publish","type":"page","link":"https:\/\/www.mirsa.es\/ca\/colecciones-molteni-c\/","title":{"rendered":"Coleccions Molteni &#038;C"},"content":{"rendered":"<div class=\"wpb-content-wrapper\"><p>[vc_row css=&#8221;.vc_custom_1583596731269{margin-left: -50px !important;}&#8221;][vc_column][vc_column_text]<a style=\"color:black;\" href=\"javascript:history.go(-1)\" onmouseover=\"self.status=document.referrer;return true\">Enrere<\/a>[\/vc_column_text][\/vc_column][\/vc_row][vc_row][vc_column][vc_column_text]<br \/>\n<img decoding=\"async\" class=\"wp-image-1077 size-large aligncenter\" title=\"Coleccions Molteni &#038;C\" src=\"\/wp-content\/uploads\/2020\/06\/mobiliario_molteni_c.jpg\" alt=\"Coleccions Molteni &#038;C\" width=\"100%\" height=\"400\" \/><\/p>\n<h2 style=\"font-size: 16px; text-align: left;\"><strong>Molteni &#038; C \u00e9s una prestigiosa firma italiana dedicada a la fabricaci\u00f3 i distribuci\u00f3 de mobles contemporanis d&#8217;alta gamma.<\/strong><\/h2>\n<p style=\"font-size: 16px; text-align: left;\">Fundada el 1934, i amb una \u00e0mplia traject\u00f2ria i tradici\u00f3 a les seves espatlles, Molteni &#038; C \u00e9s actualment una de les firmes amb m\u00e9s prestigi internacional en el m\u00f3n del moble i el disseny.<\/p>\n<p style=\"font-size: 16px; text-align: left;\">Des dels seus inicis, la firma italiana ha col\u00b7laborat amb els millors dissenyadors i arquitectes mundials, com Gio Ponti, Rodolfo Dordoni, Afra i Tobia Scarpa, Patricia Urquiola entre molts altres.<\/p>\n<p style=\"font-size: 16px; text-align: left;\">Actualment la firma representa un equilibri perfecte entre tradici\u00f3 i innovaci\u00f3, com queda demostrat en tots els seus productes.<\/p>\n<p style=\"font-size: 16px; text-align: left;\">La divisi\u00f3 especialitzada en Contract de Molteni &#038; C ha realitzat projectes per a alguns dels hotels, negocis i edificis p\u00fablics m\u00e9s importants del m\u00f3n, com el teatre La Fenice de Ven\u00e8cia o la cadena de botigues Cartier.<\/p>\n<p style=\"font-size: 16px; text-align: left;\">A MIRSA interiorisme &#038; mobiliari som distribu\u00efdors oficials Molteni &#038; C. Per a m\u00e9s informaci\u00f3, visiteu el nostre Showroom o contacteu amb nosaltres.<\/p>\n<p>[\/vc_column_text][\/vc_column][\/vc_row][vc_section][vc_row full_width=&#8221;stretch_row_content_no_spaces&#8221;][vc_column][vc_column_text]<iframe id=\"embedded-ads-iframe-website\" width=\"100%\" height=\"600\" data-originsrc=\"https:\/\/mirsa.daloom.com\/es\/productos\/mobiliario\/brand_molteni-c\"><\/iframe><br \/>\n<script defer src=\"https:\/\/mirsa.daloom.com\/js\/parent-embedded-script.min.js\"><\/script>[\/vc_column_text][\/vc_column][\/vc_row][\/vc_section]<\/p>\n<\/div>","protected":false},"excerpt":{"rendered":"<p>[vc_row css=&#8221;.vc_custom_1583596731269{margin-left: -50px !important;}&#8221;][vc_column][vc_column_text]Enrere[\/vc_column_text][\/vc_column][\/vc_row][vc_row][vc_column][vc_column_text] Molteni &#038; C \u00e9s una prestigiosa firma italiana dedicada a la fabricaci\u00f3 i distribuci\u00f3 de mobles contemporanis d&#8217;alta gamma. Fundada el 1934, i amb una \u00e0mplia traject\u00f2ria i tradici\u00f3 a les seves espatlles, Molteni &#038; C \u00e9s actualment una de les firmes amb m\u00e9s prestigi internacional en el m\u00f3n del moble [&hellip;]<\/p>\n","protected":false},"author":1,"featured_media":0,"parent":0,"menu_order":0,"comment_status":"closed","ping_status":"closed","template":"","meta":{"footnotes":""},"class_list":["post-47352","page","type-page","status-publish","hentry"],"aioseo_notices":[],"_links":{"self":[{"href":"https:\/\/www.mirsa.es\/ca\/wp-json\/wp\/v2\/pages\/47352","targetHints":{"allow":["GET"]}}],"collection":[{"href":"https:\/\/www.mirsa.es\/ca\/wp-json\/wp\/v2\/pages"}],"about":[{"href":"https:\/\/www.mirsa.es\/ca\/wp-json\/wp\/v2\/types\/page"}],"author":[{"embeddable":true,"href":"https:\/\/www.mirsa.es\/ca\/wp-json\/wp\/v2\/users\/1"}],"replies":[{"embeddable":true,"href":"https:\/\/www.mirsa.es\/ca\/wp-json\/wp\/v2\/comments?post=47352"}],"version-history":[{"count":0,"href":"https:\/\/www.mirsa.es\/ca\/wp-json\/wp\/v2\/pages\/47352\/revisions"}],"wp:attachment":[{"href":"https:\/\/www.mirsa.es\/ca\/wp-json\/wp\/v2\/media?parent=47352"}],"curies":[{"name":"wp","href":"https:\/\/api.w.org\/{rel}","templated":true}]}}