{"id":47346,"date":"2016-07-29T18:14:40","date_gmt":"2016-07-29T16:14:40","guid":{"rendered":"http:\/\/www.mirsa.es.mialias.net\/colecciones-maxalto\/"},"modified":"2024-05-18T10:31:22","modified_gmt":"2024-05-18T10:31:22","slug":"colecciones-maxalto","status":"publish","type":"page","link":"https:\/\/www.mirsa.es\/ca\/colecciones-maxalto\/","title":{"rendered":"Col\u00b7leccions Maxalto"},"content":{"rendered":"<div class=\"wpb-content-wrapper\"><p>[vc_row css=&#8221;.vc_custom_1583596731269{margin-left: -50px !important;}&#8221;][vc_column][vc_column_text]<a style=\"color:black;\" href=\"javascript:history.go(-1)\" onmouseover=\"self.status=document.referrer;return true\">Enrere<\/a>[\/vc_column_text][\/vc_column][\/vc_row][vc_row][vc_column][vc_column_text]<\/p>\n<h5><img decoding=\"async\" class=\"wp-image-1077 size-large aligncenter\" title=\"Col\u00b7leccions Maxalto\" src=\"\/wp-content\/uploads\/2020\/09\/maxalto_portada.jpg\" alt=\"Col\u00b7leccions Maxalto\" width=\"100%\" height=\"400\" \/><\/h5>\n<p style=\"font-size: 16px; text-align: left;\"><strong>Les col\u00b7leccions de mobles i sof\u00e0s Maxalto estan \u00edntegrament coordinades pel prestigi\u00f3s dissenyador itali\u00e0 Antonio Citterio.<\/strong><\/p>\n<p style=\"font-size: 16px; text-align: left;\">La paraula Maxalto prov\u00e9 del Veneto, un dialecte parlat per milers de persones al nord d\u2019It\u00e0lia i que t\u00e9 el seu origen a la frase \u201cMassa Alto\u201d (El m\u00e1s alto).<\/p>\n<p style=\"font-size: 16px; text-align: left;\">Els seus exclusius productes es caracteritzen per combinar a la perfecci\u00f3 innovaci\u00f3 i artesania, concebint espectaculars col\u00b7leccions d\u2019estil contemporani d\u2019inspiraci\u00f3 cl\u00e0ssica.<\/p>\n<p style=\"font-size: 16px; text-align: left;\">Des dels seus inicis, la firma Maxalto forma part del grup B&#038;B Italia, oferint mobiliari amb una est\u00e8tica m\u00e9s s\u00f2bria i sofisticada, i sota el segell inconfusible del disseny d\u2019Antonio Citterio.<\/p>\n<p style=\"font-size: 16px; text-align: left;\">A MIRSA interiorisme &#038; mobiliari som distribu\u00efdors oficials Maxalto. Per a m\u00e9s informaci\u00f3, visiti el nostre Showroom o contacti amb nosaltres.<\/p>\n<p>[\/vc_column_text][\/vc_column][\/vc_row][vc_section][vc_row full_width=&#8221;stretch_row_content_no_spaces&#8221;][vc_column][vc_column_text]<iframe id=\"embedded-ads-iframe-website\" width=\"100%\" height=\"600\" data-originsrc=\"https:\/\/mirsa.daloom.com\/es\/productos\/mobiliario\/brand_maxalto\"><\/iframe><br \/>\n<script defer src=\"https:\/\/mirsa.daloom.com\/js\/parent-embedded-script.min.js\"><\/script>[\/vc_column_text][\/vc_column][\/vc_row][\/vc_section]<\/p>\n<\/div>","protected":false},"excerpt":{"rendered":"<p>[vc_row css=&#8221;.vc_custom_1583596731269{margin-left: -50px !important;}&#8221;][vc_column][vc_column_text]Enrere[\/vc_column_text][\/vc_column][\/vc_row][vc_row][vc_column][vc_column_text] Les col\u00b7leccions de mobles i sof\u00e0s Maxalto estan \u00edntegrament coordinades pel prestigi\u00f3s dissenyador itali\u00e0 Antonio Citterio. La paraula Maxalto prov\u00e9 del Veneto, un dialecte parlat per milers de persones al nord d\u2019It\u00e0lia i que t\u00e9 el seu origen a la frase \u201cMassa Alto\u201d (El m\u00e1s alto). Els seus exclusius productes es [&hellip;]<\/p>\n","protected":false},"author":1,"featured_media":0,"parent":0,"menu_order":0,"comment_status":"closed","ping_status":"closed","template":"","meta":{"footnotes":""},"class_list":["post-47346","page","type-page","status-publish","hentry"],"aioseo_notices":[],"_links":{"self":[{"href":"https:\/\/www.mirsa.es\/ca\/wp-json\/wp\/v2\/pages\/47346","targetHints":{"allow":["GET"]}}],"collection":[{"href":"https:\/\/www.mirsa.es\/ca\/wp-json\/wp\/v2\/pages"}],"about":[{"href":"https:\/\/www.mirsa.es\/ca\/wp-json\/wp\/v2\/types\/page"}],"author":[{"embeddable":true,"href":"https:\/\/www.mirsa.es\/ca\/wp-json\/wp\/v2\/users\/1"}],"replies":[{"embeddable":true,"href":"https:\/\/www.mirsa.es\/ca\/wp-json\/wp\/v2\/comments?post=47346"}],"version-history":[{"count":0,"href":"https:\/\/www.mirsa.es\/ca\/wp-json\/wp\/v2\/pages\/47346\/revisions"}],"wp:attachment":[{"href":"https:\/\/www.mirsa.es\/ca\/wp-json\/wp\/v2\/media?parent=47346"}],"curies":[{"name":"wp","href":"https:\/\/api.w.org\/{rel}","templated":true}]}}