{"id":47340,"date":"2016-07-22T18:54:58","date_gmt":"2016-07-22T16:54:58","guid":{"rendered":"http:\/\/www.mirsa.es.mialias.net\/colecciones-ligne-roset\/"},"modified":"2024-05-17T16:23:34","modified_gmt":"2024-05-17T16:23:34","slug":"colecciones-ligne-roset","status":"publish","type":"page","link":"https:\/\/www.mirsa.es\/ca\/colecciones-ligne-roset\/","title":{"rendered":"Col\u00b7leccions Ligne Roset"},"content":{"rendered":"<div class=\"wpb-content-wrapper\"><p>[vc_row css=&#8221;.vc_custom_1583596731269{margin-left: -50px !important;}&#8221;][vc_column][vc_column_text]<a style=\"color:black;\" href=\"javascript:history.go(-1)\" onmouseover=\"self.status=document.referrer;return true\">Enrere<\/a>[\/vc_column_text][\/vc_column][\/vc_row][vc_row][vc_column][vc_column_text]<br \/>\n<img decoding=\"async\" class=\"wp-image-1077 size-large aligncenter\" title=\"Ligne Roset Muebles\" src=\"\/wp-content\/uploads\/2020\/06\/ligne_roset_muebles.jpg\" alt=\"Ligne Roset Muebles\" width=\"100%\" height=\"400\" \/><\/p>\n<h2 style=\"font-size: 16px; text-align: left;\"><strong>Ligne Roset \u00e9s una prestigiosa marca Francesa de mobiliari de disseny fundada al 1860.<\/strong><\/h2>\n<p style=\"font-size: 16px; text-align: left;\">Reconeguts dissenyadors com Peter Maly, Pascal Morgue o Didier G\u00f3mez han col\u00b7laborat amb la firma, duent a terme algunes de les seves col\u00b7leccions m\u00e9s famoses.<\/p>\n<p style=\"font-size: 16px; text-align: left;\">Els seus productes destaquen per la elegancia i la creativitat, els principals valors de la firma. A MIRSA interiorisme &#038; mobiliari som distribu\u00efdors oficials de mobles Ligne Roset. Per a m\u00e9s informaci\u00f3, visiti el nostre Showroom o contacti amb nosaltres.<\/p>\n<p>[\/vc_column_text][\/vc_column][\/vc_row][vc_section][vc_row full_width=&#8221;stretch_row_content_no_spaces&#8221;][vc_column][vc_column_text]<iframe id=\"embedded-ads-iframe-website\" width=\"100%\" height=\"600\" data-originsrc=\"https:\/\/mirsa.daloom.com\/es\/productos\/productos\/mobiliario\/brand_ligne-roset\"><\/iframe><br \/>\n<script defer src=\"https:\/\/mirsa.daloom.com\/js\/parent-embedded-script.min.js\"><\/script>[\/vc_column_text][\/vc_column][\/vc_row][\/vc_section]<\/p>\n<\/div>","protected":false},"excerpt":{"rendered":"<p>[vc_row css=&#8221;.vc_custom_1583596731269{margin-left: -50px !important;}&#8221;][vc_column][vc_column_text]Enrere[\/vc_column_text][\/vc_column][\/vc_row][vc_row][vc_column][vc_column_text] Ligne Roset \u00e9s una prestigiosa marca Francesa de mobiliari de disseny fundada al 1860. Reconeguts dissenyadors com Peter Maly, Pascal Morgue o Didier G\u00f3mez han col\u00b7laborat amb la firma, duent a terme algunes de les seves col\u00b7leccions m\u00e9s famoses. Els seus productes destaquen per la elegancia i la creativitat, els principals [&hellip;]<\/p>\n","protected":false},"author":1,"featured_media":0,"parent":0,"menu_order":0,"comment_status":"closed","ping_status":"closed","template":"","meta":{"footnotes":""},"class_list":["post-47340","page","type-page","status-publish","hentry"],"aioseo_notices":[],"_links":{"self":[{"href":"https:\/\/www.mirsa.es\/ca\/wp-json\/wp\/v2\/pages\/47340","targetHints":{"allow":["GET"]}}],"collection":[{"href":"https:\/\/www.mirsa.es\/ca\/wp-json\/wp\/v2\/pages"}],"about":[{"href":"https:\/\/www.mirsa.es\/ca\/wp-json\/wp\/v2\/types\/page"}],"author":[{"embeddable":true,"href":"https:\/\/www.mirsa.es\/ca\/wp-json\/wp\/v2\/users\/1"}],"replies":[{"embeddable":true,"href":"https:\/\/www.mirsa.es\/ca\/wp-json\/wp\/v2\/comments?post=47340"}],"version-history":[{"count":0,"href":"https:\/\/www.mirsa.es\/ca\/wp-json\/wp\/v2\/pages\/47340\/revisions"}],"wp:attachment":[{"href":"https:\/\/www.mirsa.es\/ca\/wp-json\/wp\/v2\/media?parent=47340"}],"curies":[{"name":"wp","href":"https:\/\/api.w.org\/{rel}","templated":true}]}}