{"id":47329,"date":"2016-07-16T17:42:01","date_gmt":"2016-07-16T15:42:01","guid":{"rendered":"http:\/\/www.mirsa.es.mialias.net\/colecciones-gandia-blasco\/"},"modified":"2024-05-17T11:25:30","modified_gmt":"2024-05-17T11:25:30","slug":"colecciones-gandia-blasco","status":"publish","type":"page","link":"https:\/\/www.mirsa.es\/ca\/colecciones-gandia-blasco\/","title":{"rendered":"Col\u00b7leccions Gandia Blasco"},"content":{"rendered":"<div class=\"wpb-content-wrapper\"><p>[vc_row css=&#8221;.vc_custom_1583596731269{margin-left: -50px !important;}&#8221;][vc_column][vc_column_text]<a style=\"color:black;\" href=\"javascript:history.go(-1)\" onmouseover=\"self.status=document.referrer;return true\">Enrere<\/a>[\/vc_column_text][\/vc_column][\/vc_row][vc_row][vc_column][vc_column_text]<br \/>\n<img decoding=\"async\" class=\"wp-image-1077 size-large aligncenter\" title=\"Col\u00b7leccions Gandia Blasco\" src=\"\/wp-content\/uploads\/2020\/06\/sofa_flat_gandiablasco.jpg\" alt=\"Col\u00b7leccions Gandia Blasco\" width=\"100%\" height=\"400\" \/><\/p>\n<h2 style=\"font-size: 16px; text-align: left;\"><strong>Gandiablasco \u00e9s una exclusiva firma de mobiliari outdoor de prestigi internacional que es caracteritza pels seus dissenys contemporanis i d\u2019inspiraci\u00f3 mediterr\u00e0nia.<\/strong><\/h2>\n<p style=\"font-size: 16px; text-align: left;\">Les col\u00b7leccions de la marca destaquen per la seva est\u00e8tica depurada i pels seus volums minimalistes d\u2019inspiraci\u00f3 arquitect\u00f2nica. Les estructures en alumini en combinaci\u00f3 amb el poliuret\u00e0 i m\u00e9s recentment amb la teca, formen part del segell d\u2019identitat GandiaBlasco.<\/p>\n<p style=\"font-size: 16px; text-align: left;\">La marca s\u2019inspira en l\u2019ess\u00e8ncia del clima mediterrani pel disseny de tots els seus productes. La lluminositat, la natura, el blau del mar\u2026 s\u00f3n elements que sempre estan presents d\u2019una manera o una altra en les col\u00b7leccions de la firma.<\/p>\n<p style=\"font-size: 16px; text-align: left;\">La qualitat dels productes Gandiablasco aix\u00ed com la seva est\u00e8tica minimalista i atemporal, han convertit a la marca en un referent del mobiliari outdoor a nivel mundial, exportant els seus productes als 5 continents.<\/p>\n<p style=\"font-size: 16px; text-align: left;\">El Comprom\u00eds amb el medi ambient i el desenvolupament sostenible sempre ha format part de la filosofia de la marca. Per a la fabricaci\u00f3 de tots els seus productes es fan servir materials d\u2019alta qualitat, que garanteixen la m\u00e0xima durabilitat i que siguin 100% reciclables.<\/p>\n<p style=\"font-size: 16px; text-align: left;\">A MIRSA interiorisme &#038; mobiliari som distribu\u00efdors oficials Gandiablasco. Per a m\u00e9s informaci\u00f3, visiti el nostre Showroom o contacti amb nosaltres.<\/p>\n<p>[\/vc_column_text][\/vc_column][\/vc_row][vc_section][vc_row full_width=&#8221;stretch_row_content_no_spaces&#8221;][vc_column][vc_column_text]<iframe id=\"embedded-ads-iframe-website\" width=\"100%\" height=\"600\" data-originsrc=\"https:\/\/mirsa.daloom.com\/es\/productos\/mobiliario\/brand_gandiablasco\"><\/iframe><br \/>\n<script defer src=\"https:\/\/mirsa.daloom.com\/js\/parent-embedded-script.min.js\"><\/script>[\/vc_column_text][\/vc_column][\/vc_row][\/vc_section]<\/p>\n<\/div>","protected":false},"excerpt":{"rendered":"<p>[vc_row css=&#8221;.vc_custom_1583596731269{margin-left: -50px !important;}&#8221;][vc_column][vc_column_text]Enrere[\/vc_column_text][\/vc_column][\/vc_row][vc_row][vc_column][vc_column_text] Gandiablasco \u00e9s una exclusiva firma de mobiliari outdoor de prestigi internacional que es caracteritza pels seus dissenys contemporanis i d\u2019inspiraci\u00f3 mediterr\u00e0nia. Les col\u00b7leccions de la marca destaquen per la seva est\u00e8tica depurada i pels seus volums minimalistes d\u2019inspiraci\u00f3 arquitect\u00f2nica. Les estructures en alumini en combinaci\u00f3 amb el poliuret\u00e0 i m\u00e9s recentment [&hellip;]<\/p>\n","protected":false},"author":1,"featured_media":0,"parent":0,"menu_order":0,"comment_status":"closed","ping_status":"closed","template":"","meta":{"footnotes":""},"class_list":["post-47329","page","type-page","status-publish","hentry"],"aioseo_notices":[],"_links":{"self":[{"href":"https:\/\/www.mirsa.es\/ca\/wp-json\/wp\/v2\/pages\/47329","targetHints":{"allow":["GET"]}}],"collection":[{"href":"https:\/\/www.mirsa.es\/ca\/wp-json\/wp\/v2\/pages"}],"about":[{"href":"https:\/\/www.mirsa.es\/ca\/wp-json\/wp\/v2\/types\/page"}],"author":[{"embeddable":true,"href":"https:\/\/www.mirsa.es\/ca\/wp-json\/wp\/v2\/users\/1"}],"replies":[{"embeddable":true,"href":"https:\/\/www.mirsa.es\/ca\/wp-json\/wp\/v2\/comments?post=47329"}],"version-history":[{"count":0,"href":"https:\/\/www.mirsa.es\/ca\/wp-json\/wp\/v2\/pages\/47329\/revisions"}],"wp:attachment":[{"href":"https:\/\/www.mirsa.es\/ca\/wp-json\/wp\/v2\/media?parent=47329"}],"curies":[{"name":"wp","href":"https:\/\/api.w.org\/{rel}","templated":true}]}}