{"id":47176,"date":"2020-09-16T07:22:49","date_gmt":"2020-09-16T07:22:49","guid":{"rendered":"http:\/\/www.mirsa.es.mialias.net\/colaboracion-con-la-obra-social-del-hospital-sant-joan-de-deu\/"},"modified":"2020-12-04T10:39:55","modified_gmt":"2020-12-04T10:39:55","slug":"colaboracion-con-la-obra-social-del-hospital-sant-joan-de-deu","status":"publish","type":"page","link":"https:\/\/www.mirsa.es\/ca\/colaboracion-con-la-obra-social-del-hospital-sant-joan-de-deu\/","title":{"rendered":"Col\u00b7laboraci\u00f3 amb l&#8217; Obra Social de l&#8217;hospital Sant Joan de D\u00e9u."},"content":{"rendered":"<div class=\"wpb-content-wrapper\"><p>[vc_row][vc_column][vc_column_text]<\/p>\n<h5><img decoding=\"async\" class=\"wp-image-1077 size-large aligncenter\" title=\"Colaboraci\u00f3n Obra Social Sant Joan de D\u00e9u\" src=\"\/wp-content\/uploads\/2020\/09\/logo_solidaritat_portada.jpg\" alt=\"Colaboraci\u00f3n Obra Social Sant Joan de D\u00e9u\" width=\"100%\" height=\"400\" \/><\/h5>\n<p style=\"font-size: 16px; text-align: left;\"><strong>A MIRSA interiorisme &#038; mobiliari estem plenament sensibilitzats amb els col\u00b7lectius m\u00e9s vulnerables de la societat i volem aportar el nostre petit gra de sorra per a contribuir a millorar la seva qualitat de vida.<\/strong><\/p>\n<p style=\"font-size: 16px; text-align: left;\">Col\u00b7laborem amb l\u2019Obra Social de Sant Joan de D\u00e9u, una organitzaci\u00f3 sense \u00e0nim de lucre que treballa per a millorar les vides dels col\u00b7lectius m\u00e9s desafavorits.<\/p>\n<p style=\"font-size: 16px; text-align: left;\">L\u2019ordre hospital\u00e0ria de Sant Joan de D\u00e9u compta amb m\u00e9s de 500 anys d\u2019hist\u00f2ria i \u00e9s una de les majors organitzacions de cooperaci\u00f3 a escala mundial.<\/p>\n<p style=\"font-size: 16px; text-align: left;\">Amb els ingressos recaptats, l\u2019organitzaci\u00f3 s\u2019encarrega de:<\/p>\n<p style=\"font-size: 16px; text-align: left;\">\u2022 Millorar la vida de les persones sense llar i amb risc d\u2019exclusi\u00f3 social.<\/p>\n<p style=\"font-size: 16px; text-align: left;\">\u2022 Inserci\u00f3 laboral, horts terap\u00e8utics i activitats que fomenten la integraci\u00f3 social de persones amb trastorns mentals.<\/p>\n<p style=\"font-size: 16px; text-align: left;\">\u2022 Ter\u00e0pies amb animals, pisos d\u2019inserci\u00f3, vacances adaptades per a persones amb discapacitat o mobilitat redu\u00efda.<\/p>\n<p style=\"font-size: 16px; text-align: left;\">\u2022 Transport, menjar i ajudes socials per a infants hospitalitzats m\u00e9s necessitats.<\/p>\n<p style=\"font-size: 16px; text-align: left;\">\u2022 Ajudes a la depend\u00e8ncia<\/p>\n<p style=\"font-size: 16px; text-align: left;\">\u2022 Finan\u00e7ament de projectes d\u2019investigaci\u00f3 de malalties infantils i de salut mental<\/p>\n<p>[\/vc_column_text][\/vc_column][\/vc_row][vc_section][vc_row][vc_column width=&#8221;1\/2&#8243;]<div  class=\"wpb_content_element   clearfix\"><style type=\"text\/css\">#ut_am_6a092373bf0fe { opacity: 1; }#ut_am_wrap_6a092373bf0ff { text-align: left; }@media (min-width: 768px) and (max-width: 1024px) { #ut_am_wrap_6a092373bf0ff { text-align: left !important; } }@media (max-width: 767px) { #ut_am_wrap_6a092373bf0ff { text-align: center !important; } }<\/style><div id=\"ut_am_wrap_6a092373bf0ff\" class=\"ut-image-gallery-image \"><div id=\"ut_reveal_6a092373bf100\"  data-appear-top-offset=\"auto\" class=\"ut-animated-image-item ut-image-gallery-item ut-animation-done \"><a class=\"ut-deactivated-link\" href=\"#\"><div class=\"ut-animated-image-zoom\">\r\n        <div class=\"ut-element-glitch-wrap\">\r\n\r\n            \r\n        <style type=\"text\/css\">\r\n\r\n                        \r\n        @media (min-width: 1025px) {\r\n\r\n        #ut-element-glitch-6a092373bf122574725402-36553 .ut-glitch-single-element {\r\n                                            \r\n                }\r\n        }\r\n\r\n        @media (min-width: 768px) and (max-width: 1024px) {\r\n\r\n        #ut-element-glitch-6a092373bf122574725402-36553 .ut-glitch-single-element {\r\n                                                \r\n                    }\r\n        }\r\n\r\n        @media (max-width: 767px) {\r\n\r\n        #ut-element-glitch-6a092373bf122574725402-36553 .ut-glitch-single-element {\r\n                                                \r\n                    }\r\n        }\r\n\r\n        \r\n        <\/style>\r\n\r\n        \r\n            <div id=\"ut-element-glitch-6a092373bf122574725402-36553\" class=\" ut-element-glitch ut-glitch-none ut-element-glitch-permanent\">\r\n                <div class=\"ut-glitch-single-element ut-lozad skip-lazy\" data-background-image=\"https:\/\/www.mirsa.es\/wp-content\/uploads\/2020\/09\/solidaridad_infantil.jpg\"><\/div>\r\n                <div class=\"ut-glitch-single-element ut-lozad skip-lazy\" data-background-image=\"https:\/\/www.mirsa.es\/wp-content\/uploads\/2020\/09\/solidaridad_infantil.jpg\"><\/div>\r\n                <div class=\"ut-glitch-single-element ut-lozad skip-lazy\" data-background-image=\"https:\/\/www.mirsa.es\/wp-content\/uploads\/2020\/09\/solidaridad_infantil.jpg\"><\/div>\r\n                <div class=\"ut-glitch-single-element ut-lozad skip-lazy\" data-background-image=\"https:\/\/www.mirsa.es\/wp-content\/uploads\/2020\/09\/solidaridad_infantil.jpg\"><\/div>\r\n                <div class=\"ut-glitch-single-element ut-lozad skip-lazy\" data-background-image=\"https:\/\/www.mirsa.es\/wp-content\/uploads\/2020\/09\/solidaridad_infantil.jpg\"><\/div>\r\n            <\/div>\r\n\r\n        <\/div>\r\n\r\n        <img loading=\"lazy\" decoding=\"async\" class=\"ut-lazy skip-lazy ut-animated-image \"  id=\"ut_am_6a092373bf0fe\" src=\"data:image\/svg+xml;charset=utf-8,%3Csvg xmlns%3D'http%3A%2F%2Fwww.w3.org%2F2000%2Fsvg' viewBox%3D'0 0 580 386'%2F%3E\" data-src=\"https:\/\/www.mirsa.es\/wp-content\/uploads\/2020\/09\/solidaridad_infantil.jpg\" width=\"580\" height=\"386\" alt=\"\"\/><\/div><\/a><\/div><\/div><\/div>[\/vc_column][vc_column width=&#8221;1\/2&#8243;]<div  class=\"wpb_content_element   clearfix\"><style type=\"text\/css\">#ut_am_6a092373bf49b { opacity: 1; }#ut_am_wrap_6a092373bf49c { text-align: left; }@media (min-width: 768px) and (max-width: 1024px) { #ut_am_wrap_6a092373bf49c { text-align: left !important; } }@media (max-width: 767px) { #ut_am_wrap_6a092373bf49c { text-align: center !important; } }<\/style><div id=\"ut_am_wrap_6a092373bf49c\" class=\"ut-image-gallery-image \"><div id=\"ut_reveal_6a092373bf49d\"  data-appear-top-offset=\"auto\" class=\"ut-animated-image-item ut-image-gallery-item ut-animation-done \"><a class=\"ut-deactivated-link\" href=\"#\"><div class=\"ut-animated-image-zoom\">\r\n        <div class=\"ut-element-glitch-wrap\">\r\n\r\n            \r\n        <style type=\"text\/css\">\r\n\r\n                        \r\n        @media (min-width: 1025px) {\r\n\r\n        #ut-element-glitch-6a092373bf4b0743978675-36552 .ut-glitch-single-element {\r\n                                            \r\n                }\r\n        }\r\n\r\n        @media (min-width: 768px) and (max-width: 1024px) {\r\n\r\n        #ut-element-glitch-6a092373bf4b0743978675-36552 .ut-glitch-single-element {\r\n                                                \r\n                    }\r\n        }\r\n\r\n        @media (max-width: 767px) {\r\n\r\n        #ut-element-glitch-6a092373bf4b0743978675-36552 .ut-glitch-single-element {\r\n                                                \r\n                    }\r\n        }\r\n\r\n        \r\n        <\/style>\r\n\r\n        \r\n            <div id=\"ut-element-glitch-6a092373bf4b0743978675-36552\" class=\" ut-element-glitch ut-glitch-none ut-element-glitch-permanent\">\r\n                <div class=\"ut-glitch-single-element ut-lozad skip-lazy\" data-background-image=\"https:\/\/www.mirsa.es\/wp-content\/uploads\/2020\/09\/solidaritat_sant_joan-de-deu.jpg\"><\/div>\r\n                <div class=\"ut-glitch-single-element ut-lozad skip-lazy\" data-background-image=\"https:\/\/www.mirsa.es\/wp-content\/uploads\/2020\/09\/solidaritat_sant_joan-de-deu.jpg\"><\/div>\r\n                <div class=\"ut-glitch-single-element ut-lozad skip-lazy\" data-background-image=\"https:\/\/www.mirsa.es\/wp-content\/uploads\/2020\/09\/solidaritat_sant_joan-de-deu.jpg\"><\/div>\r\n                <div class=\"ut-glitch-single-element ut-lozad skip-lazy\" data-background-image=\"https:\/\/www.mirsa.es\/wp-content\/uploads\/2020\/09\/solidaritat_sant_joan-de-deu.jpg\"><\/div>\r\n                <div class=\"ut-glitch-single-element ut-lozad skip-lazy\" data-background-image=\"https:\/\/www.mirsa.es\/wp-content\/uploads\/2020\/09\/solidaritat_sant_joan-de-deu.jpg\"><\/div>\r\n            <\/div>\r\n\r\n        <\/div>\r\n\r\n        <img loading=\"lazy\" decoding=\"async\" class=\"ut-lazy skip-lazy ut-animated-image \"  id=\"ut_am_6a092373bf49b\" src=\"data:image\/svg+xml;charset=utf-8,%3Csvg xmlns%3D'http%3A%2F%2Fwww.w3.org%2F2000%2Fsvg' viewBox%3D'0 0 580 386'%2F%3E\" data-src=\"https:\/\/www.mirsa.es\/wp-content\/uploads\/2020\/09\/solidaritat_sant_joan-de-deu.jpg\" width=\"580\" height=\"386\" alt=\"\"\/><\/div><\/a><\/div><\/div><\/div>[\/vc_column][\/vc_row][vc_row][vc_column width=&#8221;1\/2&#8243;]<div  class=\"wpb_content_element   clearfix\"><style type=\"text\/css\">#ut_am_6a092373bf815 { opacity: 1; }#ut_am_wrap_6a092373bf816 { text-align: left; }@media (min-width: 768px) and (max-width: 1024px) { #ut_am_wrap_6a092373bf816 { text-align: left !important; } }@media (max-width: 767px) { #ut_am_wrap_6a092373bf816 { text-align: center !important; } }<\/style><div id=\"ut_am_wrap_6a092373bf816\" class=\"ut-image-gallery-image \"><div id=\"ut_reveal_6a092373bf817\"  data-appear-top-offset=\"auto\" class=\"ut-animated-image-item ut-image-gallery-item ut-animation-done \"><a class=\"ut-deactivated-link\" href=\"#\"><div class=\"ut-animated-image-zoom\">\r\n        <div class=\"ut-element-glitch-wrap\">\r\n\r\n            \r\n        <style type=\"text\/css\">\r\n\r\n                        \r\n        @media (min-width: 1025px) {\r\n\r\n        #ut-element-glitch-6a092373bf82a431143443-36554 .ut-glitch-single-element {\r\n                                            \r\n                }\r\n        }\r\n\r\n        @media (min-width: 768px) and (max-width: 1024px) {\r\n\r\n        #ut-element-glitch-6a092373bf82a431143443-36554 .ut-glitch-single-element {\r\n                                                \r\n                    }\r\n        }\r\n\r\n        @media (max-width: 767px) {\r\n\r\n        #ut-element-glitch-6a092373bf82a431143443-36554 .ut-glitch-single-element {\r\n                                                \r\n                    }\r\n        }\r\n\r\n        \r\n        <\/style>\r\n\r\n        \r\n            <div id=\"ut-element-glitch-6a092373bf82a431143443-36554\" class=\" ut-element-glitch ut-glitch-none ut-element-glitch-permanent\">\r\n                <div class=\"ut-glitch-single-element ut-lozad skip-lazy\" data-background-image=\"https:\/\/www.mirsa.es\/wp-content\/uploads\/2020\/09\/solidaridad_dependencia.jpg\"><\/div>\r\n                <div class=\"ut-glitch-single-element ut-lozad skip-lazy\" data-background-image=\"https:\/\/www.mirsa.es\/wp-content\/uploads\/2020\/09\/solidaridad_dependencia.jpg\"><\/div>\r\n                <div class=\"ut-glitch-single-element ut-lozad skip-lazy\" data-background-image=\"https:\/\/www.mirsa.es\/wp-content\/uploads\/2020\/09\/solidaridad_dependencia.jpg\"><\/div>\r\n                <div class=\"ut-glitch-single-element ut-lozad skip-lazy\" data-background-image=\"https:\/\/www.mirsa.es\/wp-content\/uploads\/2020\/09\/solidaridad_dependencia.jpg\"><\/div>\r\n                <div class=\"ut-glitch-single-element ut-lozad skip-lazy\" data-background-image=\"https:\/\/www.mirsa.es\/wp-content\/uploads\/2020\/09\/solidaridad_dependencia.jpg\"><\/div>\r\n            <\/div>\r\n\r\n        <\/div>\r\n\r\n        <img loading=\"lazy\" decoding=\"async\" class=\"ut-lazy skip-lazy ut-animated-image \"  id=\"ut_am_6a092373bf815\" src=\"data:image\/svg+xml;charset=utf-8,%3Csvg xmlns%3D'http%3A%2F%2Fwww.w3.org%2F2000%2Fsvg' viewBox%3D'0 0 580 386'%2F%3E\" data-src=\"https:\/\/www.mirsa.es\/wp-content\/uploads\/2020\/09\/solidaridad_dependencia.jpg\" width=\"580\" height=\"386\" alt=\"\"\/><\/div><\/a><\/div><\/div><\/div>[\/vc_column][vc_column width=&#8221;1\/2&#8243;]<div  class=\"wpb_content_element   clearfix\"><style type=\"text\/css\">#ut_am_6a092373bfb16 { opacity: 1; }#ut_am_wrap_6a092373bfb17 { text-align: left; }@media (min-width: 768px) and (max-width: 1024px) { #ut_am_wrap_6a092373bfb17 { text-align: left !important; } }@media (max-width: 767px) { #ut_am_wrap_6a092373bfb17 { text-align: center !important; } }<\/style><div id=\"ut_am_wrap_6a092373bfb17\" class=\"ut-image-gallery-image \"><div id=\"ut_reveal_6a092373bfb18\"  data-appear-top-offset=\"auto\" class=\"ut-animated-image-item ut-image-gallery-item ut-animation-done \"><a class=\"ut-deactivated-link\" href=\"#\"><div class=\"ut-animated-image-zoom\">\r\n        <div class=\"ut-element-glitch-wrap\">\r\n\r\n            \r\n        <style type=\"text\/css\">\r\n\r\n                        \r\n        @media (min-width: 1025px) {\r\n\r\n        #ut-element-glitch-6a092373bfb3f336941154-36555 .ut-glitch-single-element {\r\n                                            \r\n                }\r\n        }\r\n\r\n        @media (min-width: 768px) and (max-width: 1024px) {\r\n\r\n        #ut-element-glitch-6a092373bfb3f336941154-36555 .ut-glitch-single-element {\r\n                                                \r\n                    }\r\n        }\r\n\r\n        @media (max-width: 767px) {\r\n\r\n        #ut-element-glitch-6a092373bfb3f336941154-36555 .ut-glitch-single-element {\r\n                                                \r\n                    }\r\n        }\r\n\r\n        \r\n        <\/style>\r\n\r\n        \r\n            <div id=\"ut-element-glitch-6a092373bfb3f336941154-36555\" class=\" ut-element-glitch ut-glitch-none ut-element-glitch-permanent\">\r\n                <div class=\"ut-glitch-single-element ut-lozad skip-lazy\" data-background-image=\"https:\/\/www.mirsa.es\/wp-content\/uploads\/2020\/09\/solidaridad_investigacion.jpg\"><\/div>\r\n                <div class=\"ut-glitch-single-element ut-lozad skip-lazy\" data-background-image=\"https:\/\/www.mirsa.es\/wp-content\/uploads\/2020\/09\/solidaridad_investigacion.jpg\"><\/div>\r\n                <div class=\"ut-glitch-single-element ut-lozad skip-lazy\" data-background-image=\"https:\/\/www.mirsa.es\/wp-content\/uploads\/2020\/09\/solidaridad_investigacion.jpg\"><\/div>\r\n                <div class=\"ut-glitch-single-element ut-lozad skip-lazy\" data-background-image=\"https:\/\/www.mirsa.es\/wp-content\/uploads\/2020\/09\/solidaridad_investigacion.jpg\"><\/div>\r\n                <div class=\"ut-glitch-single-element ut-lozad skip-lazy\" data-background-image=\"https:\/\/www.mirsa.es\/wp-content\/uploads\/2020\/09\/solidaridad_investigacion.jpg\"><\/div>\r\n            <\/div>\r\n\r\n        <\/div>\r\n\r\n        <img loading=\"lazy\" decoding=\"async\" class=\"ut-lazy skip-lazy ut-animated-image \"  id=\"ut_am_6a092373bfb16\" src=\"data:image\/svg+xml;charset=utf-8,%3Csvg xmlns%3D'http%3A%2F%2Fwww.w3.org%2F2000%2Fsvg' viewBox%3D'0 0 580 386'%2F%3E\" data-src=\"https:\/\/www.mirsa.es\/wp-content\/uploads\/2020\/09\/solidaridad_investigacion.jpg\" width=\"580\" height=\"386\" alt=\"\"\/><\/div><\/a><\/div><\/div><\/div>[\/vc_column][\/vc_row][\/vc_section]<\/p>\n<\/div>","protected":false},"excerpt":{"rendered":"<p>[vc_row][vc_column][vc_column_text] A MIRSA interiorisme &#038; mobiliari estem plenament sensibilitzats amb els col\u00b7lectius m\u00e9s vulnerables de la societat i volem aportar el nostre petit gra de sorra per a contribuir a millorar la seva qualitat de vida. Col\u00b7laborem amb l\u2019Obra Social de Sant Joan de D\u00e9u, una organitzaci\u00f3 sense \u00e0nim de lucre que treballa per a [&hellip;]<\/p>\n","protected":false},"author":1,"featured_media":0,"parent":0,"menu_order":0,"comment_status":"closed","ping_status":"closed","template":"","meta":{"footnotes":""},"class_list":["post-47176","page","type-page","status-publish","hentry"],"aioseo_notices":[],"_links":{"self":[{"href":"https:\/\/www.mirsa.es\/ca\/wp-json\/wp\/v2\/pages\/47176","targetHints":{"allow":["GET"]}}],"collection":[{"href":"https:\/\/www.mirsa.es\/ca\/wp-json\/wp\/v2\/pages"}],"about":[{"href":"https:\/\/www.mirsa.es\/ca\/wp-json\/wp\/v2\/types\/page"}],"author":[{"embeddable":true,"href":"https:\/\/www.mirsa.es\/ca\/wp-json\/wp\/v2\/users\/1"}],"replies":[{"embeddable":true,"href":"https:\/\/www.mirsa.es\/ca\/wp-json\/wp\/v2\/comments?post=47176"}],"version-history":[{"count":0,"href":"https:\/\/www.mirsa.es\/ca\/wp-json\/wp\/v2\/pages\/47176\/revisions"}],"wp:attachment":[{"href":"https:\/\/www.mirsa.es\/ca\/wp-json\/wp\/v2\/media?parent=47176"}],"curies":[{"name":"wp","href":"https:\/\/api.w.org\/{rel}","templated":true}]}}