{"id":47164,"date":"2018-05-31T09:47:06","date_gmt":"2018-05-31T07:47:06","guid":{"rendered":"http:\/\/www.mirsa.es.mialias.net\/codis-banos-diseno\/"},"modified":"2024-05-15T13:33:41","modified_gmt":"2024-05-15T13:33:41","slug":"codis-banos-diseno","status":"publish","type":"page","link":"https:\/\/www.mirsa.es\/ca\/codis-banos-diseno\/","title":{"rendered":"Codis Banys de disseny"},"content":{"rendered":"<div class=\"wpb-content-wrapper\"><p>[vc_row css=&#8221;.vc_custom_1583596731269{margin-left: -50px !important;}&#8221;][vc_column][vc_column_text]<a href=\"javascript:history.go(-1)\" onmouseover=\"self.status=document.referrer;return true\" style=\"color: black;\">Enrere<\/a>[\/vc_column_text][\/vc_column][\/vc_row][vc_row][vc_column][vc_column_text]<br \/>\n<img decoding=\"async\" class=\"wp-image-1077 size-large aligncenter\" title=\"Codis banys de disseny\" src=\"\/wp-content\/uploads\/2020\/06\/codis_ba\u00f1os_diseno.jpg\" alt=\"Codis banys de disseny\" width=\"100%\" height=\"400\"\/><\/p>\n<h2 style=\"font-size: 16px; text-align: left;\"><strong>Codis \u00e9s una empresa dedicada a la fabricaci\u00f3 i distribuci\u00f3 de banys de disseny, nascuda l\u2019any 1987.<\/strong><\/h2>\n<p style=\"font-size: 16px; text-align: left;\">La firma aposta per una marcada diferenciaci\u00f3 del producte, gr\u00e0cies al disseny minimalista i contemporani de totes les seves col\u00b7leccions. El principal objectiu de Codis \u00e9s transformar les idees i il\u00b7lusions en realitat, oferint aix\u00ed solucions a mida per a qualsevol tipus de projecte.<\/p>\n<p style=\"font-size: 16px; text-align: left;\">A MIRSA interiorisme &#038; mobiliari disposem d\u2019una extensa col\u00b7lecci\u00f3 de productes Codis. Per a m\u00e9s informaci\u00f3, visiti el nostre Showroom o contacti amb nosaltres.<\/p>\n<p>[\/vc_column_text][\/vc_column][\/vc_row]<\/p>\n<\/div>","protected":false},"excerpt":{"rendered":"<p>[vc_row css=&#8221;.vc_custom_1583596731269{margin-left: -50px !important;}&#8221;][vc_column][vc_column_text]Enrere[\/vc_column_text][\/vc_column][\/vc_row][vc_row][vc_column][vc_column_text] Codis \u00e9s una empresa dedicada a la fabricaci\u00f3 i distribuci\u00f3 de banys de disseny, nascuda l\u2019any 1987. La firma aposta per una marcada diferenciaci\u00f3 del producte, gr\u00e0cies al disseny minimalista i contemporani de totes les seves col\u00b7leccions. El principal objectiu de Codis \u00e9s transformar les idees i il\u00b7lusions en realitat, oferint [&hellip;]<\/p>\n","protected":false},"author":1,"featured_media":0,"parent":0,"menu_order":0,"comment_status":"closed","ping_status":"closed","template":"","meta":{"footnotes":""},"class_list":["post-47164","page","type-page","status-publish","hentry"],"aioseo_notices":[],"_links":{"self":[{"href":"https:\/\/www.mirsa.es\/ca\/wp-json\/wp\/v2\/pages\/47164","targetHints":{"allow":["GET"]}}],"collection":[{"href":"https:\/\/www.mirsa.es\/ca\/wp-json\/wp\/v2\/pages"}],"about":[{"href":"https:\/\/www.mirsa.es\/ca\/wp-json\/wp\/v2\/types\/page"}],"author":[{"embeddable":true,"href":"https:\/\/www.mirsa.es\/ca\/wp-json\/wp\/v2\/users\/1"}],"replies":[{"embeddable":true,"href":"https:\/\/www.mirsa.es\/ca\/wp-json\/wp\/v2\/comments?post=47164"}],"version-history":[{"count":0,"href":"https:\/\/www.mirsa.es\/ca\/wp-json\/wp\/v2\/pages\/47164\/revisions"}],"wp:attachment":[{"href":"https:\/\/www.mirsa.es\/ca\/wp-json\/wp\/v2\/media?parent=47164"}],"curies":[{"name":"wp","href":"https:\/\/api.w.org\/{rel}","templated":true}]}}