{"id":47090,"date":"2019-06-22T11:20:49","date_gmt":"2019-06-22T09:20:49","guid":{"rendered":"http:\/\/www.mirsa.es.mialias.net\/cityloft-ligne-roset\/"},"modified":"2020-12-03T12:22:25","modified_gmt":"2020-12-03T12:22:25","slug":"cityloft-ligne-roset","status":"publish","type":"page","link":"https:\/\/www.mirsa.es\/ca\/cityloft-ligne-roset\/","title":{"rendered":"CityLoft Ligne Roset"},"content":{"rendered":"<div class=\"wpb-content-wrapper\"><p>[vc_row css=&#8221;.vc_custom_1583596731269{margin-left: -50px !important;}&#8221;][vc_column][vc_column_text]<a href=\"javascript:history.go(-1)\" onmouseover=\"self.status=document.referrer;return true\" style=\"color: black;\">Atr\u00e1s<\/a>[\/vc_column_text][\/vc_column][\/vc_row][vc_row][vc_column][vc_column_text]<\/p>\n<h5><img decoding=\"async\" class=\"wp-image-1077 size-large aligncenter\" title=\"City Loft - Ligne Roset\" src=\"\/wp-content\/uploads\/2020\/07\/cityloft_ligne_roset.jpg\" alt=\"City Loft - Ligne Roset\" width=\"100%\" height=\"400\" \/><\/h5>\n<p style=\"font-size: 16px; text-align: left;\"><strong>Cityloft \u00e9s una elegant i exclusiva butaca d\u2019estil contemporani patentada pel prestigi\u00f3s dissenyador franc\u00e8s Pascal Mourgue per a la firma Ligne Roset.<\/strong><\/p>\n<p style=\"font-size: 16px; text-align: left;\">Es tracta d\u2019una pe\u00e7a atemporal, que mant\u00e9 una l\u00ednia cl\u00e0ssica reinterpretada per a adaptar-se als nous temps. Cityloft presenta una estructura lleugera i ergon\u00f2mica, que garanteix la m\u00e0xima comoditat.<\/p>\n<p style=\"font-size: 16px; text-align: left;\">La butaca destaca per la seva estructura de potes altes i pels seus reposabra\u00e7os d\u2019alumini negre mate, que transmeten una est\u00e8tica atractiva i funcional.<\/p>\n<p style=\"font-size: 16px; text-align: left;\">A MIRSA interiorisme &#038; mobiliari som distribu\u00efdors oficials Ligne Roset. Per a m\u00e9s informaci\u00f3, visiti el nostre Showroom o contacti amb nosaltres.\n<\/p>\n<p>[\/vc_column_text][vc_row_inner][vc_column_inner]<style type=\"text\/css\">#bklyn_btn_69d24ec29f42b .bklyn-btn { color:#ffffff !important; background-color:black !important; }<\/style><div id=\"bklyn_btn_69d24ec29f42b\" class=\"bklyn-btn-holder  bklyn-btn-center bklyn-btn-tablet-center bklyn-btn-mobile-center\"><a title=\"Contacto\"   href=\"\/contacto\" target=\"_self\" class=\"bklyn-btn  bklyn-btn-icon-left bklyn-btn-normal\" ><i class=\"fa fa-envelope\"><\/i><span class=\"ut-btn-text\">M\u00e9s informaci\u00f3<\/span><\/a><\/div>[\/vc_column_inner][\/vc_row_inner][\/vc_column][\/vc_row]<\/p>\n<\/div>","protected":false},"excerpt":{"rendered":"<p>[vc_row css=&#8221;.vc_custom_1583596731269{margin-left: -50px !important;}&#8221;][vc_column][vc_column_text]Atr\u00e1s[\/vc_column_text][\/vc_column][\/vc_row][vc_row][vc_column][vc_column_text] Cityloft \u00e9s una elegant i exclusiva butaca d\u2019estil contemporani patentada pel prestigi\u00f3s dissenyador franc\u00e8s Pascal Mourgue per a la firma Ligne Roset. Es tracta d\u2019una pe\u00e7a atemporal, que mant\u00e9 una l\u00ednia cl\u00e0ssica reinterpretada per a adaptar-se als nous temps. Cityloft presenta una estructura lleugera i ergon\u00f2mica, que garanteix la m\u00e0xima comoditat. [&hellip;]<\/p>\n","protected":false},"author":1,"featured_media":0,"parent":0,"menu_order":0,"comment_status":"closed","ping_status":"closed","template":"","meta":{"footnotes":""},"class_list":["post-47090","page","type-page","status-publish","hentry"],"aioseo_notices":[],"_links":{"self":[{"href":"https:\/\/www.mirsa.es\/ca\/wp-json\/wp\/v2\/pages\/47090","targetHints":{"allow":["GET"]}}],"collection":[{"href":"https:\/\/www.mirsa.es\/ca\/wp-json\/wp\/v2\/pages"}],"about":[{"href":"https:\/\/www.mirsa.es\/ca\/wp-json\/wp\/v2\/types\/page"}],"author":[{"embeddable":true,"href":"https:\/\/www.mirsa.es\/ca\/wp-json\/wp\/v2\/users\/1"}],"replies":[{"embeddable":true,"href":"https:\/\/www.mirsa.es\/ca\/wp-json\/wp\/v2\/comments?post=47090"}],"version-history":[{"count":0,"href":"https:\/\/www.mirsa.es\/ca\/wp-json\/wp\/v2\/pages\/47090\/revisions"}],"wp:attachment":[{"href":"https:\/\/www.mirsa.es\/ca\/wp-json\/wp\/v2\/media?parent=47090"}],"curies":[{"name":"wp","href":"https:\/\/api.w.org\/{rel}","templated":true}]}}