{"id":47086,"date":"2018-05-30T18:55:04","date_gmt":"2018-05-30T16:55:04","guid":{"rendered":"http:\/\/www.mirsa.es.mialias.net\/citterio-spa-muebles\/"},"modified":"2024-05-15T13:14:57","modified_gmt":"2024-05-15T13:14:57","slug":"citterio-spa-muebles","status":"publish","type":"page","link":"https:\/\/www.mirsa.es\/ca\/citterio-spa-muebles\/","title":{"rendered":"Citterio Spa Mobles"},"content":{"rendered":"<div class=\"wpb-content-wrapper\"><p>[vc_row css=&#8221;.vc_custom_1583596731269{margin-left: -50px !important;}&#8221;][vc_column][vc_column_text]<a href=\"javascript:history.go(-1)\" onmouseover=\"self.status=document.referrer;return true\" style=\"color: black;\">Enrere<\/a>[\/vc_column_text][\/vc_column][\/vc_row][vc_row][vc_column][vc_column_text]<\/p>\n<h5><img decoding=\"async\" class=\"wp-image-1077 size-large aligncenter\" title=\"Citterio Spa Mobles\" src=\"\/wp-content\/uploads\/2020\/06\/citteri_spa_muebles.jpg\" alt=\"Citterio Spa Mobles\" width=\"100%\" height=\"400\" \/><\/h5>\n<p style=\"font-size: 16px; text-align: left;\"><strong>Citterio \u00e9s una reconeguda firma especialitzada en mobiliari contract fundada a principi dels anys 60 en la prov\u00edncia italiana de Lecco.<br \/>\n<\/strong><\/p>\n<p style=\"font-size: 16px; text-align: left;\">La firma ofereix una \u00e0mplia gamma de solucions per a oficines, hotels i espais p\u00fablics. Productes de gran qualitat desenvolupats per alguns dels dissenyadors m\u00e9s prestigiosos del moment, que destaquen per la seva eleg\u00e0ncia i versatilitat.<\/p>\n<p style=\"font-size: 16px; text-align: left;\">La marca es caracteritza per la seva gran capacitat per adaptar-se a les necessitats del client, oferint solucions espec\u00edfiques i personalitzades per a qualsevol projecte.<\/p>\n<p style=\"font-size: 16px; text-align: left;\">A MIRSA interiorisme &#038; mobiliari som distribu\u00efdors oficials Citterio. Per a m\u00e9s informaci\u00f3 visiti la nostra exposici\u00f3 o contacti amb nosaltres.<\/p>\n<p>[\/vc_column_text][\/vc_column][\/vc_row]<\/p>\n<\/div>","protected":false},"excerpt":{"rendered":"<p>[vc_row css=&#8221;.vc_custom_1583596731269{margin-left: -50px !important;}&#8221;][vc_column][vc_column_text]Enrere[\/vc_column_text][\/vc_column][\/vc_row][vc_row][vc_column][vc_column_text] Citterio \u00e9s una reconeguda firma especialitzada en mobiliari contract fundada a principi dels anys 60 en la prov\u00edncia italiana de Lecco. La firma ofereix una \u00e0mplia gamma de solucions per a oficines, hotels i espais p\u00fablics. Productes de gran qualitat desenvolupats per alguns dels dissenyadors m\u00e9s prestigiosos del moment, que destaquen [&hellip;]<\/p>\n","protected":false},"author":1,"featured_media":0,"parent":0,"menu_order":0,"comment_status":"closed","ping_status":"closed","template":"","meta":{"footnotes":""},"class_list":["post-47086","page","type-page","status-publish","hentry"],"aioseo_notices":[],"_links":{"self":[{"href":"https:\/\/www.mirsa.es\/ca\/wp-json\/wp\/v2\/pages\/47086","targetHints":{"allow":["GET"]}}],"collection":[{"href":"https:\/\/www.mirsa.es\/ca\/wp-json\/wp\/v2\/pages"}],"about":[{"href":"https:\/\/www.mirsa.es\/ca\/wp-json\/wp\/v2\/types\/page"}],"author":[{"embeddable":true,"href":"https:\/\/www.mirsa.es\/ca\/wp-json\/wp\/v2\/users\/1"}],"replies":[{"embeddable":true,"href":"https:\/\/www.mirsa.es\/ca\/wp-json\/wp\/v2\/comments?post=47086"}],"version-history":[{"count":0,"href":"https:\/\/www.mirsa.es\/ca\/wp-json\/wp\/v2\/pages\/47086\/revisions"}],"wp:attachment":[{"href":"https:\/\/www.mirsa.es\/ca\/wp-json\/wp\/v2\/media?parent=47086"}],"curies":[{"name":"wp","href":"https:\/\/api.w.org\/{rel}","templated":true}]}}