{"id":47079,"date":"2018-09-19T11:24:21","date_gmt":"2018-09-19T09:24:21","guid":{"rendered":"http:\/\/www.mirsa.es.mialias.net\/christophe-pillet-colecciones\/"},"modified":"2024-05-29T16:50:16","modified_gmt":"2024-05-29T16:50:16","slug":"christophe-pillet-colecciones","status":"publish","type":"page","link":"https:\/\/www.mirsa.es\/ca\/christophe-pillet-colecciones\/","title":{"rendered":"Christophe Pillet Col\u00b7leccions"},"content":{"rendered":"<div class=\"wpb-content-wrapper\"><p>[vc_section][vc_row full_width=&#8221;stretch_row_content&#8221;][vc_column][vc_column_text]<a style=\"color:black;\" href=\"javascript:history.go(-1)\" onmouseover=\"self.status=document.referrer;return true\">Enrere<\/a>[\/vc_column_text][\/vc_column][\/vc_row][vc_row full_width=&#8221;stretch_row_content&#8221; css=&#8221;.vc_custom_1589961005492{margin-top: -15px !important;}&#8221;][vc_column width=&#8221;1\/3&#8243;]<div  class=\"wpb_content_element   clearfix\"><style type=\"text\/css\">#ut_am_6a0923652827d { opacity: 1; }#ut_am_wrap_6a0923652827e { text-align: left; }@media (min-width: 768px) and (max-width: 1024px) { #ut_am_wrap_6a0923652827e { text-align: left !important; } }@media (max-width: 767px) { #ut_am_wrap_6a0923652827e { text-align: center !important; } }<\/style><div id=\"ut_am_wrap_6a0923652827e\" class=\"ut-image-gallery-image \"><div id=\"ut_reveal_6a0923652827f\"  data-appear-top-offset=\"auto\" class=\"ut-animated-image-item ut-image-gallery-item ut-animation-done \"><a class=\"ut-deactivated-link\" href=\"#\"><div class=\"ut-animated-image-zoom\">\r\n        <div class=\"ut-element-glitch-wrap\">\r\n\r\n            \r\n        <style type=\"text\/css\">\r\n\r\n                        \r\n        @media (min-width: 1025px) {\r\n\r\n        #ut-element-glitch-6a092365282a8912657916-30224 .ut-glitch-single-element {\r\n                                            \r\n                }\r\n        }\r\n\r\n        @media (min-width: 768px) and (max-width: 1024px) {\r\n\r\n        #ut-element-glitch-6a092365282a8912657916-30224 .ut-glitch-single-element {\r\n                                                \r\n                    }\r\n        }\r\n\r\n        @media (max-width: 767px) {\r\n\r\n        #ut-element-glitch-6a092365282a8912657916-30224 .ut-glitch-single-element {\r\n                                                \r\n                    }\r\n        }\r\n\r\n        \r\n        <\/style>\r\n\r\n        \r\n            <div id=\"ut-element-glitch-6a092365282a8912657916-30224\" class=\" ut-element-glitch ut-glitch-none ut-element-glitch-permanent\">\r\n                <div class=\"ut-glitch-single-element ut-lozad skip-lazy\" data-background-image=\"https:\/\/www.mirsa.es\/wp-content\/uploads\/2020\/05\/cristophe_pillet.jpg\"><\/div>\r\n                <div class=\"ut-glitch-single-element ut-lozad skip-lazy\" data-background-image=\"https:\/\/www.mirsa.es\/wp-content\/uploads\/2020\/05\/cristophe_pillet.jpg\"><\/div>\r\n                <div class=\"ut-glitch-single-element ut-lozad skip-lazy\" data-background-image=\"https:\/\/www.mirsa.es\/wp-content\/uploads\/2020\/05\/cristophe_pillet.jpg\"><\/div>\r\n                <div class=\"ut-glitch-single-element ut-lozad skip-lazy\" data-background-image=\"https:\/\/www.mirsa.es\/wp-content\/uploads\/2020\/05\/cristophe_pillet.jpg\"><\/div>\r\n                <div class=\"ut-glitch-single-element ut-lozad skip-lazy\" data-background-image=\"https:\/\/www.mirsa.es\/wp-content\/uploads\/2020\/05\/cristophe_pillet.jpg\"><\/div>\r\n            <\/div>\r\n\r\n        <\/div>\r\n\r\n        <img loading=\"lazy\" decoding=\"async\" class=\"ut-lazy skip-lazy ut-animated-image \"  id=\"ut_am_6a0923652827d\" src=\"data:image\/svg+xml;charset=utf-8,%3Csvg xmlns%3D'http%3A%2F%2Fwww.w3.org%2F2000%2Fsvg' viewBox%3D'0 0 600 600'%2F%3E\" data-src=\"https:\/\/www.mirsa.es\/wp-content\/uploads\/2020\/05\/cristophe_pillet.jpg\" width=\"600\" height=\"600\" alt=\"\"\/><\/div><\/a><\/div><\/div><\/div>[\/vc_column][vc_column width=&#8221;2\/3&#8243;][vc_column_text]Christophe Pillet \u00e9s un reconegut arquitecte i dissenyador franc\u00e8s que destaca pel seu talent i creativitat.<\/p>\n<p>Pillet es va graduar a la prestigiosa universitat Decorative Art School de Niza l&#8217;any 1985. Nom\u00e9s un any m\u00e9s tard, al 1988, va obtenir el Master de la Domu academy de Mil\u00e0.<\/p>\n<p>1988 marca un punt d&#8217;inflexi\u00f3 a la carrera professional de Pillet, al comen\u00e7ar a treballar amb Philippe Starck. Ambd\u00f3s dissenyadors presenten innovadors i creatius projectes amb una gran acollida entre el p\u00fablic, i es converteixen en veritables referents del disseny contemporani.<\/p>\n<p>El 1994, Christophe Pillet rep el premi a dissenyador de l&#8217;any, i comen\u00e7a a publicar articles sobre disseny I arquitectura en les revistes m\u00e9s prestigioses del m\u00f3n.<\/p>\n<p>La perfecta combinaci\u00f3 entre sensualitat i refinament fan de Pillet un dels dissenyadors francesos m\u00e9s internacional, ja que les seves obres han estat exposades en hotels i museus de jap\u00f3, EEUU i Europa.<\/p>\n<p>Pillet ha col\u00b7laborat amb algunes de les millors firmes de mobiliari com: Driade, Capellini, Emu i actualment dirigeix el seu propi estudi creatiu.<\/p>\n<p>A MIRSA interiorisme &amp; mobiliari disposem d&#8217;una \u00e0mplia selecci\u00f3 de col\u00b7leccions firmades per Christophe Pillet. Per a m\u00e9s informaci\u00f3, visiti el nostre Showroom o contacti amb nosaltres.[\/vc_column_text][\/vc_column][\/vc_row][vc_row full_width=&#8221;stretch_row_content_no_spaces&#8221; css=&#8221;.vc_custom_1589960397272{margin-top: -20px !important;}&#8221;][vc_column][vc_separator color=&#8221;custom&#8221; accent_color=&#8221;#c7c2ba&#8221;][\/vc_column][\/vc_row][vc_row full_width=&#8221;stretch_row_content&#8221; css=&#8221;.vc_custom_1589964968246{margin-top: -20px !important;}&#8221;][vc_column][vc_column_text]<iframe id=\"embedded-ads-iframe-website\" width=\"100%\" height=\"600\" data-originsrc=\"https:\/\/mirsa.daloom.com\/es\/productos\/disenadore_christophe-pillet\"><\/iframe><br \/>\n<script defer src=\"https:\/\/mirsa.daloom.com\/js\/parent-embedded-script.min.js\"><\/script>[\/vc_column_text][\/vc_column][\/vc_row][\/vc_section]<\/p>\n<\/div>","protected":false},"excerpt":{"rendered":"<p>[vc_section][vc_row full_width=&#8221;stretch_row_content&#8221;][vc_column][vc_column_text]Enrere[\/vc_column_text][\/vc_column][\/vc_row][vc_row full_width=&#8221;stretch_row_content&#8221; css=&#8221;.vc_custom_1589961005492{margin-top: -15px !important;}&#8221;][vc_column width=&#8221;1\/3&#8243;][\/vc_column][vc_column width=&#8221;2\/3&#8243;][vc_column_text]Christophe Pillet \u00e9s un reconegut arquitecte i dissenyador franc\u00e8s que destaca pel seu talent i creativitat. Pillet es va graduar a la prestigiosa universitat Decorative Art School de Niza l&#8217;any 1985. Nom\u00e9s un any m\u00e9s tard, al 1988, va obtenir el Master de la Domu academy de Mil\u00e0. [&hellip;]<\/p>\n","protected":false},"author":1,"featured_media":0,"parent":0,"menu_order":0,"comment_status":"closed","ping_status":"closed","template":"","meta":{"footnotes":""},"class_list":["post-47079","page","type-page","status-publish","hentry"],"aioseo_notices":[],"_links":{"self":[{"href":"https:\/\/www.mirsa.es\/ca\/wp-json\/wp\/v2\/pages\/47079","targetHints":{"allow":["GET"]}}],"collection":[{"href":"https:\/\/www.mirsa.es\/ca\/wp-json\/wp\/v2\/pages"}],"about":[{"href":"https:\/\/www.mirsa.es\/ca\/wp-json\/wp\/v2\/types\/page"}],"author":[{"embeddable":true,"href":"https:\/\/www.mirsa.es\/ca\/wp-json\/wp\/v2\/users\/1"}],"replies":[{"embeddable":true,"href":"https:\/\/www.mirsa.es\/ca\/wp-json\/wp\/v2\/comments?post=47079"}],"version-history":[{"count":0,"href":"https:\/\/www.mirsa.es\/ca\/wp-json\/wp\/v2\/pages\/47079\/revisions"}],"wp:attachment":[{"href":"https:\/\/www.mirsa.es\/ca\/wp-json\/wp\/v2\/media?parent=47079"}],"curies":[{"name":"wp","href":"https:\/\/api.w.org\/{rel}","templated":true}]}}