{"id":47060,"date":"2018-05-25T18:40:48","date_gmt":"2018-05-25T16:40:48","guid":{"rendered":"http:\/\/www.mirsa.es.mialias.net\/cesar-arredamenti-cocinas\/"},"modified":"2024-05-21T11:07:08","modified_gmt":"2024-05-21T11:07:08","slug":"cesar-arredamenti-cocinas","status":"publish","type":"page","link":"https:\/\/www.mirsa.es\/ca\/cesar-arredamenti-cocinas\/","title":{"rendered":"Cesar Arredamenti Cuines"},"content":{"rendered":"<div class=\"wpb-content-wrapper\"><p>[vc_row css=&#8221;.vc_custom_1583596731269{margin-left: -50px !important;}&#8221;][vc_column][vc_column_text]<a style=\"color:black;\" href=\"javascript:history.go(-1)\" onmouseover=\"self.status=document.referrer;return true\">Enrere<\/a>[\/vc_column_text][\/vc_column][\/vc_row][vc_row][vc_column][vc_column_text]<\/p>\n<h5><img decoding=\"async\" class=\"wp-image-1077 size-large aligncenter\" title=\"Cesar Arredamenti Cuines\" src=\"\/wp-content\/uploads\/2020\/06\/cesar_arredamenti_cocinas.jpg\" alt=\"Cesar Arredamenti Cuines\" width=\"100%\" height=\"400\" \/><\/h5>\n<p style=\"font-size: 16px; text-align: left;\"><strong>Cesar Arredamenti \u00e9s una reconeguda firma italiana dedicada a la producci\u00f3 i distribuci\u00f3 de mobiliari de cuina d\u2019alta gamma.<\/strong><\/p>\n<p style=\"font-size: 16px; text-align: left;\">Els productes de la marca es caracteritzen per les seves formes simplificades i essencials, que contribueixen a fomentar un ambient c\u00e0lid i familiar. La marca a m\u00e9s una gran quantitat d\u2019opcions de configuraci\u00f3, podent escollir entre infinitat de volums, colors i acabats.<\/p>\n<p style=\"font-size: 16px; text-align: left;\">A MIRSA interiorisme &#038; mobiliari som distribu\u00efdors oficials Cesar. Per a m\u00e9s informaci\u00f3, visiti la nostra exposici\u00f3 o contacti amb nosaltres. <\/p>\n<p>[\/vc_column_text][\/vc_column][\/vc_row]<\/p>\n<\/div>","protected":false},"excerpt":{"rendered":"<p>[vc_row css=&#8221;.vc_custom_1583596731269{margin-left: -50px !important;}&#8221;][vc_column][vc_column_text]Enrere[\/vc_column_text][\/vc_column][\/vc_row][vc_row][vc_column][vc_column_text] Cesar Arredamenti \u00e9s una reconeguda firma italiana dedicada a la producci\u00f3 i distribuci\u00f3 de mobiliari de cuina d\u2019alta gamma. Els productes de la marca es caracteritzen per les seves formes simplificades i essencials, que contribueixen a fomentar un ambient c\u00e0lid i familiar. La marca a m\u00e9s una gran quantitat d\u2019opcions de [&hellip;]<\/p>\n","protected":false},"author":1,"featured_media":0,"parent":0,"menu_order":0,"comment_status":"closed","ping_status":"closed","template":"","meta":{"footnotes":""},"class_list":["post-47060","page","type-page","status-publish","hentry"],"aioseo_notices":[],"_links":{"self":[{"href":"https:\/\/www.mirsa.es\/ca\/wp-json\/wp\/v2\/pages\/47060","targetHints":{"allow":["GET"]}}],"collection":[{"href":"https:\/\/www.mirsa.es\/ca\/wp-json\/wp\/v2\/pages"}],"about":[{"href":"https:\/\/www.mirsa.es\/ca\/wp-json\/wp\/v2\/types\/page"}],"author":[{"embeddable":true,"href":"https:\/\/www.mirsa.es\/ca\/wp-json\/wp\/v2\/users\/1"}],"replies":[{"embeddable":true,"href":"https:\/\/www.mirsa.es\/ca\/wp-json\/wp\/v2\/comments?post=47060"}],"version-history":[{"count":0,"href":"https:\/\/www.mirsa.es\/ca\/wp-json\/wp\/v2\/pages\/47060\/revisions"}],"wp:attachment":[{"href":"https:\/\/www.mirsa.es\/ca\/wp-json\/wp\/v2\/media?parent=47060"}],"curies":[{"name":"wp","href":"https:\/\/api.w.org\/{rel}","templated":true}]}}