{"id":47053,"date":"2018-03-02T20:05:17","date_gmt":"2018-03-02T19:05:17","guid":{"rendered":"http:\/\/www.mirsa.es.mialias.net\/ceccotti-muebles\/"},"modified":"2024-05-21T11:01:55","modified_gmt":"2024-05-21T11:01:55","slug":"ceccotti-muebles","status":"publish","type":"page","link":"https:\/\/www.mirsa.es\/ca\/ceccotti-muebles\/","title":{"rendered":"Ceccotti Mobles"},"content":{"rendered":"<div class=\"wpb-content-wrapper\"><p>[vc_row css=&#8221;.vc_custom_1583596731269{margin-left: -50px !important;}&#8221;][vc_column][vc_column_text]<a style=\"color:black;\" href=\"javascript:history.go(-1)\" onmouseover=\"self.status=document.referrer;return true\">Enrere<\/a>[\/vc_column_text][\/vc_column][\/vc_row][vc_row][vc_column][vc_column_text]<br \/>\n<img decoding=\"async\" class=\"wp-image-1077 size-large aligncenter\" title=\"Ceccotti Mobles\" src=\"\/wp-content\/uploads\/2020\/06\/muebles_ceccotti_portada.jpg\" alt=\"Ceccotti Mobles\" width=\"100%\" height=\"400\" \/><\/p>\n<h2 style=\"font-size: 16px; text-align: left;\"><strong>Ceccotti \u00e9s una prestigiosa firma de mobles italians fundada l\u2019any 1956, especialitzada en mobiliari de disseny per a la llar i per a projectes de contract.<\/strong><\/h2>\n<p style=\"font-size: 16px; text-align: left;\">Encara que en un primer moment la firma es va caracteritzar per presentar una \u00e0mplia gamma d\u2019elegants col\u00b7leccions per a la llar, posteriorment es va especialitzar tamb\u00e9 en la distribuci\u00f3 de mobiliari per a hotels.<\/p>\n<p style=\"font-size: 16px; text-align: left;\">La companyia ha treballat amb els millors grups hotelers del m\u00f3n com Trusthouse Forte de Londres, Sheraton i Ciga, convertint-se aix\u00ed en tota una refer\u00e8ncia del sector.<\/p>\n<p style=\"font-size: 16px; text-align: left;\">A MIRSA interiorisme &#038; mobiliari disposem d\u2019una extensa col\u00b7lecci\u00f3 de productes Ceccotti. Per a m\u00e9s informaci\u00f3, visiti el nostre Showroom o contacti amb nosaltres.<\/p>\n<p>[\/vc_column_text][\/vc_column][\/vc_row]<\/p>\n<\/div>","protected":false},"excerpt":{"rendered":"<p>[vc_row css=&#8221;.vc_custom_1583596731269{margin-left: -50px !important;}&#8221;][vc_column][vc_column_text]Enrere[\/vc_column_text][\/vc_column][\/vc_row][vc_row][vc_column][vc_column_text] Ceccotti \u00e9s una prestigiosa firma de mobles italians fundada l\u2019any 1956, especialitzada en mobiliari de disseny per a la llar i per a projectes de contract. Encara que en un primer moment la firma es va caracteritzar per presentar una \u00e0mplia gamma d\u2019elegants col\u00b7leccions per a la llar, posteriorment es va [&hellip;]<\/p>\n","protected":false},"author":1,"featured_media":0,"parent":0,"menu_order":0,"comment_status":"closed","ping_status":"closed","template":"","meta":{"footnotes":""},"class_list":["post-47053","page","type-page","status-publish","hentry"],"aioseo_notices":[],"_links":{"self":[{"href":"https:\/\/www.mirsa.es\/ca\/wp-json\/wp\/v2\/pages\/47053","targetHints":{"allow":["GET"]}}],"collection":[{"href":"https:\/\/www.mirsa.es\/ca\/wp-json\/wp\/v2\/pages"}],"about":[{"href":"https:\/\/www.mirsa.es\/ca\/wp-json\/wp\/v2\/types\/page"}],"author":[{"embeddable":true,"href":"https:\/\/www.mirsa.es\/ca\/wp-json\/wp\/v2\/users\/1"}],"replies":[{"embeddable":true,"href":"https:\/\/www.mirsa.es\/ca\/wp-json\/wp\/v2\/comments?post=47053"}],"version-history":[{"count":0,"href":"https:\/\/www.mirsa.es\/ca\/wp-json\/wp\/v2\/pages\/47053\/revisions"}],"wp:attachment":[{"href":"https:\/\/www.mirsa.es\/ca\/wp-json\/wp\/v2\/media?parent=47053"}],"curies":[{"name":"wp","href":"https:\/\/api.w.org\/{rel}","templated":true}]}}