{"id":47047,"date":"2018-05-30T13:09:47","date_gmt":"2018-05-30T11:09:47","guid":{"rendered":"http:\/\/www.mirsa.es.mialias.net\/cattelan-italia-colecciones\/"},"modified":"2024-05-15T10:38:10","modified_gmt":"2024-05-15T10:38:10","slug":"cattelan-italia-colecciones","status":"publish","type":"page","link":"https:\/\/www.mirsa.es\/ca\/cattelan-italia-colecciones\/","title":{"rendered":"Cattelan Italia Col\u00b7leccions"},"content":{"rendered":"<div class=\"wpb-content-wrapper\"><p>[vc_row css=&#8221;.vc_custom_1583596731269{margin-left: -50px !important;}&#8221;][vc_column][vc_column_text]<a style=\"color:black;\" href=\"javascript:history.go(-1)\" onmouseover=\"self.status=document.referrer;return true\">Enrere<\/a>[\/vc_column_text][\/vc_column][\/vc_row][vc_row][vc_column][vc_column_text]<br \/>\n<img decoding=\"async\" class=\"wp-image-1077 size-large aligncenter\" title=\"Cattelan Italia Mobiliario\" src=\"\/wp-content\/uploads\/2020\/06\/cattelan_italia_colecciones.jpg\" alt=\"Cattelan Italia Mobiliario\" width=\"100%\" height=\"400\" \/><\/p>\n<h2 style=\"font-size: 16px; text-align: left;\"><strong>Cattelan Italia \u00e9s una reconeguda firma de mobiliari dedicada a la fabricaci\u00f3 i distribuci\u00f3 de productes d\u2019alta gamma per a la llar.<\/strong><\/h2>\n<p style=\"font-size: 16px; text-align: left;\">Fundada al 1979 per Giorgio Cattelan, en pocs anys la marca s\u2019ha convertit en una refer\u00e8ncia al m\u00f3n del disseny i l\u2019interiorisme, exportant a tota Europa i Estats Units.<\/p>\n<p style=\"font-size: 16px; text-align: left;\">Les col\u00b7leccions de Cattelan Italia destaquen per la seva eleg\u00e0ncia i versatilitat, i s\u00f3n fruit del talent d\u2019alguns dels millors dissenyadors del moment. A MIRSA interiorisme &amp; mobiliari som distribu\u00efdors oficials Cattelan Italia. Per a m\u00e9s informaci\u00f3, visiti el nostre Showroom o contacti amb nosaltres.<\/p>\n<p style=\"font-size: 16px; text-align: left;\">En MIRSA interiorismo &amp; mobiliario somos distribuidores oficiales Cattellan Italia. Para m\u00e1s informaci\u00f3n visite nuestro Showroom o contacte con nosotros.<\/p>\n<p>[\/vc_column_text][\/vc_column][\/vc_row][vc_section][vc_row full_width=&#8221;stretch_row_content_no_spaces&#8221;][vc_column][vc_column_text]<iframe id=\"embedded-ads-iframe-website\" width=\"100%\" height=\"600\" data-originsrc=\"https:\/\/mirsa.daloom.com\/es\/productos\/productos\/mobiliario\/brand_cattelan-italia\"><\/iframe><br \/>\n<script defer src=\"https:\/\/mirsa.daloom.com\/js\/parent-embedded-script.min.js\"><\/script>[\/vc_column_text][\/vc_column][\/vc_row][\/vc_section]<\/p>\n<\/div>","protected":false},"excerpt":{"rendered":"<p>[vc_row css=&#8221;.vc_custom_1583596731269{margin-left: -50px !important;}&#8221;][vc_column][vc_column_text]Enrere[\/vc_column_text][\/vc_column][\/vc_row][vc_row][vc_column][vc_column_text] Cattelan Italia \u00e9s una reconeguda firma de mobiliari dedicada a la fabricaci\u00f3 i distribuci\u00f3 de productes d\u2019alta gamma per a la llar. Fundada al 1979 per Giorgio Cattelan, en pocs anys la marca s\u2019ha convertit en una refer\u00e8ncia al m\u00f3n del disseny i l\u2019interiorisme, exportant a tota Europa i Estats Units. [&hellip;]<\/p>\n","protected":false},"author":1,"featured_media":0,"parent":0,"menu_order":0,"comment_status":"closed","ping_status":"closed","template":"","meta":{"footnotes":""},"class_list":["post-47047","page","type-page","status-publish","hentry"],"aioseo_notices":[],"_links":{"self":[{"href":"https:\/\/www.mirsa.es\/ca\/wp-json\/wp\/v2\/pages\/47047","targetHints":{"allow":["GET"]}}],"collection":[{"href":"https:\/\/www.mirsa.es\/ca\/wp-json\/wp\/v2\/pages"}],"about":[{"href":"https:\/\/www.mirsa.es\/ca\/wp-json\/wp\/v2\/types\/page"}],"author":[{"embeddable":true,"href":"https:\/\/www.mirsa.es\/ca\/wp-json\/wp\/v2\/users\/1"}],"replies":[{"embeddable":true,"href":"https:\/\/www.mirsa.es\/ca\/wp-json\/wp\/v2\/comments?post=47047"}],"version-history":[{"count":0,"href":"https:\/\/www.mirsa.es\/ca\/wp-json\/wp\/v2\/pages\/47047\/revisions"}],"wp:attachment":[{"href":"https:\/\/www.mirsa.es\/ca\/wp-json\/wp\/v2\/media?parent=47047"}],"curies":[{"name":"wp","href":"https:\/\/api.w.org\/{rel}","templated":true}]}}