{"id":47038,"date":"2019-03-27T19:47:34","date_gmt":"2019-03-27T18:47:34","guid":{"rendered":"http:\/\/www.mirsa.es.mialias.net\/catilina-azucena\/"},"modified":"2020-12-02T18:17:42","modified_gmt":"2020-12-02T18:17:42","slug":"catilina-azucena","status":"publish","type":"page","link":"https:\/\/www.mirsa.es\/ca\/catilina-azucena\/","title":{"rendered":"Catilina Azucena"},"content":{"rendered":"<div class=\"wpb-content-wrapper\"><p>[vc_row][vc_column][vc_column_text]<\/p>\n<h5><img decoding=\"async\" class=\"wp-image-1077 size-large aligncenter\" title=\"Catilina Azucena\" src=\"\/wp-content\/uploads\/2020\/07\/catilina_azucena.jpg\" alt=\"Catilina Azucena\" width=\"100%\" height=\"400\" \/><\/h5>\n<p style=\"font-size: 16px; text-align: left;\"><strong>Catilina de la firma italiana Azucena \u00e9s una espectacular cadira d\u2019estil contemporani patentada pel prestigi\u00f3s dissenyador Luigi Caccia Dominioni al 1958.<\/strong><\/p>\n<p style=\"font-size: 16px; text-align: left;\">Es tracta d\u2019una pe\u00e7a sofisticada i elegant, que a trav\u00e9s de la seva peculiar estructura busca m\u00e9s la notorietat que el confort. Catilina est\u00e0 inspirada en els seients de senador de l\u2019antiga Roma.<\/p>\n<p style=\"font-size: 16px; text-align: left;\">Amb el pas dels anys la cadira s\u2019ha convertit en una veritable icona de l\u2019interiorisme. Al 2018, amb l\u2019adquisici\u00f3 d\u2019Azucena per part de B&#038;B Italia, la col\u00b7lecci\u00f3 va ser reeditada, adequant-la als temps actuals per\u00f2 mantenint la seva ess\u00e8ncia tradicional.<\/p>\n<p style=\"font-size: 16px; text-align: left;\">A MIRSA interiorisme &#038; mobiliari som distribu\u00efdors oficials Azucena. Per a m\u00e9s informaci\u00f3, visiti el nostre Showroom o contacti amb nosaltres.\n<\/p>\n<p>[\/vc_column_text][vc_row_inner][vc_column_inner]<style type=\"text\/css\">#bklyn_btn_69d1d25918dcd .bklyn-btn { color:#ffffff !important; background-color:black !important; }<\/style><div id=\"bklyn_btn_69d1d25918dcd\" class=\"bklyn-btn-holder  bklyn-btn-center bklyn-btn-tablet-center bklyn-btn-mobile-center\"><a title=\"Contacto\"   href=\"\/contacto\" target=\"_self\" class=\"bklyn-btn  bklyn-btn-icon-left bklyn-btn-normal\" ><i class=\"fa fa-envelope\"><\/i><span class=\"ut-btn-text\">M\u00e9s informaci\u00f3<\/span><\/a><\/div>[\/vc_column_inner][\/vc_row_inner][\/vc_column][\/vc_row]<\/p>\n<\/div>","protected":false},"excerpt":{"rendered":"<p>[vc_row][vc_column][vc_column_text] Catilina de la firma italiana Azucena \u00e9s una espectacular cadira d\u2019estil contemporani patentada pel prestigi\u00f3s dissenyador Luigi Caccia Dominioni al 1958. Es tracta d\u2019una pe\u00e7a sofisticada i elegant, que a trav\u00e9s de la seva peculiar estructura busca m\u00e9s la notorietat que el confort. Catilina est\u00e0 inspirada en els seients de senador de l\u2019antiga Roma. [&hellip;]<\/p>\n","protected":false},"author":1,"featured_media":0,"parent":0,"menu_order":0,"comment_status":"closed","ping_status":"closed","template":"","meta":{"footnotes":""},"class_list":["post-47038","page","type-page","status-publish","hentry"],"aioseo_notices":[],"_links":{"self":[{"href":"https:\/\/www.mirsa.es\/ca\/wp-json\/wp\/v2\/pages\/47038","targetHints":{"allow":["GET"]}}],"collection":[{"href":"https:\/\/www.mirsa.es\/ca\/wp-json\/wp\/v2\/pages"}],"about":[{"href":"https:\/\/www.mirsa.es\/ca\/wp-json\/wp\/v2\/types\/page"}],"author":[{"embeddable":true,"href":"https:\/\/www.mirsa.es\/ca\/wp-json\/wp\/v2\/users\/1"}],"replies":[{"embeddable":true,"href":"https:\/\/www.mirsa.es\/ca\/wp-json\/wp\/v2\/comments?post=47038"}],"version-history":[{"count":0,"href":"https:\/\/www.mirsa.es\/ca\/wp-json\/wp\/v2\/pages\/47038\/revisions"}],"wp:attachment":[{"href":"https:\/\/www.mirsa.es\/ca\/wp-json\/wp\/v2\/media?parent=47038"}],"curies":[{"name":"wp","href":"https:\/\/api.w.org\/{rel}","templated":true}]}}