{"id":47005,"date":"2018-05-25T17:23:28","date_gmt":"2018-05-25T15:23:28","guid":{"rendered":"http:\/\/www.mirsa.es.mialias.net\/carpyen-iluminacion\/"},"modified":"2024-05-15T09:51:08","modified_gmt":"2024-05-15T09:51:08","slug":"carpyen-iluminacion","status":"publish","type":"page","link":"https:\/\/www.mirsa.es\/ca\/carpyen-iluminacion\/","title":{"rendered":"Carpyen il\u00b7luminaci\u00f3"},"content":{"rendered":"<div class=\"wpb-content-wrapper\"><p>[vc_row css=&#8221;.vc_custom_1583596731269{margin-left: -50px !important;}&#8221;][vc_column][vc_column_text]<a href=\"javascript:history.go(-1)\" onmouseover=\"self.status=document.referrer;return true\" style=\"color: black;\">Enrere<\/a>[\/vc_column_text][\/vc_column][\/vc_row][vc_row][vc_column][vc_column_text]<\/p>\n<h5><img decoding=\"async\" class=\"wp-image-1077 size-large aligncenter\" title=\"Carpyen Il\u00b7luminaci\u00f3\" src=\"\/wp-content\/uploads\/2020\/06\/carpyen_iluminacion.jpg\" alt=\"Carpyen Il\u00b7luminaci\u00f3\" width=\"100%\" height=\"400\" \/><\/h5>\n<p style=\"font-size: 16px; text-align: left;\"><strong>Carpyen \u00e9s una prestigiosa firma dedicada a la fabricaci\u00f3 i distribuci\u00f3 d\u2019articles d\u2019il\u00b7luminaci\u00f3 d\u2019alta gamma.<\/strong><\/p>\n<p style=\"font-size: 16px; text-align: left;\">Nascuda a Barcelona al 1948, la firma ha fet dels seus productes un estil propi, garantint productes d\u2019una gran qualitat i d\u2019una incre\u00efble bellesa est\u00e8tica. Amb el pas dels anys la marca s\u2019ha convertit tamb\u00e9 en un referent internacional, arribant a exportar a m\u00e9s de 50 pa\u00efsos.<\/p>\n<p style=\"font-size: 16px; text-align: left;\">A MIRSA interiorisme &#038; mobiliari som distribu\u00efdors oficials Carpyan. Per a m\u00e9s informaci\u00f3, visiti la nostra exposici\u00f3 o contacti amb nosaltres.<\/p>\n<p>[\/vc_column_text][\/vc_column][\/vc_row]<\/p>\n<\/div>","protected":false},"excerpt":{"rendered":"<p>[vc_row css=&#8221;.vc_custom_1583596731269{margin-left: -50px !important;}&#8221;][vc_column][vc_column_text]Enrere[\/vc_column_text][\/vc_column][\/vc_row][vc_row][vc_column][vc_column_text] Carpyen \u00e9s una prestigiosa firma dedicada a la fabricaci\u00f3 i distribuci\u00f3 d\u2019articles d\u2019il\u00b7luminaci\u00f3 d\u2019alta gamma. Nascuda a Barcelona al 1948, la firma ha fet dels seus productes un estil propi, garantint productes d\u2019una gran qualitat i d\u2019una incre\u00efble bellesa est\u00e8tica. Amb el pas dels anys la marca s\u2019ha convertit tamb\u00e9 en [&hellip;]<\/p>\n","protected":false},"author":1,"featured_media":0,"parent":0,"menu_order":0,"comment_status":"closed","ping_status":"closed","template":"","meta":{"footnotes":""},"class_list":["post-47005","page","type-page","status-publish","hentry"],"aioseo_notices":[],"_links":{"self":[{"href":"https:\/\/www.mirsa.es\/ca\/wp-json\/wp\/v2\/pages\/47005","targetHints":{"allow":["GET"]}}],"collection":[{"href":"https:\/\/www.mirsa.es\/ca\/wp-json\/wp\/v2\/pages"}],"about":[{"href":"https:\/\/www.mirsa.es\/ca\/wp-json\/wp\/v2\/types\/page"}],"author":[{"embeddable":true,"href":"https:\/\/www.mirsa.es\/ca\/wp-json\/wp\/v2\/users\/1"}],"replies":[{"embeddable":true,"href":"https:\/\/www.mirsa.es\/ca\/wp-json\/wp\/v2\/comments?post=47005"}],"version-history":[{"count":0,"href":"https:\/\/www.mirsa.es\/ca\/wp-json\/wp\/v2\/pages\/47005\/revisions"}],"wp:attachment":[{"href":"https:\/\/www.mirsa.es\/ca\/wp-json\/wp\/v2\/media?parent=47005"}],"curies":[{"name":"wp","href":"https:\/\/api.w.org\/{rel}","templated":true}]}}