{"id":47001,"date":"2020-08-04T10:53:07","date_gmt":"2020-08-04T10:53:07","guid":{"rendered":"http:\/\/www.mirsa.es.mialias.net\/carnaby-cattelan-italia\/"},"modified":"2020-12-02T11:53:51","modified_gmt":"2020-12-02T11:53:51","slug":"carnaby-cattelan-italia","status":"publish","type":"page","link":"https:\/\/www.mirsa.es\/ca\/carnaby-cattelan-italia\/","title":{"rendered":"Carnaby Cattelan Italia"},"content":{"rendered":"<div class=\"wpb-content-wrapper\"><p>[vc_row css=&#8221;.vc_custom_1583596731269{margin-left: -50px !important;}&#8221;][vc_column][vc_column_text]<a href=\"javascript:history.go(-1)\" onmouseover=\"self.status=document.referrer;return true\" style=\"color: black;\">Atr\u00e1s<\/a>[\/vc_column_text][\/vc_column][\/vc_row][vc_row][vc_column][vc_column_text]<\/p>\n<h5><img decoding=\"async\" class=\"wp-image-1077 size-large aligncenter\" title=\"Carnaby Cattelan Italia\" src=\"\/wp-content\/uploads\/2020\/08\/carnaby_cattelan_italia.jpg\" alt=\"Carnaby Cattelan Italia\" width=\"100%\" height=\"400\" \/><\/h5>\n<p style=\"font-size: 16px; text-align: left;\"><strong>Carnaby de la prestigiosa firma Cattelan Italia, \u00e9s un elegant i exclusiu aparador d\u2019estil contemporani patentat pel reconegut estudi d\u2019interiorisme R. Industrial design.<\/strong><\/p>\n<p style=\"font-size: 16px; text-align: left;\">La pe\u00e7a est\u00e0 disponible en 2 o 3 portes de fusta lacada en diferents acabats: moka brillant, blanc brillant, blanc mate, graphite mate o titani.\n<\/p>\n<p style=\"font-size: 16px; text-align: left;\">Les potes d\u2019acer inoxidable estan disponibles en envernissats blanc o graphite mate. Els estants interiors es presenten en vidre transparent. Gr\u00e0cies a les m\u00faltiples opcions de configuraci\u00f3 i personalitzaci\u00f3 que ofereix, Carnaby s\u2019adapta amb facilitat a qualsevol mena d\u2019espai.<\/p>\n<p style=\"font-size: 16px; text-align: left;\">A MIRSA interiorisme &#038; mobiliari som distribu\u00efdors oficials Cattelan Italia. Per a m\u00e9s informaci\u00f3, visiti el nostre Showroom o contacti amb nosaltres.<\/p>\n<p>[\/vc_column_text][vc_row_inner][vc_column_inner]<style type=\"text\/css\">#bklyn_btn_69d1f0903a898 .bklyn-btn { color:#ffffff !important; background-color:black !important; }<\/style><div id=\"bklyn_btn_69d1f0903a898\" class=\"bklyn-btn-holder  bklyn-btn-center bklyn-btn-tablet-center bklyn-btn-mobile-center\"><a title=\"Contacto\"   href=\"\/contacto\" target=\"_self\" class=\"bklyn-btn  bklyn-btn-icon-left bklyn-btn-normal\" ><i class=\"fa fa-envelope\"><\/i><span class=\"ut-btn-text\">M\u00e9s informaci\u00f3<\/span><\/a><\/div>[\/vc_column_inner][\/vc_row_inner][\/vc_column][\/vc_row]<\/p>\n<\/div>","protected":false},"excerpt":{"rendered":"<p>[vc_row css=&#8221;.vc_custom_1583596731269{margin-left: -50px !important;}&#8221;][vc_column][vc_column_text]Atr\u00e1s[\/vc_column_text][\/vc_column][\/vc_row][vc_row][vc_column][vc_column_text] Carnaby de la prestigiosa firma Cattelan Italia, \u00e9s un elegant i exclusiu aparador d\u2019estil contemporani patentat pel reconegut estudi d\u2019interiorisme R. Industrial design. La pe\u00e7a est\u00e0 disponible en 2 o 3 portes de fusta lacada en diferents acabats: moka brillant, blanc brillant, blanc mate, graphite mate o titani. Les potes d\u2019acer [&hellip;]<\/p>\n","protected":false},"author":1,"featured_media":0,"parent":0,"menu_order":0,"comment_status":"closed","ping_status":"closed","template":"","meta":{"footnotes":""},"class_list":["post-47001","page","type-page","status-publish","hentry"],"aioseo_notices":[],"_links":{"self":[{"href":"https:\/\/www.mirsa.es\/ca\/wp-json\/wp\/v2\/pages\/47001","targetHints":{"allow":["GET"]}}],"collection":[{"href":"https:\/\/www.mirsa.es\/ca\/wp-json\/wp\/v2\/pages"}],"about":[{"href":"https:\/\/www.mirsa.es\/ca\/wp-json\/wp\/v2\/types\/page"}],"author":[{"embeddable":true,"href":"https:\/\/www.mirsa.es\/ca\/wp-json\/wp\/v2\/users\/1"}],"replies":[{"embeddable":true,"href":"https:\/\/www.mirsa.es\/ca\/wp-json\/wp\/v2\/comments?post=47001"}],"version-history":[{"count":0,"href":"https:\/\/www.mirsa.es\/ca\/wp-json\/wp\/v2\/pages\/47001\/revisions"}],"wp:attachment":[{"href":"https:\/\/www.mirsa.es\/ca\/wp-json\/wp\/v2\/media?parent=47001"}],"curies":[{"name":"wp","href":"https:\/\/api.w.org\/{rel}","templated":true}]}}