{"id":46994,"date":"2018-05-25T12:19:31","date_gmt":"2018-05-25T10:19:31","guid":{"rendered":"http:\/\/www.mirsa.es.mialias.net\/carl-hansen-muebles\/"},"modified":"2024-05-15T09:40:08","modified_gmt":"2024-05-15T09:40:08","slug":"carl-hansen-muebles","status":"publish","type":"page","link":"https:\/\/www.mirsa.es\/ca\/carl-hansen-muebles\/","title":{"rendered":"Carl Hansen Mobles"},"content":{"rendered":"<div class=\"wpb-content-wrapper\"><p>[vc_row css=&#8221;.vc_custom_1583596731269{margin-left: -50px !important;}&#8221;][vc_column][vc_column_text]<a style=\"color:black;\" href=\"javascript:history.go(-1)\" onmouseover=\"self.status=document.referrer;return true\">Enrere<\/a>[\/vc_column_text][\/vc_column][\/vc_row][vc_row][vc_column][vc_column_text]<\/p>\n<h5><img decoding=\"async\" class=\"wp-image-1077 size-large aligncenter\" title=\"Carl Hansen Muebles\" src=\"\/wp-content\/uploads\/2020\/06\/carl-hansen.jpg\" alt=\"Carl Hansen Muebles\" width=\"100%\" height=\"400\" \/><\/h5>\n<p style=\"font-size: 16px; text-align: left;\"><strong>Carl Hansen &amp; S\u00f8n \u00e9s actualment una refer\u00e8ncia internacional del disseny dan\u00e8s. La firma s\u2019ha consagrat al m\u00f3n del interiorisme gr\u00e0cies a la reinterpretaci\u00f3 de grans cl\u00e0ssics patentats pel m\u00edtic Hans J. Wegner.<\/strong><\/p>\n<p style=\"font-size: 16px; text-align: left;\">La marca destaca tamb\u00e9 per les reinterpretacions d\u2019algunes de les peces m\u00e9s influents del disseny dan\u00e8s de les \u00faltimes d\u00e8cades. A nivell internacional Carl Hansen col\u00b7labora amb alguns dels dissenyadors i arquitectes m\u00e9s prestigiosos del m\u00f3n com, per exemple, el japon\u00e8s Tadao Ando.<\/p>\n<p style=\"font-size: 16px; text-align: left;\">A MIRSA interiorisme &amp; mobiliari disposem d\u2019un extens cat\u00e0leg de productes Carl Hansen &amp; S\u00f8n. Per a m\u00e9s informaci\u00f3, visiti el nostre Showroom o contacti amb nosaltres.<\/p>\n<p>[\/vc_column_text][\/vc_column][\/vc_row][vc_section][vc_row full_width=&#8221;stretch_row_content_no_spaces&#8221;][vc_column][vc_column_text]<iframe id=\"embedded-ads-iframe-website\" width=\"100%\" height=\"600\" data-originsrc=\"https:\/\/mirsa.daloom.com\/es\/productos\/mobiliario\/brand_carl-hansen-s\u00f8n\"><\/iframe><br \/>\n<script defer src=\"https:\/\/mirsa.daloom.com\/js\/parent-embedded-script.min.js\"><\/script>[\/vc_column_text][\/vc_column][\/vc_row][\/vc_section]<\/p>\n<\/div>","protected":false},"excerpt":{"rendered":"<p>[vc_row css=&#8221;.vc_custom_1583596731269{margin-left: -50px !important;}&#8221;][vc_column][vc_column_text]Enrere[\/vc_column_text][\/vc_column][\/vc_row][vc_row][vc_column][vc_column_text] Carl Hansen &amp; S\u00f8n \u00e9s actualment una refer\u00e8ncia internacional del disseny dan\u00e8s. La firma s\u2019ha consagrat al m\u00f3n del interiorisme gr\u00e0cies a la reinterpretaci\u00f3 de grans cl\u00e0ssics patentats pel m\u00edtic Hans J. Wegner. La marca destaca tamb\u00e9 per les reinterpretacions d\u2019algunes de les peces m\u00e9s influents del disseny dan\u00e8s de les [&hellip;]<\/p>\n","protected":false},"author":1,"featured_media":0,"parent":0,"menu_order":0,"comment_status":"closed","ping_status":"closed","template":"","meta":{"footnotes":""},"class_list":["post-46994","page","type-page","status-publish","hentry"],"aioseo_notices":[],"_links":{"self":[{"href":"https:\/\/www.mirsa.es\/ca\/wp-json\/wp\/v2\/pages\/46994","targetHints":{"allow":["GET"]}}],"collection":[{"href":"https:\/\/www.mirsa.es\/ca\/wp-json\/wp\/v2\/pages"}],"about":[{"href":"https:\/\/www.mirsa.es\/ca\/wp-json\/wp\/v2\/types\/page"}],"author":[{"embeddable":true,"href":"https:\/\/www.mirsa.es\/ca\/wp-json\/wp\/v2\/users\/1"}],"replies":[{"embeddable":true,"href":"https:\/\/www.mirsa.es\/ca\/wp-json\/wp\/v2\/comments?post=46994"}],"version-history":[{"count":0,"href":"https:\/\/www.mirsa.es\/ca\/wp-json\/wp\/v2\/pages\/46994\/revisions"}],"wp:attachment":[{"href":"https:\/\/www.mirsa.es\/ca\/wp-json\/wp\/v2\/media?parent=46994"}],"curies":[{"name":"wp","href":"https:\/\/api.w.org\/{rel}","templated":true}]}}