{"id":46990,"date":"2020-07-17T15:26:20","date_gmt":"2020-07-17T15:26:20","guid":{"rendered":"http:\/\/www.mirsa.es.mialias.net\/mesa-carioca-cattelan-italia\/"},"modified":"2020-12-02T11:16:55","modified_gmt":"2020-12-02T11:16:55","slug":"mesa-carioca-cattelan-italia","status":"publish","type":"page","link":"https:\/\/www.mirsa.es\/ca\/mesa-carioca-cattelan-italia\/","title":{"rendered":"Carioca Cattelan Italia"},"content":{"rendered":"<div class=\"wpb-content-wrapper\"><p>[vc_row css=&#8221;.vc_custom_1583596731269{margin-left: -50px !important;}&#8221;][vc_column][vc_column_text]<a href=\"javascript:history.go(-1)\" onmouseover=\"self.status=document.referrer;return true\" style=\"color: black;\">Enrere<\/a>[\/vc_column_text][\/vc_column][\/vc_row][vc_row][vc_column][vc_column_text]<\/p>\n<h5><img decoding=\"async\" class=\"wp-image-1077 size-large aligncenter\" title=\"Carioca - Cattelan Italia\" src=\"\/wp-content\/uploads\/2020\/07\/mesa_carioca_cattelan_italia.jpg\" alt=\"Carioca cattelan Italia\" width=\"100%\" height=\"400\" \/><\/h5>\n<p style=\"font-size: 16px; text-align: left;\"><strong>Carioca de la prestigiosa firma Cattelan Italia \u00e9s una elegant i exclusiva taula de sal\u00f3 patentada pel prestigi\u00f3s dissenyador Andrea Lucatello.<\/strong><\/p>\n<p style=\"font-size: 16px; text-align: left;\">La pe\u00e7a destaca per la seva espectacular base en fusta de noguera canaleto, formada per tres estructures el\u00b7l\u00edptiques que s\u2019entrecreuen entre si. El sobre es presenta en platines de vidre transparent extraclar amb un gruix de 15\u202fmm.<\/p>\n<p style=\"font-size: 16px; text-align: left;\">A MIRSA interiorisme &#038; mobiliari som distribu\u00efdors oficials Cattelan Italia. Per a m\u00e9s informaci\u00f3, visiti el nostre Showroom o contacti amb nosaltres.<\/p>\n<p>[\/vc_column_text][vc_row_inner][vc_column_inner]<style type=\"text\/css\">#bklyn_btn_69d168447cc79 .bklyn-btn { color:#ffffff !important; background-color:black !important; }<\/style><div id=\"bklyn_btn_69d168447cc79\" class=\"bklyn-btn-holder  bklyn-btn-center bklyn-btn-tablet-center bklyn-btn-mobile-center\"><a title=\"Contacto\"   href=\"\/contacto\" target=\"_self\" class=\"bklyn-btn  bklyn-btn-icon-left bklyn-btn-normal\" ><i class=\"fa fa-envelope\"><\/i><span class=\"ut-btn-text\">M\u00e9s informaci\u00f3<\/span><\/a><\/div>[\/vc_column_inner][\/vc_row_inner][\/vc_column][\/vc_row]<\/p>\n<\/div>","protected":false},"excerpt":{"rendered":"<p>[vc_row css=&#8221;.vc_custom_1583596731269{margin-left: -50px !important;}&#8221;][vc_column][vc_column_text]Enrere[\/vc_column_text][\/vc_column][\/vc_row][vc_row][vc_column][vc_column_text] Carioca de la prestigiosa firma Cattelan Italia \u00e9s una elegant i exclusiva taula de sal\u00f3 patentada pel prestigi\u00f3s dissenyador Andrea Lucatello. La pe\u00e7a destaca per la seva espectacular base en fusta de noguera canaleto, formada per tres estructures el\u00b7l\u00edptiques que s\u2019entrecreuen entre si. El sobre es presenta en platines de vidre [&hellip;]<\/p>\n","protected":false},"author":1,"featured_media":0,"parent":0,"menu_order":0,"comment_status":"closed","ping_status":"closed","template":"","meta":{"footnotes":""},"class_list":["post-46990","page","type-page","status-publish","hentry"],"aioseo_notices":[],"_links":{"self":[{"href":"https:\/\/www.mirsa.es\/ca\/wp-json\/wp\/v2\/pages\/46990","targetHints":{"allow":["GET"]}}],"collection":[{"href":"https:\/\/www.mirsa.es\/ca\/wp-json\/wp\/v2\/pages"}],"about":[{"href":"https:\/\/www.mirsa.es\/ca\/wp-json\/wp\/v2\/types\/page"}],"author":[{"embeddable":true,"href":"https:\/\/www.mirsa.es\/ca\/wp-json\/wp\/v2\/users\/1"}],"replies":[{"embeddable":true,"href":"https:\/\/www.mirsa.es\/ca\/wp-json\/wp\/v2\/comments?post=46990"}],"version-history":[{"count":0,"href":"https:\/\/www.mirsa.es\/ca\/wp-json\/wp\/v2\/pages\/46990\/revisions"}],"wp:attachment":[{"href":"https:\/\/www.mirsa.es\/ca\/wp-json\/wp\/v2\/media?parent=46990"}],"curies":[{"name":"wp","href":"https:\/\/api.w.org\/{rel}","templated":true}]}}