{"id":46977,"date":"2019-09-19T18:23:24","date_gmt":"2019-09-19T16:23:24","guid":{"rendered":"http:\/\/www.mirsa.es.mialias.net\/capo-dopera-muebles\/"},"modified":"2024-05-21T10:55:41","modified_gmt":"2024-05-21T10:55:41","slug":"capo-dopera-muebles","status":"publish","type":"page","link":"https:\/\/www.mirsa.es\/ca\/capo-dopera-muebles\/","title":{"rendered":"Capo d&#8217;Opera Mobles"},"content":{"rendered":"<div class=\"wpb-content-wrapper\"><p>[vc_row css=&#8221;.vc_custom_1583596731269{margin-left: -50px !important;}&#8221;][vc_column][vc_column_text]<a style=\"color: black;\">Enrere<\/a>[\/vc_column_text][\/vc_column][\/vc_row][vc_row][vc_column][vc_column_text]<br \/>\n<img decoding=\"async\" class=\"wp-image-1077 size-large aligncenter\" title=\"Capo d'Opera Mobles\" src=\"\/wp-content\/uploads\/2020\/06\/capo_dopera_muebles_01.jpg\" alt=\"Capo d'Opera Mobles\" width=\"100%\" height=\"400\" \/><\/p>\n<h2 style=\"font-size: 16px; text-align: left;\"><strong>Capo d\u2019Opera \u00e9s una prestigiosa firma italiana dedicada a la fabricaci\u00f3 i a la distribuci\u00f3 de mobiliari contemporani d\u2019alta gamma.<\/strong><\/h2>\n<p style=\"font-size: 16px; text-align: left;\">El nom de la marca s\u2019inspira en els antics aprenents artesans de les botigues medievals, que havien de demostrar amb la \u201cCapo d\u2019opera\u201d (la seva primera obra oficial) a ver adquirit els coneixements i les habilitats necess\u00e0ries per a exercir la professi\u00f3.<\/p>\n<p style=\"font-size: 16px; text-align: left;\">Amb el mateix esperit va n\u00e9ixer Capo d\u2019Opera, la de superar-se dia a dia oferint col\u00b7leccions de gran qualitat, que sorprenen per la seva eleg\u00e0ncia i funcionalitat. La firma ofereix una gran quantitat d\u2019opcions de personalitzaci\u00f3 en tots els seus productes, podent escollir entre infinitat de mides, acabats i textures.<\/p>\n<p style=\"font-size: 16px; text-align: left;\">L\u2019equip de Capo D\u2019Opera, encap\u00e7alat amb el fundador Silvano Pierdon\u00e0 i sota la direcci\u00f3 art\u00edstica d\u2019Alessio Bassan, est\u00e1 format per qualificats artesans que dominen a la perfecci\u00f3 les diferents t\u00e8cniques de producci\u00f3, aix\u00ed com el coneixement sobre les propietats dels materials.<\/p>\n<p style=\"font-size: 16px; text-align: left;\">A MIRSA interiorisme &#038; mobiliari som distribu\u00efdors oficials Capo d\u2019Opera. Per a m\u00e9s informaci\u00f3, visiti el nostre Showroom o contacti amb nosaltres.<\/p>\n<p>[\/vc_column_text][\/vc_column][\/vc_row]<\/p>\n<\/div>","protected":false},"excerpt":{"rendered":"<p>[vc_row css=&#8221;.vc_custom_1583596731269{margin-left: -50px !important;}&#8221;][vc_column][vc_column_text]Enrere[\/vc_column_text][\/vc_column][\/vc_row][vc_row][vc_column][vc_column_text] Capo d\u2019Opera \u00e9s una prestigiosa firma italiana dedicada a la fabricaci\u00f3 i a la distribuci\u00f3 de mobiliari contemporani d\u2019alta gamma. El nom de la marca s\u2019inspira en els antics aprenents artesans de les botigues medievals, que havien de demostrar amb la \u201cCapo d\u2019opera\u201d (la seva primera obra oficial) a ver adquirit [&hellip;]<\/p>\n","protected":false},"author":1,"featured_media":0,"parent":0,"menu_order":0,"comment_status":"closed","ping_status":"closed","template":"","meta":{"footnotes":""},"class_list":["post-46977","page","type-page","status-publish","hentry"],"aioseo_notices":[],"_links":{"self":[{"href":"https:\/\/www.mirsa.es\/ca\/wp-json\/wp\/v2\/pages\/46977","targetHints":{"allow":["GET"]}}],"collection":[{"href":"https:\/\/www.mirsa.es\/ca\/wp-json\/wp\/v2\/pages"}],"about":[{"href":"https:\/\/www.mirsa.es\/ca\/wp-json\/wp\/v2\/types\/page"}],"author":[{"embeddable":true,"href":"https:\/\/www.mirsa.es\/ca\/wp-json\/wp\/v2\/users\/1"}],"replies":[{"embeddable":true,"href":"https:\/\/www.mirsa.es\/ca\/wp-json\/wp\/v2\/comments?post=46977"}],"version-history":[{"count":0,"href":"https:\/\/www.mirsa.es\/ca\/wp-json\/wp\/v2\/pages\/46977\/revisions"}],"wp:attachment":[{"href":"https:\/\/www.mirsa.es\/ca\/wp-json\/wp\/v2\/media?parent=46977"}],"curies":[{"name":"wp","href":"https:\/\/api.w.org\/{rel}","templated":true}]}}