{"id":46973,"date":"2018-05-25T09:47:35","date_gmt":"2018-05-25T07:47:35","guid":{"rendered":"http:\/\/www.mirsa.es.mialias.net\/capdell-muebles\/"},"modified":"2024-05-21T10:52:56","modified_gmt":"2024-05-21T10:52:56","slug":"capdell-muebles","status":"publish","type":"page","link":"https:\/\/www.mirsa.es\/ca\/capdell-muebles\/","title":{"rendered":"Capdell Mobles"},"content":{"rendered":"<div class=\"wpb-content-wrapper\"><p>[vc_row css=&#8221;.vc_custom_1583596731269{margin-left: -50px !important;}&#8221;][vc_column][vc_column_text]<a style=\"color: black;\">Atr\u00e1s<\/a>[\/vc_column_text][\/vc_column][\/vc_row][vc_row][vc_column][vc_column_text]<\/p>\n<h5><img decoding=\"async\" class=\"wp-image-1077 size-large aligncenter\" title=\"Capdell Muebles\" src=\"\/wp-content\/uploads\/2020\/06\/sillas_capdell.jpg\" alt=\"Capdell Muebles\" width=\"100%\" height=\"400\" \/><\/h5>\n<p style=\"font-size: 16px; text-align: left;\"><strong>Capdell es una prestigiosa firma de mobiliario dedicada a la fabricaci\u00f3n y distribuci\u00f3n de sillas, sillones y mesas de dise\u00f1o contempor\u00e1neo.<\/strong><\/p>\n<p style=\"font-size: 16px; text-align: left;\">Fundada en 1967, la marca se ha convertido en una referencia para arquitectos y dise\u00f1adores de todo el mundo, que encuentran en sus productos una combinaci\u00f3n perfecta entre elegancia y minimalismo.<\/p>\n<p style=\"font-size: 16px; text-align: left;\">Carlos Tiscar Claesson Koivisto, Fiorenzo Dorigo y otros dise\u00f1adores de prestigio internacional han firmado algunas de sus colecciones m\u00e1s representativas.<\/p>\n<p style=\"font-size: 16px; text-align: left;\">En MIRSA interiorismo &amp; mobiliario somos distribuidores oficiales Capdell. Para m\u00e1s informaci\u00f3n, visite nuestro Showroom o contacte con nosotros.<\/p>\n<p>[\/vc_column_text][\/vc_column][\/vc_row]<\/p>\n<\/div>","protected":false},"excerpt":{"rendered":"<p>[vc_row css=&#8221;.vc_custom_1583596731269{margin-left: -50px !important;}&#8221;][vc_column][vc_column_text]Atr\u00e1s[\/vc_column_text][\/vc_column][\/vc_row][vc_row][vc_column][vc_column_text] Capdell es una prestigiosa firma de mobiliario dedicada a la fabricaci\u00f3n y distribuci\u00f3n de sillas, sillones y mesas de dise\u00f1o contempor\u00e1neo. Fundada en 1967, la marca se ha convertido en una referencia para arquitectos y dise\u00f1adores de todo el mundo, que encuentran en sus productos una combinaci\u00f3n perfecta entre elegancia y [&hellip;]<\/p>\n","protected":false},"author":1,"featured_media":0,"parent":0,"menu_order":0,"comment_status":"closed","ping_status":"closed","template":"","meta":{"footnotes":""},"class_list":["post-46973","page","type-page","status-publish","hentry"],"aioseo_notices":[],"_links":{"self":[{"href":"https:\/\/www.mirsa.es\/ca\/wp-json\/wp\/v2\/pages\/46973","targetHints":{"allow":["GET"]}}],"collection":[{"href":"https:\/\/www.mirsa.es\/ca\/wp-json\/wp\/v2\/pages"}],"about":[{"href":"https:\/\/www.mirsa.es\/ca\/wp-json\/wp\/v2\/types\/page"}],"author":[{"embeddable":true,"href":"https:\/\/www.mirsa.es\/ca\/wp-json\/wp\/v2\/users\/1"}],"replies":[{"embeddable":true,"href":"https:\/\/www.mirsa.es\/ca\/wp-json\/wp\/v2\/comments?post=46973"}],"version-history":[{"count":0,"href":"https:\/\/www.mirsa.es\/ca\/wp-json\/wp\/v2\/pages\/46973\/revisions"}],"wp:attachment":[{"href":"https:\/\/www.mirsa.es\/ca\/wp-json\/wp\/v2\/media?parent=46973"}],"curies":[{"name":"wp","href":"https:\/\/api.w.org\/{rel}","templated":true}]}}