{"id":46969,"date":"2018-12-14T11:47:31","date_gmt":"2018-12-14T10:47:31","guid":{"rendered":"http:\/\/www.mirsa.es.mialias.net\/cantori-muebles-italianos\/"},"modified":"2024-05-21T10:47:11","modified_gmt":"2024-05-21T10:47:11","slug":"cantori-muebles-italianos","status":"publish","type":"page","link":"https:\/\/www.mirsa.es\/ca\/cantori-muebles-italianos\/","title":{"rendered":"Cantori Mobles"},"content":{"rendered":"<div class=\"wpb-content-wrapper\"><p>[vc_row css=&#8221;.vc_custom_1583596731269{margin-left: -50px !important;}&#8221;][vc_column][vc_column_text]<a style=\"color:black;\" href=\"javascript:history.go(-1)\" onmouseover=\"self.status=document.referrer;return true\">Atr\u00e1s<\/a>[\/vc_column_text][\/vc_column][\/vc_row][vc_row][vc_column][vc_column_text]<\/p>\n<h5><img decoding=\"async\" class=\"wp-image-1077 size-large aligncenter\" title=\"Cantori Mobles\" src=\"\/wp-content\/uploads\/2020\/06\/cantori.jpg\" alt=\"Cantori Muebles\" width=\"100%\" height=\"400\" \/><\/h5>\n<p style=\"font-size: 16px; text-align: left;\"><strong>Cantori \u00e9s una prestigiosa firma italiana especialitzada en la fabricaci\u00f3 i distribuci\u00f3 de mobiliari d\u2019alta gamma. La firma destaca per les seves col\u00b7leccions elegants i refinades, que transmeten sensacions delicades i emocions minimalistes.<\/strong><\/p>\n<p style=\"font-size: 16px; text-align: left;\">Fundada l\u2019any 1976, Cantori va comen\u00e7ar com una petita empresa dedicada a la confecci\u00f3 de teles artesanals. En pocs anys la firma es va consolidar com un referent al m\u00f3n del disseny, ampliant la seva gamma de productes i oferint tamb\u00e9 solucions de mobiliari per a tot tipus d\u2019espais interiors.<\/p>\n<p style=\"font-size: 16px; text-align: left;\">Les col\u00b7leccions de la marca destaquen pels seus elegants acabats i els detalls realitzats a m\u00e0, presentant aix\u00ed un producte exclusiu i de gran qualitat. Cantori presenta una \u00e0mplia gamma de productes i dormitoris que abracen des dels estils m\u00e9s cl\u00e0ssics fins als m\u00e9s contemporanis, adaptant-se aix\u00ed a qualsevol tipus d\u2019espai.<\/p>\n<p style=\"font-size: 16px; text-align: left;\">A MIRSA interiorisme &amp; mobiliari som distribu\u00efdors oficials Cantori. Per a m\u00e9s informaci\u00f3, visiti el nostre Showroom o contacti amb nosaltres.<\/p>\n<p>[\/vc_column_text][\/vc_column][\/vc_row]<\/p>\n<\/div>","protected":false},"excerpt":{"rendered":"<p>[vc_row css=&#8221;.vc_custom_1583596731269{margin-left: -50px !important;}&#8221;][vc_column][vc_column_text]Atr\u00e1s[\/vc_column_text][\/vc_column][\/vc_row][vc_row][vc_column][vc_column_text] Cantori \u00e9s una prestigiosa firma italiana especialitzada en la fabricaci\u00f3 i distribuci\u00f3 de mobiliari d\u2019alta gamma. La firma destaca per les seves col\u00b7leccions elegants i refinades, que transmeten sensacions delicades i emocions minimalistes. Fundada l\u2019any 1976, Cantori va comen\u00e7ar com una petita empresa dedicada a la confecci\u00f3 de teles artesanals. En [&hellip;]<\/p>\n","protected":false},"author":1,"featured_media":0,"parent":0,"menu_order":0,"comment_status":"closed","ping_status":"closed","template":"","meta":{"footnotes":""},"class_list":["post-46969","page","type-page","status-publish","hentry"],"aioseo_notices":[],"_links":{"self":[{"href":"https:\/\/www.mirsa.es\/ca\/wp-json\/wp\/v2\/pages\/46969","targetHints":{"allow":["GET"]}}],"collection":[{"href":"https:\/\/www.mirsa.es\/ca\/wp-json\/wp\/v2\/pages"}],"about":[{"href":"https:\/\/www.mirsa.es\/ca\/wp-json\/wp\/v2\/types\/page"}],"author":[{"embeddable":true,"href":"https:\/\/www.mirsa.es\/ca\/wp-json\/wp\/v2\/users\/1"}],"replies":[{"embeddable":true,"href":"https:\/\/www.mirsa.es\/ca\/wp-json\/wp\/v2\/comments?post=46969"}],"version-history":[{"count":0,"href":"https:\/\/www.mirsa.es\/ca\/wp-json\/wp\/v2\/pages\/46969\/revisions"}],"wp:attachment":[{"href":"https:\/\/www.mirsa.es\/ca\/wp-json\/wp\/v2\/media?parent=46969"}],"curies":[{"name":"wp","href":"https:\/\/api.w.org\/{rel}","templated":true}]}}