{"id":46965,"date":"2018-05-29T18:05:09","date_gmt":"2018-05-29T16:05:09","guid":{"rendered":"http:\/\/www.mirsa.es.mialias.net\/cane-line-muebles\/"},"modified":"2024-05-15T08:39:12","modified_gmt":"2024-05-15T08:39:12","slug":"cane-line-muebles","status":"publish","type":"page","link":"https:\/\/www.mirsa.es\/ca\/cane-line-muebles\/","title":{"rendered":"Cane-Line Mobles"},"content":{"rendered":"<div class=\"wpb-content-wrapper\"><p>[vc_row css=&#8221;.vc_custom_1583596731269{margin-left: -50px !important;}&#8221;][vc_column][vc_column_text]<a href=\"javascript:history.go(-1)\" onmouseover=\"self.status=document.referrer;return true\" style=\"color: black;\">Enrere<\/a>[\/vc_column_text][\/vc_column][\/vc_row][vc_row][vc_column][vc_column_text]<\/p>\n<h5><img decoding=\"async\" class=\"wp-image-1077 size-large aligncenter\" title=\"Cane- Line Mobles d'exterior\" src=\"\/wp-content\/uploads\/2020\/06\/cane-line.jpg\" alt=\"Cane- Line mobles d'exterior\" width=\"100%\" height=\"400\" \/><\/h5>\n<p style=\"font-size: 16px; text-align: left;\"><strong>Cane-Line \u00e9s una firma de mobiliari outdoor danesa que compta amb m\u00e9s de 30 anys d\u2019experi\u00e8ncia en el sector.<\/strong><\/p>\n<p style=\"font-size: 16px; text-align: left;\">Les col\u00b7leccions de la marca destaquen per la seva est\u00e8tica elegant i refinada. Els mobles s\u00f3n fabricats amb l\u2019objectiu de garantir la m\u00e0xima comoditat i fomentar la vida a jardins i terrasses.<\/p>\n<p style=\"font-size: 16px; text-align: left;\">Cane-Line s\u2019enfoca constantment en la qualitat dels seus productes, utilitzant sempre les tecnologies m\u00e9s avan\u00e7ades i respectant al m\u00e0xim el medi ambient.<\/p>\n<p style=\"font-size: 16px; text-align: left;\">Els processos de fabricaci\u00f3 portats a terme per la marca garanteixen un producte vers\u00e0til i de qualitat, que presenta una enorme resist\u00e8ncia a les inclem\u00e8ncies climatol\u00f2giques.<\/p>\n<p style=\"font-size: 16px; text-align: left;\">A MIRSA interiorisme &#038; mobiliari som distribu\u00efdors oficials Cane-Line. Per a m\u00e9s informaci\u00f3, visiti el nostre Showroom o contacti amb nosaltres.<\/p>\n<p>[\/vc_column_text][\/vc_column][\/vc_row]<\/p>\n<\/div>","protected":false},"excerpt":{"rendered":"<p>[vc_row css=&#8221;.vc_custom_1583596731269{margin-left: -50px !important;}&#8221;][vc_column][vc_column_text]Enrere[\/vc_column_text][\/vc_column][\/vc_row][vc_row][vc_column][vc_column_text] Cane-Line \u00e9s una firma de mobiliari outdoor danesa que compta amb m\u00e9s de 30 anys d\u2019experi\u00e8ncia en el sector. Les col\u00b7leccions de la marca destaquen per la seva est\u00e8tica elegant i refinada. Els mobles s\u00f3n fabricats amb l\u2019objectiu de garantir la m\u00e0xima comoditat i fomentar la vida a jardins i terrasses. [&hellip;]<\/p>\n","protected":false},"author":1,"featured_media":0,"parent":0,"menu_order":0,"comment_status":"closed","ping_status":"closed","template":"","meta":{"footnotes":""},"class_list":["post-46965","page","type-page","status-publish","hentry"],"aioseo_notices":[],"_links":{"self":[{"href":"https:\/\/www.mirsa.es\/ca\/wp-json\/wp\/v2\/pages\/46965","targetHints":{"allow":["GET"]}}],"collection":[{"href":"https:\/\/www.mirsa.es\/ca\/wp-json\/wp\/v2\/pages"}],"about":[{"href":"https:\/\/www.mirsa.es\/ca\/wp-json\/wp\/v2\/types\/page"}],"author":[{"embeddable":true,"href":"https:\/\/www.mirsa.es\/ca\/wp-json\/wp\/v2\/users\/1"}],"replies":[{"embeddable":true,"href":"https:\/\/www.mirsa.es\/ca\/wp-json\/wp\/v2\/comments?post=46965"}],"version-history":[{"count":0,"href":"https:\/\/www.mirsa.es\/ca\/wp-json\/wp\/v2\/pages\/46965\/revisions"}],"wp:attachment":[{"href":"https:\/\/www.mirsa.es\/ca\/wp-json\/wp\/v2\/media?parent=46965"}],"curies":[{"name":"wp","href":"https:\/\/api.w.org\/{rel}","templated":true}]}}