{"id":46922,"date":"2016-07-02T19:56:24","date_gmt":"2016-07-02T17:56:24","guid":{"rendered":"http:\/\/www.mirsa.es.mialias.net\/camas-abatibles-clei\/"},"modified":"2024-05-15T13:27:15","modified_gmt":"2024-05-15T13:27:15","slug":"camas-abatibles-clei","status":"publish","type":"page","link":"https:\/\/www.mirsa.es\/ca\/camas-abatibles-clei\/","title":{"rendered":"Llits abatibles Clei"},"content":{"rendered":"<div class=\"wpb-content-wrapper\"><p>[vc_row css=&#8221;.vc_custom_1583596731269{margin-left: -50px !important;}&#8221;][vc_column][vc_column_text]<a style=\"color:black;\" href=\"javascript:history.go(-1)\" onmouseover=\"self.status=document.referrer;return true\">Enrere<\/a><br \/>\n[\/vc_column_text][\/vc_column][\/vc_row][vc_row][vc_column][vc_column_text]<br \/>\n<img decoding=\"async\" class=\"wp-image-1077 size-large aligncenter\" title=\"Llits Abatibles Clei\" src=\"\/wp-content\/uploads\/2020\/06\/camas_abatibles_clei.jpg\" alt=\"Llits Abatibles Clei\" width=\"100%\" height=\"400\" \/><\/p>\n<h2 style=\"font-size: 16px; text-align: left;\"><strong>Els llits abatibles Clei es caracteritzen per la seva practicitat i polival\u00e8ncia, sense renunciar al disseny elegant i exclusiu propi de les firmes m\u00e9s prestigioses del mercat.<\/strong><\/h2>\n<p style=\"font-size: 16px; text-align: left;\">La marca italiana \u00e9s famosa arreu del m\u00f3n per la innovaci\u00f3, la versatilitat i la qualitat de tots els seus productes, que contribueixen a maximitzar l\u2019espai de qualsevol estan\u00e7a de la casa.<\/p>\n<p style=\"font-size: 16px; text-align: left;\">A MIRSA interiorisme &#038; mobiliari som distribu\u00efdors oficials de mobiliari Clei. Per a m\u00e9s informaci\u00f3, visiti el nostre Showroom o contacti amb nosaltres.<\/p>\n<p>[\/vc_column_text][\/vc_column][\/vc_row][vc_section][vc_row full_width=&#8221;stretch_row_content_no_spaces&#8221;][vc_column][vc_column_text]<iframe id=\"embedded-ads-iframe-website\" width=\"100%\" height=\"600\" data-originsrc=\"https:\/\/mirsa.daloom.com\/es\/productos\/mobiliario\/brand_clei\"><\/iframe><br \/>\n<script defer src=\"https:\/\/mirsa.daloom.com\/js\/parent-embedded-script.min.js\"><\/script>[\/vc_column_text][\/vc_column][\/vc_row][\/vc_section]<\/p>\n<\/div>","protected":false},"excerpt":{"rendered":"<p>[vc_row css=&#8221;.vc_custom_1583596731269{margin-left: -50px !important;}&#8221;][vc_column][vc_column_text]Enrere [\/vc_column_text][\/vc_column][\/vc_row][vc_row][vc_column][vc_column_text] Els llits abatibles Clei es caracteritzen per la seva practicitat i polival\u00e8ncia, sense renunciar al disseny elegant i exclusiu propi de les firmes m\u00e9s prestigioses del mercat. La marca italiana \u00e9s famosa arreu del m\u00f3n per la innovaci\u00f3, la versatilitat i la qualitat de tots els seus productes, que contribueixen [&hellip;]<\/p>\n","protected":false},"author":1,"featured_media":0,"parent":0,"menu_order":0,"comment_status":"closed","ping_status":"closed","template":"","meta":{"footnotes":""},"class_list":["post-46922","page","type-page","status-publish","hentry"],"aioseo_notices":[],"_links":{"self":[{"href":"https:\/\/www.mirsa.es\/ca\/wp-json\/wp\/v2\/pages\/46922","targetHints":{"allow":["GET"]}}],"collection":[{"href":"https:\/\/www.mirsa.es\/ca\/wp-json\/wp\/v2\/pages"}],"about":[{"href":"https:\/\/www.mirsa.es\/ca\/wp-json\/wp\/v2\/types\/page"}],"author":[{"embeddable":true,"href":"https:\/\/www.mirsa.es\/ca\/wp-json\/wp\/v2\/users\/1"}],"replies":[{"embeddable":true,"href":"https:\/\/www.mirsa.es\/ca\/wp-json\/wp\/v2\/comments?post=46922"}],"version-history":[{"count":0,"href":"https:\/\/www.mirsa.es\/ca\/wp-json\/wp\/v2\/pages\/46922\/revisions"}],"wp:attachment":[{"href":"https:\/\/www.mirsa.es\/ca\/wp-json\/wp\/v2\/media?parent=46922"}],"curies":[{"name":"wp","href":"https:\/\/api.w.org\/{rel}","templated":true}]}}