{"id":46917,"date":"2018-08-03T19:45:05","date_gmt":"2018-08-03T17:45:05","guid":{"rendered":"http:\/\/www.mirsa.es.mialias.net\/vele-cama-lago\/"},"modified":"2020-11-14T12:19:55","modified_gmt":"2020-11-14T12:19:55","slug":"vele-cama-lago","status":"publish","type":"page","link":"https:\/\/www.mirsa.es\/ca\/vele-cama-lago\/","title":{"rendered":"Llit Vele LAGO"},"content":{"rendered":"<div class=\"wpb-content-wrapper\"><p>[vc_row][vc_column][vc_column_text]<\/p>\n<h5><img decoding=\"async\" class=\"wp-image-1077 size-large aligncenter\" title=\"Llit Vele LAGO\" src=\"\/wp-content\/uploads\/2020\/08\/cama_vele_lago.jpg\" alt=\"Cama Vele LAGO\" width=\"100%\" height=\"400\"\/><\/h5>\n<p style=\"font-size: 16px; text-align: left;\"><strong>Vele de LAGO \u00e9s un espectacular llit de disseny itali\u00e0 que destaca per la seva cap\u00e7alera formada per tres panells folrats que permeten ordenar i emmagatzemar els objectes quotidians.<\/strong><\/p>\n<p style=\"font-size: 16px; text-align: left;\">Es tracta d\u2019una col\u00b7lecci\u00f3 que revoluciona per complet el concepte de llit, amb un disseny elegant, innovador i funcional que optimitza al m\u00e0xim l\u2019espai.<\/p>\n<p style=\"font-size: 16px; text-align: left;\">Amb Vele, tots els objectes queden a l\u2019abast de la m\u00e0 i s\u00f3n f\u00e0cilment assolibles incl\u00fas en condicions de poca llum. Una col\u00b7lecci\u00f3 amb un disseny lleuger que garanteix el m\u00e0xim descans gr\u00e0cies a la seva estructura ergon\u00f2mica.<\/p>\n<p style=\"font-size: 16px; text-align: left;\">A MIRSA interiorisme &#038; mobiliari som distribu\u00efdors oficials LAGO. Per a m\u00e9s informaci\u00f3, visiti el nostre Showroom o contacti amb nosaltres.\n<\/p>\n<p>[\/vc_column_text][vc_row_inner][vc_column_inner]<style type=\"text\/css\">#bklyn_btn_69d1e6840ac9e .bklyn-btn { color:#ffffff !important; background-color:black !important; }<\/style><div id=\"bklyn_btn_69d1e6840ac9e\" class=\"bklyn-btn-holder  bklyn-btn-center bklyn-btn-tablet-center bklyn-btn-mobile-center\"><a title=\"Contacto\"   href=\"\/contacto\" target=\"_self\" class=\"bklyn-btn  bklyn-btn-icon-left bklyn-btn-normal\" ><i class=\"fa fa-envelope\"><\/i><span class=\"ut-btn-text\">M\u00e9s informaci\u00f3<\/span><\/a><\/div>[\/vc_column_inner][\/vc_row_inner][\/vc_column][\/vc_row]<\/p>\n<\/div>","protected":false},"excerpt":{"rendered":"<p>[vc_row][vc_column][vc_column_text] Vele de LAGO \u00e9s un espectacular llit de disseny itali\u00e0 que destaca per la seva cap\u00e7alera formada per tres panells folrats que permeten ordenar i emmagatzemar els objectes quotidians. Es tracta d\u2019una col\u00b7lecci\u00f3 que revoluciona per complet el concepte de llit, amb un disseny elegant, innovador i funcional que optimitza al m\u00e0xim l\u2019espai. Amb [&hellip;]<\/p>\n","protected":false},"author":1,"featured_media":0,"parent":0,"menu_order":0,"comment_status":"closed","ping_status":"closed","template":"","meta":{"footnotes":""},"class_list":["post-46917","page","type-page","status-publish","hentry"],"aioseo_notices":[],"_links":{"self":[{"href":"https:\/\/www.mirsa.es\/ca\/wp-json\/wp\/v2\/pages\/46917","targetHints":{"allow":["GET"]}}],"collection":[{"href":"https:\/\/www.mirsa.es\/ca\/wp-json\/wp\/v2\/pages"}],"about":[{"href":"https:\/\/www.mirsa.es\/ca\/wp-json\/wp\/v2\/types\/page"}],"author":[{"embeddable":true,"href":"https:\/\/www.mirsa.es\/ca\/wp-json\/wp\/v2\/users\/1"}],"replies":[{"embeddable":true,"href":"https:\/\/www.mirsa.es\/ca\/wp-json\/wp\/v2\/comments?post=46917"}],"version-history":[{"count":0,"href":"https:\/\/www.mirsa.es\/ca\/wp-json\/wp\/v2\/pages\/46917\/revisions"}],"wp:attachment":[{"href":"https:\/\/www.mirsa.es\/ca\/wp-json\/wp\/v2\/media?parent=46917"}],"curies":[{"name":"wp","href":"https:\/\/api.w.org\/{rel}","templated":true}]}}