{"id":46891,"date":"2017-05-19T10:16:29","date_gmt":"2017-05-19T08:16:29","guid":{"rendered":"http:\/\/www.mirsa.es.mialias.net\/cama-richard-bb-italia\/"},"modified":"2020-11-14T10:35:53","modified_gmt":"2020-11-14T10:35:53","slug":"cama-richard-bb-italia","status":"publish","type":"page","link":"https:\/\/www.mirsa.es\/ca\/cama-richard-bb-italia\/","title":{"rendered":"Llit Richard B&#038;B Italia"},"content":{"rendered":"<div class=\"wpb-content-wrapper\"><p>[vc_row][vc_column][vc_column_text]<\/p>\n<h5><img decoding=\"async\" class=\"wp-image-1077 size-large aligncenter\" title=\"Llit Richard B&#038;B Italia\" src=\"\/wp-content\/uploads\/2020\/11\/cama_richard_bb_italia.jpg\" alt=\"Llit Richard B&#038;B Italia\" width=\"100%\" height=\"400\" \/><\/h5>\n<p style=\"font-size: 16px; text-align: left;\"><strong>El llit Richard de B&#038;B Italia s\u2019inspira en l\u2019exit\u00f2s sof\u00e0 de la marca del mateix nom per a concebre una pe\u00e7a \u00fanica que destaca per la seva elegancia i sofisticaci\u00f3.<\/strong><\/p>\n<p style=\"font-size: 16px; text-align: left;\">Dissenyada pel prestigi\u00f3s Antonio Citterio, Richard \u00e9s una pe\u00e7a polivalent i funcional, que gr\u00e0cies a l\u2019al\u00e7ada dels seus costats laterals permet insertar qualsevol tipus de suports pel matal\u00e0s.<\/p>\n<p style=\"font-size: 16px; text-align: left;\">El llit Richard, presentat al 2017, est\u00e0 cridat a ser una de les col\u00b7leccions de mobiliari de nit m\u00e9s destacadaes de la firma per aquesta temporada.<\/p>\n<p style=\"font-size: 16px; text-align: left;\">A MIRSA interiorisme &#038; mobiliari som distribu\u00efdors oficials B&#038;B Italia. Per a m\u00e9s informaci\u00f3, visiti el nostre Showroom o contacti amb nosaltres.<\/p>\n<p>[\/vc_column_text][vc_row_inner][vc_column_inner]<style type=\"text\/css\">#bklyn_btn_69d1e3bf82471 .bklyn-btn { color:#ffffff !important; background-color:black !important; }<\/style><div id=\"bklyn_btn_69d1e3bf82471\" class=\"bklyn-btn-holder  bklyn-btn-center bklyn-btn-tablet-center bklyn-btn-mobile-center\"><a title=\"Contacto\"   href=\"\/contacto\" target=\"_self\" class=\"bklyn-btn  bklyn-btn-icon-left bklyn-btn-normal\" ><i class=\"fa fa-envelope\"><\/i><span class=\"ut-btn-text\">M\u00e9s informaci\u00f3<\/span><\/a><\/div>[\/vc_column_inner][\/vc_row_inner][\/vc_column][\/vc_row]<\/p>\n<\/div>","protected":false},"excerpt":{"rendered":"<p>[vc_row][vc_column][vc_column_text] El llit Richard de B&#038;B Italia s\u2019inspira en l\u2019exit\u00f2s sof\u00e0 de la marca del mateix nom per a concebre una pe\u00e7a \u00fanica que destaca per la seva elegancia i sofisticaci\u00f3. Dissenyada pel prestigi\u00f3s Antonio Citterio, Richard \u00e9s una pe\u00e7a polivalent i funcional, que gr\u00e0cies a l\u2019al\u00e7ada dels seus costats laterals permet insertar qualsevol tipus [&hellip;]<\/p>\n","protected":false},"author":1,"featured_media":0,"parent":0,"menu_order":0,"comment_status":"closed","ping_status":"closed","template":"","meta":{"footnotes":""},"class_list":["post-46891","page","type-page","status-publish","hentry"],"aioseo_notices":[],"_links":{"self":[{"href":"https:\/\/www.mirsa.es\/ca\/wp-json\/wp\/v2\/pages\/46891","targetHints":{"allow":["GET"]}}],"collection":[{"href":"https:\/\/www.mirsa.es\/ca\/wp-json\/wp\/v2\/pages"}],"about":[{"href":"https:\/\/www.mirsa.es\/ca\/wp-json\/wp\/v2\/types\/page"}],"author":[{"embeddable":true,"href":"https:\/\/www.mirsa.es\/ca\/wp-json\/wp\/v2\/users\/1"}],"replies":[{"embeddable":true,"href":"https:\/\/www.mirsa.es\/ca\/wp-json\/wp\/v2\/comments?post=46891"}],"version-history":[{"count":0,"href":"https:\/\/www.mirsa.es\/ca\/wp-json\/wp\/v2\/pages\/46891\/revisions"}],"wp:attachment":[{"href":"https:\/\/www.mirsa.es\/ca\/wp-json\/wp\/v2\/media?parent=46891"}],"curies":[{"name":"wp","href":"https:\/\/api.w.org\/{rel}","templated":true}]}}