{"id":46814,"date":"2019-03-16T19:34:45","date_gmt":"2019-03-16T18:34:45","guid":{"rendered":"http:\/\/www.mirsa.es.mialias.net\/cama-demetra-maxalto\/"},"modified":"2020-11-13T11:01:01","modified_gmt":"2020-11-13T11:01:01","slug":"cama-demetra-maxalto","status":"publish","type":"page","link":"https:\/\/www.mirsa.es\/ca\/cama-demetra-maxalto\/","title":{"rendered":"Llit Demetra Maxalto"},"content":{"rendered":"<div class=\"wpb-content-wrapper\"><p>[vc_row][vc_column][vc_column_text]<\/p>\n<h5><img decoding=\"async\" class=\"wp-image-1077 size-large aligncenter\" title=\"Llit Demetra Maxalto\" src=\"\/wp-content\/uploads\/2020\/08\/demetra_maxalto.jpg\" alt=\"Llit Demetra Maxalto\" width=\"100%\" height=\"400\" \/><\/h5>\n<p style=\"font-size: 16px; text-align: left;\"><strong>Demetra es una col\u00b7lecci\u00f3 de llits d\u2019estil contempor\u00e0ni patentada pel prestigi\u00f3s dissenyador Antonio Citterio per a la firma Maxalto.<\/strong><\/p>\n<p style=\"font-size: 16px; text-align: left;\">Es tracta d\u2019un llit elegant i refinat que, gr\u00e0cies a la seva estructura ergon\u00f3mica, garanteix la m\u00e1xima comoditat. La pe\u00e7a destaca per la seva cap\u00e7alera desenfundable de grans dimensions i el seu sistema de potes altes, que es presenten en hacer cromat o en fusta de roure gris.<\/p>\n<p style=\"font-size: 16px; text-align: left;\">A MIRSA interiorisme &#038; mobiliari som distribu\u00efdors oficials Maxalto. Per a m\u00e9s informaci\u00f3n, visiti el nostre Showroom o contacti amb nosaltres.<\/p>\n<p>[\/vc_column_text][vc_row_inner][vc_column_inner]<style type=\"text\/css\">#bklyn_btn_69d25404dc132 .bklyn-btn { color:#ffffff !important; background-color:black !important; }<\/style><div id=\"bklyn_btn_69d25404dc132\" class=\"bklyn-btn-holder  bklyn-btn-center bklyn-btn-tablet-center bklyn-btn-mobile-center\"><a title=\"Contacto\"   href=\"\/contacto\" target=\"_self\" class=\"bklyn-btn  bklyn-btn-icon-left bklyn-btn-normal\" ><i class=\"fa fa-envelope\"><\/i><span class=\"ut-btn-text\">M\u00e9s informaci\u00f3<\/span><\/a><\/div>[\/vc_column_inner][\/vc_row_inner][\/vc_column][\/vc_row]<\/p>\n<\/div>","protected":false},"excerpt":{"rendered":"<p>[vc_row][vc_column][vc_column_text] Demetra es una col\u00b7lecci\u00f3 de llits d\u2019estil contempor\u00e0ni patentada pel prestigi\u00f3s dissenyador Antonio Citterio per a la firma Maxalto. Es tracta d\u2019un llit elegant i refinat que, gr\u00e0cies a la seva estructura ergon\u00f3mica, garanteix la m\u00e1xima comoditat. La pe\u00e7a destaca per la seva cap\u00e7alera desenfundable de grans dimensions i el seu sistema de potes [&hellip;]<\/p>\n","protected":false},"author":1,"featured_media":0,"parent":0,"menu_order":0,"comment_status":"closed","ping_status":"closed","template":"","meta":{"footnotes":""},"class_list":["post-46814","page","type-page","status-publish","hentry"],"aioseo_notices":[],"_links":{"self":[{"href":"https:\/\/www.mirsa.es\/ca\/wp-json\/wp\/v2\/pages\/46814","targetHints":{"allow":["GET"]}}],"collection":[{"href":"https:\/\/www.mirsa.es\/ca\/wp-json\/wp\/v2\/pages"}],"about":[{"href":"https:\/\/www.mirsa.es\/ca\/wp-json\/wp\/v2\/types\/page"}],"author":[{"embeddable":true,"href":"https:\/\/www.mirsa.es\/ca\/wp-json\/wp\/v2\/users\/1"}],"replies":[{"embeddable":true,"href":"https:\/\/www.mirsa.es\/ca\/wp-json\/wp\/v2\/comments?post=46814"}],"version-history":[{"count":0,"href":"https:\/\/www.mirsa.es\/ca\/wp-json\/wp\/v2\/pages\/46814\/revisions"}],"wp:attachment":[{"href":"https:\/\/www.mirsa.es\/ca\/wp-json\/wp\/v2\/media?parent=46814"}],"curies":[{"name":"wp","href":"https:\/\/api.w.org\/{rel}","templated":true}]}}