{"id":46771,"date":"2018-05-26T19:49:10","date_gmt":"2018-05-26T17:49:10","guid":{"rendered":"http:\/\/www.mirsa.es.mialias.net\/calma-muebles-jardin\/"},"modified":"2024-05-21T10:43:40","modified_gmt":"2024-05-21T10:43:40","slug":"calma-muebles-jardin","status":"publish","type":"page","link":"https:\/\/www.mirsa.es\/ca\/calma-muebles-jardin\/","title":{"rendered":"Calma mobles de jard\u00ed"},"content":{"rendered":"<div class=\"wpb-content-wrapper\"><p>[vc_row][vc_column][vc_column_text]<a style=\"color:black;\" href=\"javascript:history.go(-1)\" onmouseover=\"self.status=document.referrer;return true\">Enrere<\/a>[\/vc_column_text][\/vc_column][\/vc_row][vc_row][vc_column][vc_column_text]<br \/>\n<img decoding=\"async\" class=\"wp-image-1077 size-large aligncenter\" title=\"Calma Mobles\" src=\"\/wp-content\/uploads\/2020\/06\/calma_muebles.jpg\" alt=\"Calma mobles\" width=\"100%\" height=\"400\" \/><\/p>\n<h2 style=\"font-size: 16px; text-align: left;\"><strong>Calma \u00e9s una reconeguda firma dedicada a la fabricaci\u00f3 i disseny de mobiliari d\u2019exterior.<\/strong><\/h2>\n<p style=\"font-size: 16px; text-align: left;\">Les seves col\u00b7leccions es caracteritzen per la seva versatilitat i polival\u00e8ncia, adaptant-se aix\u00ed a tot tipus d\u2019espais. La firma disposa d\u2019un extens cat\u00e0leg de productes, que ofereixen solucions originals i variades per a tot tipus d\u2019ambients outdoor.<\/p>\n<p style=\"font-size: 16px; text-align: left;\">Sof\u00e0s, cadires, butaques, tumbones parasols\u2026 Calma disposa d\u2019una gran quantitat de mobiliari dissenyat especialment per a garantir la m\u00e0xima comoditat a les zones exteriors de la llar.<\/p>\n<p style=\"font-size: 16px; text-align: left;\">A MIRSA interiorisme &#038; mobiliari som distribu\u00efdors oficials Calma. Per a m\u00e9s informaci\u00f3, visiti la nostra exposici\u00f3 o contacti amb nosaltres.<\/p>\n<p>[\/vc_column_text][\/vc_column][\/vc_row]<\/p>\n<\/div>","protected":false},"excerpt":{"rendered":"<p>[vc_row][vc_column][vc_column_text]Enrere[\/vc_column_text][\/vc_column][\/vc_row][vc_row][vc_column][vc_column_text] Calma \u00e9s una reconeguda firma dedicada a la fabricaci\u00f3 i disseny de mobiliari d\u2019exterior. Les seves col\u00b7leccions es caracteritzen per la seva versatilitat i polival\u00e8ncia, adaptant-se aix\u00ed a tot tipus d\u2019espais. La firma disposa d\u2019un extens cat\u00e0leg de productes, que ofereixen solucions originals i variades per a tot tipus d\u2019ambients outdoor. Sof\u00e0s, cadires, butaques, [&hellip;]<\/p>\n","protected":false},"author":1,"featured_media":0,"parent":0,"menu_order":0,"comment_status":"closed","ping_status":"closed","template":"","meta":{"footnotes":""},"class_list":["post-46771","page","type-page","status-publish","hentry"],"aioseo_notices":[],"_links":{"self":[{"href":"https:\/\/www.mirsa.es\/ca\/wp-json\/wp\/v2\/pages\/46771","targetHints":{"allow":["GET"]}}],"collection":[{"href":"https:\/\/www.mirsa.es\/ca\/wp-json\/wp\/v2\/pages"}],"about":[{"href":"https:\/\/www.mirsa.es\/ca\/wp-json\/wp\/v2\/types\/page"}],"author":[{"embeddable":true,"href":"https:\/\/www.mirsa.es\/ca\/wp-json\/wp\/v2\/users\/1"}],"replies":[{"embeddable":true,"href":"https:\/\/www.mirsa.es\/ca\/wp-json\/wp\/v2\/comments?post=46771"}],"version-history":[{"count":0,"href":"https:\/\/www.mirsa.es\/ca\/wp-json\/wp\/v2\/pages\/46771\/revisions"}],"wp:attachment":[{"href":"https:\/\/www.mirsa.es\/ca\/wp-json\/wp\/v2\/media?parent=46771"}],"curies":[{"name":"wp","href":"https:\/\/api.w.org\/{rel}","templated":true}]}}