{"id":46611,"date":"2016-10-27T18:56:07","date_gmt":"2016-10-27T16:56:07","guid":{"rendered":"http:\/\/www.mirsa.es.mialias.net\/butaca-kalos-maxalto-exclusiva\/"},"modified":"2024-04-12T16:42:28","modified_gmt":"2024-04-12T16:42:28","slug":"butaca-kalos-maxalto-exclusiva","status":"publish","type":"page","link":"https:\/\/www.mirsa.es\/ca\/butaca-kalos-maxalto-exclusiva\/","title":{"rendered":"Butaca Kalos Maxalto"},"content":{"rendered":"<div class=\"wpb-content-wrapper\"><p>[vc_row][vc_column][vc_column_text]<\/p>\n<h5><img decoding=\"async\" class=\"wp-image-1077 size-large aligncenter\" title=\"Butaca Kalos Maxalto\" src=\"\/wp-content\/uploads\/2020\/11\/butaca-kalos-maxalto.jpg\" width=\"100%\" height=\"400\"\/><\/h5>\n<p style=\"font-size: 16px; text-align: left;\"><strong>La butaca Kalos de Maxalto es presenta com una actualitzaci\u00f3 de la cl\u00e0ssica Bergere.<\/strong><\/p>\n<p style=\"font-size: 16px; text-align: left;\">La pe\u00e7a dissenyada per Antonio Citterio destaca pel seu impressionant entapissat, que pot ser de pell o teixit.<\/p>\n<p style=\"font-size: 16px; text-align: left;\">L\u2019estructura inferior es compon de potes de fusta massissa en diferents acabats: Roure girs, roure negre o roure tenyit.<\/p>\n<p style=\"font-size: 16px; text-align: left;\">La col\u00b7lecci\u00f3, que va ser llan\u00e7ada a finals dels anys 90, fa m\u00e9s de 20 anys que est\u00e0 en producci\u00f3 i s\u2019ha convertit en una icona del disseny modern.<\/p>\n<p style=\"font-size: 16px; text-align: left;\">A MIRSA interiorisme &#038; mobiliari som distribu\u00efdors oficials de productes Maxalto, per a m\u00e9s informaci\u00f3n visiti en nostre Showroom o contacti amb nosaltres.<\/p>\n<p>[\/vc_column_text][vc_row_inner][vc_column_inner]<style type=\"text\/css\">#bklyn_btn_69d1e2eb032ab .bklyn-btn { color:#ffffff !important; background-color:black !important; }<\/style><div id=\"bklyn_btn_69d1e2eb032ab\" class=\"bklyn-btn-holder  bklyn-btn-center bklyn-btn-tablet-center bklyn-btn-mobile-center\"><a title=\"Contacto\"   href=\"\/contacto\" target=\"_self\" class=\"bklyn-btn  bklyn-btn-icon-left bklyn-btn-normal\" ><i class=\"fa fa-envelope\"><\/i><span class=\"ut-btn-text\">M\u00e9s informaci\u00f3<\/span><\/a><\/div>[\/vc_column_inner][\/vc_row_inner][\/vc_column][\/vc_row]<\/p>\n<\/div>","protected":false},"excerpt":{"rendered":"<p>[vc_row][vc_column][vc_column_text] La butaca Kalos de Maxalto es presenta com una actualitzaci\u00f3 de la cl\u00e0ssica Bergere. La pe\u00e7a dissenyada per Antonio Citterio destaca pel seu impressionant entapissat, que pot ser de pell o teixit. L\u2019estructura inferior es compon de potes de fusta massissa en diferents acabats: Roure girs, roure negre o roure tenyit. La col\u00b7lecci\u00f3, que [&hellip;]<\/p>\n","protected":false},"author":1,"featured_media":0,"parent":0,"menu_order":0,"comment_status":"closed","ping_status":"closed","template":"","meta":{"footnotes":""},"class_list":["post-46611","page","type-page","status-publish","hentry"],"aioseo_notices":[],"_links":{"self":[{"href":"https:\/\/www.mirsa.es\/ca\/wp-json\/wp\/v2\/pages\/46611","targetHints":{"allow":["GET"]}}],"collection":[{"href":"https:\/\/www.mirsa.es\/ca\/wp-json\/wp\/v2\/pages"}],"about":[{"href":"https:\/\/www.mirsa.es\/ca\/wp-json\/wp\/v2\/types\/page"}],"author":[{"embeddable":true,"href":"https:\/\/www.mirsa.es\/ca\/wp-json\/wp\/v2\/users\/1"}],"replies":[{"embeddable":true,"href":"https:\/\/www.mirsa.es\/ca\/wp-json\/wp\/v2\/comments?post=46611"}],"version-history":[{"count":0,"href":"https:\/\/www.mirsa.es\/ca\/wp-json\/wp\/v2\/pages\/46611\/revisions"}],"wp:attachment":[{"href":"https:\/\/www.mirsa.es\/ca\/wp-json\/wp\/v2\/media?parent=46611"}],"curies":[{"name":"wp","href":"https:\/\/api.w.org\/{rel}","templated":true}]}}