{"id":46536,"date":"2018-07-25T11:53:05","date_gmt":"2018-07-25T09:53:05","guid":{"rendered":"http:\/\/www.mirsa.es.mialias.net\/butaca-giglio-arketipo\/"},"modified":"2020-11-10T17:52:04","modified_gmt":"2020-11-10T17:52:04","slug":"butaca-giglio-arketipo","status":"publish","type":"page","link":"https:\/\/www.mirsa.es\/ca\/butaca-giglio-arketipo\/","title":{"rendered":"Butaca Giglio Arketipo"},"content":{"rendered":"<div class=\"wpb-content-wrapper\"><p>[vc_row][vc_column][vc_column_text]<\/p>\n<h5><img decoding=\"async\" class=\"wp-image-1077 size-large aligncenter\" title=\"Butaca Giglio Arketipo\" src=\"\/wp-content\/uploads\/2020\/07\/butaca_giglio_arketipo_01.jpg\" alt=\"Butaca Giglio Arketipo\" width=\"100%\" height=\"400\" \/><\/h5>\n<p style=\"font-size: 16px; text-align: left;\"><strong>La butaca Giglio \u00e9s una espectacular pe\u00e7a de disseny contemporani que destaca pel seu conjunt de l\u00ednies delicades i simples, que ressalten la seva eleg\u00e0ncia i exclusivitat.<\/strong><\/p>\n<p style=\"font-size: 16px; text-align: left;\">Una estructura confortable i acollidora, amb un respatller unit als bra\u00e7os que garanteix la m\u00e0xima comoditat.<\/p>\n<p style=\"font-size: 16px; text-align: left;\">Presentada pel reconegut dissenyador Massimo Lorusso, es tracta d\u2019una pe\u00e7a vers\u00e0til i polivalent que es combina a la perfecci\u00f3 amb altres col\u00b7leccions de la firma.<\/p>\n<p style=\"font-size: 16px; text-align: left;\">A MIRSA interiorisme &#038; mobiliari som distribu\u00efdors oficials Arketipo. Per a m\u00e9s informaci\u00f3, visiti la nostra exposici\u00f3 o contacti amb nosaltres.\n<\/p>\n<p>[\/vc_column_text][vc_row_inner][vc_column_inner]<style type=\"text\/css\">#bklyn_btn_69d1cda1af66d .bklyn-btn { color:#ffffff !important; background-color:black !important; }<\/style><div id=\"bklyn_btn_69d1cda1af66d\" class=\"bklyn-btn-holder  bklyn-btn-center bklyn-btn-tablet-center bklyn-btn-mobile-center\"><a title=\"Contacto\"   href=\"\/contacto\" target=\"_self\" class=\"bklyn-btn  bklyn-btn-icon-left bklyn-btn-normal\" ><i class=\"fa fa-envelope\"><\/i><span class=\"ut-btn-text\">M\u00e9s informaci\u00f3<\/span><\/a><\/div>[\/vc_column_inner][\/vc_row_inner][\/vc_column][\/vc_row]<\/p>\n<\/div>","protected":false},"excerpt":{"rendered":"<p>[vc_row][vc_column][vc_column_text] La butaca Giglio \u00e9s una espectacular pe\u00e7a de disseny contemporani que destaca pel seu conjunt de l\u00ednies delicades i simples, que ressalten la seva eleg\u00e0ncia i exclusivitat. Una estructura confortable i acollidora, amb un respatller unit als bra\u00e7os que garanteix la m\u00e0xima comoditat. Presentada pel reconegut dissenyador Massimo Lorusso, es tracta d\u2019una pe\u00e7a vers\u00e0til [&hellip;]<\/p>\n","protected":false},"author":1,"featured_media":0,"parent":0,"menu_order":0,"comment_status":"closed","ping_status":"closed","template":"","meta":{"footnotes":""},"class_list":["post-46536","page","type-page","status-publish","hentry"],"aioseo_notices":[],"_links":{"self":[{"href":"https:\/\/www.mirsa.es\/ca\/wp-json\/wp\/v2\/pages\/46536","targetHints":{"allow":["GET"]}}],"collection":[{"href":"https:\/\/www.mirsa.es\/ca\/wp-json\/wp\/v2\/pages"}],"about":[{"href":"https:\/\/www.mirsa.es\/ca\/wp-json\/wp\/v2\/types\/page"}],"author":[{"embeddable":true,"href":"https:\/\/www.mirsa.es\/ca\/wp-json\/wp\/v2\/users\/1"}],"replies":[{"embeddable":true,"href":"https:\/\/www.mirsa.es\/ca\/wp-json\/wp\/v2\/comments?post=46536"}],"version-history":[{"count":0,"href":"https:\/\/www.mirsa.es\/ca\/wp-json\/wp\/v2\/pages\/46536\/revisions"}],"wp:attachment":[{"href":"https:\/\/www.mirsa.es\/ca\/wp-json\/wp\/v2\/media?parent=46536"}],"curies":[{"name":"wp","href":"https:\/\/api.w.org\/{rel}","templated":true}]}}