{"id":46468,"date":"2020-07-09T08:10:33","date_gmt":"2020-07-09T08:10:33","guid":{"rendered":"http:\/\/www.mirsa.es.mialias.net\/butaca-charlotte-porada\/"},"modified":"2020-11-07T18:20:00","modified_gmt":"2020-11-07T18:20:00","slug":"butaca-charlotte-porada","status":"publish","type":"page","link":"https:\/\/www.mirsa.es\/ca\/butaca-charlotte-porada\/","title":{"rendered":"Butaca Charlotte Porada"},"content":{"rendered":"<div class=\"wpb-content-wrapper\"><p>[vc_row][vc_column][vc_column_text]<\/p>\n<h5><img decoding=\"async\" class=\"wp-image-1077 size-large aligncenter\" title=\"Butaca Charlotte Porada\" src=\"\/wp-content\/uploads\/2020\/07\/butaca_charlotte_porada.jpg\" alt=\"Butaca Charlotte Porada\" width=\"100%\" height=\"400\" \/><\/h5>\n<p style=\"font-size: 16px; text-align: left;\"><strong>Charlotte de la prestigiosa firma italiana Porada \u00e9s una exclusiva i elegant butaca de disseny contemporani que es caracteritza per les seves l\u00ednies elegants i acollidores.<\/strong><\/p>\n<p style=\"font-size: 16px; text-align: left;\">Dissenyada pels reconeguts germans L. \u2013 M. Dainelli es tracta d\u2019una butaca exclusiva d\u2019estil contemporani que gr\u00e0cies a la seva estructura ergon\u00f2mica en fusta massissa de noguera garanteix la m\u00e0xima comoditat.<\/p>\n<p style=\"font-size: 16px; text-align: left;\">El seient i el respatller de la butaca estan recoberts amb escuma de poliuret\u00e0 de densitat variable amb tela t\u00e8cnica protectora.<\/p>\n<p style=\"font-size: 16px; text-align: left;\">A MIRSA interiorisme &#038; mobiliari som distribu\u00efdors oficials Porada. Per a m\u00e9s informaci\u00f3, visiti el nostre Showroom o contacti amb nosaltres.<\/p>\n<p>[\/vc_column_text][vc_row_inner][vc_column_inner]<style type=\"text\/css\">#bklyn_btn_69d190fd3e1be .bklyn-btn { color:#ffffff !important; background-color:black !important; }<\/style><div id=\"bklyn_btn_69d190fd3e1be\" class=\"bklyn-btn-holder  bklyn-btn-center bklyn-btn-tablet-center bklyn-btn-mobile-center\"><a title=\"Contacto\"   href=\"\/contacto\" target=\"_self\" class=\"bklyn-btn  bklyn-btn-icon-left bklyn-btn-normal\" ><i class=\"fa fa-envelope\"><\/i><span class=\"ut-btn-text\">M\u00e9s informaci\u00f3<\/span><\/a><\/div>[\/vc_column_inner][\/vc_row_inner][\/vc_column][\/vc_row]<\/p>\n<\/div>","protected":false},"excerpt":{"rendered":"<p>[vc_row][vc_column][vc_column_text] Charlotte de la prestigiosa firma italiana Porada \u00e9s una exclusiva i elegant butaca de disseny contemporani que es caracteritza per les seves l\u00ednies elegants i acollidores. Dissenyada pels reconeguts germans L. \u2013 M. Dainelli es tracta d\u2019una butaca exclusiva d\u2019estil contemporani que gr\u00e0cies a la seva estructura ergon\u00f2mica en fusta massissa de noguera garanteix [&hellip;]<\/p>\n","protected":false},"author":1,"featured_media":0,"parent":0,"menu_order":0,"comment_status":"closed","ping_status":"closed","template":"","meta":{"footnotes":""},"class_list":["post-46468","page","type-page","status-publish","hentry"],"aioseo_notices":[],"_links":{"self":[{"href":"https:\/\/www.mirsa.es\/ca\/wp-json\/wp\/v2\/pages\/46468","targetHints":{"allow":["GET"]}}],"collection":[{"href":"https:\/\/www.mirsa.es\/ca\/wp-json\/wp\/v2\/pages"}],"about":[{"href":"https:\/\/www.mirsa.es\/ca\/wp-json\/wp\/v2\/types\/page"}],"author":[{"embeddable":true,"href":"https:\/\/www.mirsa.es\/ca\/wp-json\/wp\/v2\/users\/1"}],"replies":[{"embeddable":true,"href":"https:\/\/www.mirsa.es\/ca\/wp-json\/wp\/v2\/comments?post=46468"}],"version-history":[{"count":0,"href":"https:\/\/www.mirsa.es\/ca\/wp-json\/wp\/v2\/pages\/46468\/revisions"}],"wp:attachment":[{"href":"https:\/\/www.mirsa.es\/ca\/wp-json\/wp\/v2\/media?parent=46468"}],"curies":[{"name":"wp","href":"https:\/\/api.w.org\/{rel}","templated":true}]}}