{"id":46457,"date":"2017-11-08T18:29:50","date_gmt":"2017-11-08T17:29:50","guid":{"rendered":"http:\/\/www.mirsa.es.mialias.net\/butaca-calliope-maxalto\/"},"modified":"2020-11-07T17:32:22","modified_gmt":"2020-11-07T17:32:22","slug":"butaca-calliope-maxalto","status":"publish","type":"page","link":"https:\/\/www.mirsa.es\/ca\/butaca-calliope-maxalto\/","title":{"rendered":"Butaca Calliope Maxalto"},"content":{"rendered":"<div class=\"wpb-content-wrapper\"><p>[vc_row][vc_column][vc_column_text]<\/p>\n<h5><img decoding=\"async\" class=\"wp-image-1077 size-large aligncenter\" title=\"Butaca Calliope Maxalto\" src=\"\/wp-content\/uploads\/2020\/07\/butaca_calliope_maxalto.jpg\" alt=\"Butaca Calliope - Maxalto\" width=\"100%\" height=\"400\" \/><\/h5>\n<p style=\"font-size: 16px; text-align: left;\"><strong>La butaca Calliope de Maxalto destaca per l\u2019eleg\u00e0ncia de la seva base ovalada i respatller curvilini, que li d\u00f3na un aspecte confortable i acollidor.<\/strong><\/p>\n<p style=\"font-size: 16px; text-align: left;\">La col\u00b7lecci\u00f3 est\u00e0 coordinada \u00edntegrament pel prestigi\u00f3s dissenyador Antonio Citterio, que va presentar la col\u00b7lecci\u00f3 al 2006 i encara segueix sent una refer\u00e8ncia al m\u00f3n de l\u2019interiorisme.<\/p>\n<p style=\"font-size: 16px; text-align: left;\">Calliope es defineix com ir\u00f2nica i coqueta i est\u00e0 disponible en un gran nombre de colors i acabats. Per a m\u00e9s informaci\u00f3, visiti el nostre Showroom o contacti amb nosaltres.<\/p>\n<p>[\/vc_column_text][vc_row_inner][vc_column_inner]<style type=\"text\/css\">#bklyn_btn_69d16f3debffb .bklyn-btn { color:#ffffff !important; background-color:black !important; }<\/style><div id=\"bklyn_btn_69d16f3debffb\" class=\"bklyn-btn-holder  bklyn-btn-center bklyn-btn-tablet-center bklyn-btn-mobile-center\"><a title=\"Contacto\"   href=\"\/contacto\" target=\"_self\" class=\"bklyn-btn  bklyn-btn-icon-left bklyn-btn-normal\" ><i class=\"fa fa-envelope\"><\/i><span class=\"ut-btn-text\">M\u00e9s informaci\u00f3<\/span><\/a><\/div>[\/vc_column_inner][\/vc_row_inner][\/vc_column][\/vc_row]<\/p>\n<\/div>","protected":false},"excerpt":{"rendered":"<p>[vc_row][vc_column][vc_column_text] La butaca Calliope de Maxalto destaca per l\u2019eleg\u00e0ncia de la seva base ovalada i respatller curvilini, que li d\u00f3na un aspecte confortable i acollidor. La col\u00b7lecci\u00f3 est\u00e0 coordinada \u00edntegrament pel prestigi\u00f3s dissenyador Antonio Citterio, que va presentar la col\u00b7lecci\u00f3 al 2006 i encara segueix sent una refer\u00e8ncia al m\u00f3n de l\u2019interiorisme. Calliope es defineix [&hellip;]<\/p>\n","protected":false},"author":1,"featured_media":0,"parent":0,"menu_order":0,"comment_status":"closed","ping_status":"closed","template":"","meta":{"footnotes":""},"class_list":["post-46457","page","type-page","status-publish","hentry"],"aioseo_notices":[],"_links":{"self":[{"href":"https:\/\/www.mirsa.es\/ca\/wp-json\/wp\/v2\/pages\/46457","targetHints":{"allow":["GET"]}}],"collection":[{"href":"https:\/\/www.mirsa.es\/ca\/wp-json\/wp\/v2\/pages"}],"about":[{"href":"https:\/\/www.mirsa.es\/ca\/wp-json\/wp\/v2\/types\/page"}],"author":[{"embeddable":true,"href":"https:\/\/www.mirsa.es\/ca\/wp-json\/wp\/v2\/users\/1"}],"replies":[{"embeddable":true,"href":"https:\/\/www.mirsa.es\/ca\/wp-json\/wp\/v2\/comments?post=46457"}],"version-history":[{"count":0,"href":"https:\/\/www.mirsa.es\/ca\/wp-json\/wp\/v2\/pages\/46457\/revisions"}],"wp:attachment":[{"href":"https:\/\/www.mirsa.es\/ca\/wp-json\/wp\/v2\/media?parent=46457"}],"curies":[{"name":"wp","href":"https:\/\/api.w.org\/{rel}","templated":true}]}}