{"id":46426,"date":"2018-04-20T12:49:16","date_gmt":"2018-04-20T10:49:16","guid":{"rendered":"http:\/\/www.mirsa.es.mialias.net\/bull-mesa-bb-italia\/"},"modified":"2020-11-07T16:13:39","modified_gmt":"2020-11-07T16:13:39","slug":"bull-mesa-bb-italia","status":"publish","type":"page","link":"https:\/\/www.mirsa.es\/ca\/bull-mesa-bb-italia\/","title":{"rendered":"Bull taula B&#038;B Italia"},"content":{"rendered":"<div class=\"wpb-content-wrapper\"><p>[vc_row][vc_column][vc_column_text]<\/p>\n<h5><img decoding=\"async\" class=\"wp-image-1077 size-large aligncenter\" title=\"Bull taula B&#038;B Italia\" src=\"\/wp-content\/uploads\/2020\/07\/bull_mesa_bb_italia.jpg\" alt=\"Bull taula B&#038;B Italia\" width=\"100%\" height=\"400\" \/><\/h5>\n<p style=\"font-size: 16px; text-align: left;\"><strong>Bull de B&#038;B Italia \u00e9s una espectacular taula per a la zona de dia patentada pel reconegut dissenyador japon\u00e8s Naoto Fukasawa.<br \/>\n<\/strong><\/p>\n<p style=\"font-size: 16px; text-align: left;\">L\u2019autor aconsegueix transmetre amb aquesta pe\u00e7a tan singular una impressi\u00f3 de gran for\u00e7a i, al mateix temps, d\u2019un objecte extremadament refinat. Un efecte estil\u00edstic que forma part del llenguatge del dissenyador i que s\u2019aconsegueix gr\u00e0cies a la tensi\u00f3 estructural subtil entre els elements que la componen.<\/p>\n<p style=\"font-size: 16px; text-align: left;\">Bull est\u00e0 disponible en fusta de roure, en una versi\u00f3 m\u00e9s lleugera, gris o negra. El taulell de marbre est\u00e0 disponible en color negre Marquina i blanc statuarietto.<\/p>\n<p style=\"font-size: 16px; text-align: left;\">A MIRSA interiorisme &#038; mobiliari som distribu\u00efdors oficials B&#038;B Italia. Per a m\u00e9s informaci\u00f3, visiti la nostra exposici\u00f3 o contacti amb nosaltres.\n<\/p>\n<p>[\/vc_column_text][vc_row_inner][vc_column_inner]<style type=\"text\/css\">#bklyn_btn_69d1eab4cddfa .bklyn-btn { color:#ffffff !important; background-color:black !important; }<\/style><div id=\"bklyn_btn_69d1eab4cddfa\" class=\"bklyn-btn-holder  bklyn-btn-center bklyn-btn-tablet-center bklyn-btn-mobile-center\"><a title=\"Contacto\"   href=\"\/contacto\" target=\"_self\" class=\"bklyn-btn  bklyn-btn-icon-left bklyn-btn-normal\" ><i class=\"fa fa-envelope\"><\/i><span class=\"ut-btn-text\">M\u00e9s informaci\u00f3<\/span><\/a><\/div>[\/vc_column_inner][\/vc_row_inner][\/vc_column][\/vc_row]<\/p>\n<\/div>","protected":false},"excerpt":{"rendered":"<p>[vc_row][vc_column][vc_column_text] Bull de B&#038;B Italia \u00e9s una espectacular taula per a la zona de dia patentada pel reconegut dissenyador japon\u00e8s Naoto Fukasawa. L\u2019autor aconsegueix transmetre amb aquesta pe\u00e7a tan singular una impressi\u00f3 de gran for\u00e7a i, al mateix temps, d\u2019un objecte extremadament refinat. Un efecte estil\u00edstic que forma part del llenguatge del dissenyador i que [&hellip;]<\/p>\n","protected":false},"author":1,"featured_media":0,"parent":0,"menu_order":0,"comment_status":"closed","ping_status":"closed","template":"","meta":{"footnotes":""},"class_list":["post-46426","page","type-page","status-publish","hentry"],"aioseo_notices":[],"_links":{"self":[{"href":"https:\/\/www.mirsa.es\/ca\/wp-json\/wp\/v2\/pages\/46426","targetHints":{"allow":["GET"]}}],"collection":[{"href":"https:\/\/www.mirsa.es\/ca\/wp-json\/wp\/v2\/pages"}],"about":[{"href":"https:\/\/www.mirsa.es\/ca\/wp-json\/wp\/v2\/types\/page"}],"author":[{"embeddable":true,"href":"https:\/\/www.mirsa.es\/ca\/wp-json\/wp\/v2\/users\/1"}],"replies":[{"embeddable":true,"href":"https:\/\/www.mirsa.es\/ca\/wp-json\/wp\/v2\/comments?post=46426"}],"version-history":[{"count":0,"href":"https:\/\/www.mirsa.es\/ca\/wp-json\/wp\/v2\/pages\/46426\/revisions"}],"wp:attachment":[{"href":"https:\/\/www.mirsa.es\/ca\/wp-json\/wp\/v2\/media?parent=46426"}],"curies":[{"name":"wp","href":"https:\/\/api.w.org\/{rel}","templated":true}]}}