{"id":46411,"date":"2018-01-11T19:23:34","date_gmt":"2018-01-11T18:23:34","guid":{"rendered":"http:\/\/www.mirsa.es.mialias.net\/brunch-ligne-roset\/"},"modified":"2020-11-07T12:31:47","modified_gmt":"2020-11-07T12:31:47","slug":"brunch-ligne-roset","status":"publish","type":"page","link":"https:\/\/www.mirsa.es\/ca\/brunch-ligne-roset\/","title":{"rendered":"Brunch Ligne Roset"},"content":{"rendered":"<div class=\"wpb-content-wrapper\"><p>[vc_row][vc_column][vc_column_text]<\/p>\n<h5><img decoding=\"async\" class=\"wp-image-1077 size-large aligncenter\" title=\"Brunch Ligne Roset\" src=\"\/wp-content\/uploads\/2020\/07\/mesa_brunch_ligne_roset.jpg\" alt=\"Brunch Ligne Roset\" width=\"100%\" height=\"400\"\/><\/h5>\n<p style=\"font-size: 16px; text-align: left;\"><strong>Brunch de Ligne Roset \u00e9s una elegant taula d\u2019al\u00e7ada regulable que s\u2019ha convertit en una de les peces m\u00e9s venudes de la firma.<\/strong><\/p>\n<p style=\"font-size: 16px; text-align: left;\">Es tracta d\u2019una taula de disseny contemporani, pr\u00e0ctica i funcional que gr\u00e0cies al seu mecanisme de regulaci\u00f3 s\u2019adapta amb facilitat a tot tipus de necessitat.<\/p>\n<p style=\"font-size: 16px; text-align: left;\">La col\u00b7lecci\u00f3 Brunch incorpora a m\u00e9s dues petites rodes en la part inferior de la seva estructura, que facilita el seu despla\u00e7ament.<\/p>\n<p style=\"font-size: 16px; text-align: left;\">A MIRSA interiorisme &#038; mobiliari som distribu\u00efdors oficials Ligne Roset. Per a m\u00e9s informaci\u00f3n, visiti la nostra exposici\u00f3 o contacti amb nosaltres.<\/p>\n<p>[\/vc_column_text][vc_row_inner][vc_column_inner]<style type=\"text\/css\">#bklyn_btn_69d2665c209aa .bklyn-btn { color:#ffffff !important; background-color:black !important; }<\/style><div id=\"bklyn_btn_69d2665c209aa\" class=\"bklyn-btn-holder  bklyn-btn-center bklyn-btn-tablet-center bklyn-btn-mobile-center\"><a title=\"Contacto\"   href=\"\/contacto\" target=\"_self\" class=\"bklyn-btn  bklyn-btn-icon-left bklyn-btn-normal\" ><i class=\"fa fa-envelope\"><\/i><span class=\"ut-btn-text\">M\u00e9s informaci\u00f3<\/span><\/a><\/div>[\/vc_column_inner][\/vc_row_inner][\/vc_column][\/vc_row]<\/p>\n<\/div>","protected":false},"excerpt":{"rendered":"<p>[vc_row][vc_column][vc_column_text] Brunch de Ligne Roset \u00e9s una elegant taula d\u2019al\u00e7ada regulable que s\u2019ha convertit en una de les peces m\u00e9s venudes de la firma. Es tracta d\u2019una taula de disseny contemporani, pr\u00e0ctica i funcional que gr\u00e0cies al seu mecanisme de regulaci\u00f3 s\u2019adapta amb facilitat a tot tipus de necessitat. La col\u00b7lecci\u00f3 Brunch incorpora a m\u00e9s [&hellip;]<\/p>\n","protected":false},"author":1,"featured_media":0,"parent":0,"menu_order":0,"comment_status":"closed","ping_status":"closed","template":"","meta":{"footnotes":""},"class_list":["post-46411","page","type-page","status-publish","hentry"],"aioseo_notices":[],"_links":{"self":[{"href":"https:\/\/www.mirsa.es\/ca\/wp-json\/wp\/v2\/pages\/46411","targetHints":{"allow":["GET"]}}],"collection":[{"href":"https:\/\/www.mirsa.es\/ca\/wp-json\/wp\/v2\/pages"}],"about":[{"href":"https:\/\/www.mirsa.es\/ca\/wp-json\/wp\/v2\/types\/page"}],"author":[{"embeddable":true,"href":"https:\/\/www.mirsa.es\/ca\/wp-json\/wp\/v2\/users\/1"}],"replies":[{"embeddable":true,"href":"https:\/\/www.mirsa.es\/ca\/wp-json\/wp\/v2\/comments?post=46411"}],"version-history":[{"count":0,"href":"https:\/\/www.mirsa.es\/ca\/wp-json\/wp\/v2\/pages\/46411\/revisions"}],"wp:attachment":[{"href":"https:\/\/www.mirsa.es\/ca\/wp-json\/wp\/v2\/media?parent=46411"}],"curies":[{"name":"wp","href":"https:\/\/api.w.org\/{rel}","templated":true}]}}