{"id":46406,"date":"2018-04-27T12:21:44","date_gmt":"2018-04-27T10:21:44","guid":{"rendered":"http:\/\/www.mirsa.es.mialias.net\/sofa-brown-sugar-arketipo\/"},"modified":"2020-11-07T12:15:22","modified_gmt":"2020-11-07T12:15:22","slug":"sofa-brown-sugar-arketipo","status":"publish","type":"page","link":"https:\/\/www.mirsa.es\/ca\/sofa-brown-sugar-arketipo\/","title":{"rendered":"Brown Sugar Arketipo"},"content":{"rendered":"<div class=\"wpb-content-wrapper\"><p>[vc_row][vc_column][vc_column_text]<\/p>\n<h5><img decoding=\"async\" class=\"wp-image-1077 size-large aligncenter\" title=\"Brown Sugar Arketipo\" src=\"\/wp-content\/uploads\/2020\/06\/sofa_brown_sugar_arketipo.jpg\" alt=\"Brown Sugar Arketipo\" width=\"100%\" height=\"400\" \/><\/h5>\n<p style=\"font-size: 16px; text-align: left;\"><strong>Brown Sugar d\u2019Arketipo \u00e9s el nou sistema de seients patentat pel reconegut dissenyador Mauro Lipparini. <\/strong><\/p>\n<p style=\"font-size: 16px; text-align: left;\">Es tracta d\u2019un sof\u00e0 que destaca per la seva personalitat suau i tranquil\u00b7litzadora, potenciada per les seves formes singulars i simplificades.<\/p>\n<p style=\"font-size: 16px; text-align: left;\">L\u2019atenci\u00f3 pel detall proporciona una diferenciaci\u00f3 atractiva al sof\u00e0, amb dobles costures que donen valor a cada element que el conforma.<\/p>\n<p><p style=\"font-size: 16px; text-align: left;\">A MIRSA interiorisme &#038; mobiliari som distribu\u00efdors oficials Arketipo. Per a m\u00e9s informaci\u00f3, visiti la nostra exposici\u00f3 o contacti amb nosaltres.<\/p>\n<p><p>[\/vc_column_text][vc_row_inner][vc_column_inner]<style type=\"text\/css\">#bklyn_btn_69d1549ae1131 .bklyn-btn { color:#ffffff !important; background-color:black !important; }<\/style><div id=\"bklyn_btn_69d1549ae1131\" class=\"bklyn-btn-holder  bklyn-btn-center bklyn-btn-tablet-center bklyn-btn-mobile-center\"><a title=\"Contacto\"   href=\"\/contacto\" target=\"_self\" class=\"bklyn-btn  bklyn-btn-icon-left bklyn-btn-normal\" ><i class=\"fa fa-envelope\"><\/i><span class=\"ut-btn-text\">M\u00e9s informaci\u00f3<\/span><\/a><\/div>[\/vc_column_inner][\/vc_row_inner][\/vc_column][\/vc_row]<\/p>\n<\/div>","protected":false},"excerpt":{"rendered":"<p>[vc_row][vc_column][vc_column_text] Brown Sugar d\u2019Arketipo \u00e9s el nou sistema de seients patentat pel reconegut dissenyador Mauro Lipparini. Es tracta d\u2019un sof\u00e0 que destaca per la seva personalitat suau i tranquil\u00b7litzadora, potenciada per les seves formes singulars i simplificades. L\u2019atenci\u00f3 pel detall proporciona una diferenciaci\u00f3 atractiva al sof\u00e0, amb dobles costures que donen valor a cada element [&hellip;]<\/p>\n","protected":false},"author":1,"featured_media":0,"parent":0,"menu_order":0,"comment_status":"closed","ping_status":"closed","template":"","meta":{"footnotes":""},"class_list":["post-46406","page","type-page","status-publish","hentry"],"aioseo_notices":[],"_links":{"self":[{"href":"https:\/\/www.mirsa.es\/ca\/wp-json\/wp\/v2\/pages\/46406","targetHints":{"allow":["GET"]}}],"collection":[{"href":"https:\/\/www.mirsa.es\/ca\/wp-json\/wp\/v2\/pages"}],"about":[{"href":"https:\/\/www.mirsa.es\/ca\/wp-json\/wp\/v2\/types\/page"}],"author":[{"embeddable":true,"href":"https:\/\/www.mirsa.es\/ca\/wp-json\/wp\/v2\/users\/1"}],"replies":[{"embeddable":true,"href":"https:\/\/www.mirsa.es\/ca\/wp-json\/wp\/v2\/comments?post=46406"}],"version-history":[{"count":0,"href":"https:\/\/www.mirsa.es\/ca\/wp-json\/wp\/v2\/pages\/46406\/revisions"}],"wp:attachment":[{"href":"https:\/\/www.mirsa.es\/ca\/wp-json\/wp\/v2\/media?parent=46406"}],"curies":[{"name":"wp","href":"https:\/\/api.w.org\/{rel}","templated":true}]}}