{"id":46401,"date":"2018-05-26T12:35:34","date_gmt":"2018-05-26T10:35:34","guid":{"rendered":"http:\/\/www.mirsa.es.mialias.net\/brokis-iluminacion\/"},"modified":"2024-05-15T08:17:05","modified_gmt":"2024-05-15T08:17:05","slug":"brokis-iluminacion","status":"publish","type":"page","link":"https:\/\/www.mirsa.es\/ca\/brokis-iluminacion\/","title":{"rendered":"Brokis il\u00b7luminaci\u00f3"},"content":{"rendered":"<div class=\"wpb-content-wrapper\"><p>[vc_row css=&#8221;.vc_custom_1583596731269{margin-left: -50px !important;}&#8221;][vc_column][vc_column_text]<a style=\"color:black;\" href=\"javascript:history.go(-1)\" onmouseover=\"self.status=document.referrer;return true\">Atr\u00e1s<\/a>[\/vc_column_text][\/vc_column][\/vc_row][vc_row][vc_column][vc_column_text]<br \/>\n<img decoding=\"async\" class=\"wp-image-1077 size-large aligncenter\" title=\"Brokis il\u00b7luminaci\u00f3\" src=\"\/wp-content\/uploads\/2020\/06\/brokis_iluminacion.jpg\" alt=\"Brokis il\u00b7luminaci\u00f3\" width=\"100%\" height=\"400\" \/><\/p>\n<h2 style=\"font-size: 16px; text-align: left;\"><strong>Brokis \u00e9s una reconeguda firma d\u2019il\u00b7luminaci\u00f3 que es caracteritza pel disseny elegant i funcional de tots els seus productes.<\/strong><\/h2>\n<p style=\"font-size: 16px; text-align: left;\">Les seves col\u00b7leccions estan formades per peces \u00faniques i exclusives realitzades per Mestres artesans checs, que poses tota la seva experi\u00e8ncia i creativitat al servei de la marca. Els productes de Brokis neixen de la combinaci\u00f3 perfecta entre tradici\u00f3 i innovaci\u00f3, fusionant antigues t\u00e8cniques tradicionals amb dissenys contemporanis.<\/p>\n<p style=\"font-size: 16px; text-align: left;\">A MIRSA interiorisme &#038; mobiliari som distribu\u00efdors oficials Brokis. Per a m\u00e9s informaci\u00f3, contacti amb nosaltres o visiti el nostre Showroom.<\/p>\n<p>[\/vc_column_text][\/vc_column][\/vc_row][vc_section][vc_row full_width=&#8221;stretch_row_content_no_spaces&#8221;][vc_column][vc_column_text]<iframe id=\"embedded-ads-iframe-website\" width=\"100%\" height=\"600\" data-originsrc=\"https:\/\/mirsa.daloom.com\/es\/productos\/iluminacion\/brand_brokis\"><\/iframe><br \/>\n<script defer src=\"https:\/\/mirsa.daloom.com\/js\/parent-embedded-script.min.js\"><\/script>[\/vc_column_text][\/vc_column][\/vc_row][\/vc_section]<\/p>\n<\/div>","protected":false},"excerpt":{"rendered":"<p>[vc_row css=&#8221;.vc_custom_1583596731269{margin-left: -50px !important;}&#8221;][vc_column][vc_column_text]Atr\u00e1s[\/vc_column_text][\/vc_column][\/vc_row][vc_row][vc_column][vc_column_text] Brokis \u00e9s una reconeguda firma d\u2019il\u00b7luminaci\u00f3 que es caracteritza pel disseny elegant i funcional de tots els seus productes. Les seves col\u00b7leccions estan formades per peces \u00faniques i exclusives realitzades per Mestres artesans checs, que poses tota la seva experi\u00e8ncia i creativitat al servei de la marca. Els productes de Brokis [&hellip;]<\/p>\n","protected":false},"author":1,"featured_media":0,"parent":0,"menu_order":0,"comment_status":"closed","ping_status":"closed","template":"","meta":{"footnotes":""},"class_list":["post-46401","page","type-page","status-publish","hentry"],"aioseo_notices":[],"_links":{"self":[{"href":"https:\/\/www.mirsa.es\/ca\/wp-json\/wp\/v2\/pages\/46401","targetHints":{"allow":["GET"]}}],"collection":[{"href":"https:\/\/www.mirsa.es\/ca\/wp-json\/wp\/v2\/pages"}],"about":[{"href":"https:\/\/www.mirsa.es\/ca\/wp-json\/wp\/v2\/types\/page"}],"author":[{"embeddable":true,"href":"https:\/\/www.mirsa.es\/ca\/wp-json\/wp\/v2\/users\/1"}],"replies":[{"embeddable":true,"href":"https:\/\/www.mirsa.es\/ca\/wp-json\/wp\/v2\/comments?post=46401"}],"version-history":[{"count":0,"href":"https:\/\/www.mirsa.es\/ca\/wp-json\/wp\/v2\/pages\/46401\/revisions"}],"wp:attachment":[{"href":"https:\/\/www.mirsa.es\/ca\/wp-json\/wp\/v2\/media?parent=46401"}],"curies":[{"name":"wp","href":"https:\/\/api.w.org\/{rel}","templated":true}]}}