{"id":46386,"date":"2018-05-26T11:14:11","date_gmt":"2018-05-26T09:14:11","guid":{"rendered":"http:\/\/www.mirsa.es.mialias.net\/bover-iluminacion\/"},"modified":"2024-05-15T07:59:00","modified_gmt":"2024-05-15T07:59:00","slug":"bover-iluminacion","status":"publish","type":"page","link":"https:\/\/www.mirsa.es\/ca\/bover-iluminacion\/","title":{"rendered":"Bover il\u00b7luminaci\u00f3"},"content":{"rendered":"<div class=\"wpb-content-wrapper\"><p>[vc_row css=&#8221;.vc_custom_1583596731269{margin-left: -50px !important;}&#8221;][vc_column][vc_column_text]<a style=\"color:black;\" href=\"javascript:history.go(-1)\" onmouseover=\"self.status=document.referrer;return true\">Enrere<\/a>[\/vc_column_text][\/vc_column][\/vc_row][vc_row][vc_column][vc_column_text]<\/p>\n<h5><img decoding=\"async\" class=\"wp-image-1077 size-large aligncenter\" title=\"Bover Il\u00b7luminaci\u00f3\" src=\"\/wp-content\/uploads\/2020\/06\/bover_iluminacion.jpg\" alt=\"Bover Il\u00b7luminaci\u00f3\" width=\"100%\" height=\"400\" \/><\/h5>\n<p style=\"font-size: 16px; text-align: left;\"><strong>Bover \u00e9s una reconeguda firma dedicada a la producci\u00f3 de l\u00e0mpades i articles d\u2019il\u00b7luminaci\u00f3 d\u2019estil contemporani.<\/strong><\/p>\n<p style=\"font-size: 16px; text-align: left;\">Fundada l\u2019any 1996 a Barcelona, la firma ha esdevingut un referent de la il\u00b7luminaci\u00f3, el que l\u2019ha portada a exportar a m\u00e9s de 50 pa\u00efsos i a tenir una filial pr\u00f2pia a Estats Units. La marca es caracteritza per la fabricaci\u00f3 i el disseny de productes de grans dimensions ideats per ambientar grans hotels o projectes contract.<\/p>\n<p style=\"font-size: 16px; text-align: left;\">A MIRSA interiorisme &amp; mobiliari som distribuidors oficials Bover. Per a m\u00e9s informaci\u00f3, visiti el nostre Showroom o contacti amb nosaltres.<\/p>\n<p>[\/vc_column_text][\/vc_column][\/vc_row][vc_section][vc_row full_width=&#8221;stretch_row_content_no_spaces&#8221;][vc_column][vc_column_text]<iframe id=\"embedded-ads-iframe-website\" width=\"100%\" height=\"600\" data-originsrc=\"https:\/\/mirsa.daloom.com\/es\/productos\/iluminacion\/brand_bover\"><\/iframe><br \/>\n<script defer src=\"https:\/\/mirsa.daloom.com\/js\/parent-embedded-script.min.js\"><\/script>[\/vc_column_text][\/vc_column][\/vc_row][\/vc_section]<\/p>\n<\/div>","protected":false},"excerpt":{"rendered":"<p>[vc_row css=&#8221;.vc_custom_1583596731269{margin-left: -50px !important;}&#8221;][vc_column][vc_column_text]Enrere[\/vc_column_text][\/vc_column][\/vc_row][vc_row][vc_column][vc_column_text] Bover \u00e9s una reconeguda firma dedicada a la producci\u00f3 de l\u00e0mpades i articles d\u2019il\u00b7luminaci\u00f3 d\u2019estil contemporani. Fundada l\u2019any 1996 a Barcelona, la firma ha esdevingut un referent de la il\u00b7luminaci\u00f3, el que l\u2019ha portada a exportar a m\u00e9s de 50 pa\u00efsos i a tenir una filial pr\u00f2pia a Estats Units. La [&hellip;]<\/p>\n","protected":false},"author":1,"featured_media":0,"parent":0,"menu_order":0,"comment_status":"closed","ping_status":"closed","template":"","meta":{"footnotes":""},"class_list":["post-46386","page","type-page","status-publish","hentry"],"aioseo_notices":[],"_links":{"self":[{"href":"https:\/\/www.mirsa.es\/ca\/wp-json\/wp\/v2\/pages\/46386","targetHints":{"allow":["GET"]}}],"collection":[{"href":"https:\/\/www.mirsa.es\/ca\/wp-json\/wp\/v2\/pages"}],"about":[{"href":"https:\/\/www.mirsa.es\/ca\/wp-json\/wp\/v2\/types\/page"}],"author":[{"embeddable":true,"href":"https:\/\/www.mirsa.es\/ca\/wp-json\/wp\/v2\/users\/1"}],"replies":[{"embeddable":true,"href":"https:\/\/www.mirsa.es\/ca\/wp-json\/wp\/v2\/comments?post=46386"}],"version-history":[{"count":0,"href":"https:\/\/www.mirsa.es\/ca\/wp-json\/wp\/v2\/pages\/46386\/revisions"}],"wp:attachment":[{"href":"https:\/\/www.mirsa.es\/ca\/wp-json\/wp\/v2\/media?parent=46386"}],"curies":[{"name":"wp","href":"https:\/\/api.w.org\/{rel}","templated":true}]}}