{"id":46334,"date":"2018-05-24T12:07:34","date_gmt":"2018-05-24T10:07:34","guid":{"rendered":"http:\/\/www.mirsa.es.mialias.net\/bla-station-muebles\/"},"modified":"2024-05-21T10:34:14","modified_gmt":"2024-05-21T10:34:14","slug":"bla-station-muebles","status":"publish","type":"page","link":"https:\/\/www.mirsa.es\/ca\/bla-station-muebles\/","title":{"rendered":"Bla Station Mobles"},"content":{"rendered":"<div class=\"wpb-content-wrapper\"><p>[vc_row css=&#8221;.vc_custom_1583596731269{margin-left: -50px !important;}&#8221;][vc_column][vc_column_text]<a href=\"javascript:history.go(-1)\" onmouseover=\"self.status=document.referrer;return true\" style=\"color: black;\">Enrere<\/a>[\/vc_column_text][\/vc_column][\/vc_row][vc_row][vc_column][vc_column_text]<\/p>\n<h5><img decoding=\"async\" class=\"wp-image-1077 size-large aligncenter\" title=\"Bla Station mobles\" src=\"\/wp-content\/uploads\/2020\/05\/bla-station.jpg\" alt=\"Bla Station mobles\" width=\"100%\" height=\"400\" \/><\/h5>\n<p style=\"font-size: 16px; text-align: left;\"><strong>Bla Station \u00e9s una prestigiosa firma de mobiliari d\u2019estil n\u00f2rdic. El Showroom principal de la marca es troba en un dels barris m\u00e9s c\u00e8ntrics d\u2019Estocolm.<\/strong><\/p>\n<p style=\"font-size: 16px; text-align: left;\">Les col\u00b7leccions de Bla Station es caracteritzen per la seva eleg\u00e0ncia i calidesa, convertint-se aix\u00ed en un recurs ideal per a donar un toc d\u2019exclusivitat a la nostra llar.<\/p>\n<p style=\"font-size: 16px; text-align: left;\">La firma, que des dels seus inicis ha apostat fermament pel progr\u00e9s i la innovaci\u00f3, ha rebut el reconeixement internacional a trav\u00e9s de diversos premis i mencions als seus productes.<\/p>\n<p style=\"font-size: 16px; text-align: left;\">A MIRSA interiorisme &#038; mobiliari som distribu\u00efdors oficials de Bla Station. Per a m\u00e9s informaci\u00f3, visiti la nostra exposici\u00f3 o contact\u00ed amb nosaltres.<\/p>\n<p>[\/vc_column_text][vc_row_inner][vc_column_inner width=&#8221;1\/3&#8243;][\/vc_column_inner][vc_column_inner width=&#8221;1\/3&#8243;]<style type=\"text\/css\">#bklyn_btn_6a092247a6e4c .bklyn-btn { color:#ffffff !important; background-color:black !important; }<\/style><div id=\"bklyn_btn_6a092247a6e4c\" class=\"bklyn-btn-holder  bklyn-btn-center bklyn-btn-tablet-center bklyn-btn-mobile-center\"><a title=\"Contacto\"   href=\"\/contacto\" target=\"_self\" class=\"bklyn-btn  bklyn-btn-icon-left bklyn-btn-normal\" ><i class=\"fa fa-envelope\"><\/i><span class=\"ut-btn-text\">M\u00e9s informaci\u00f3<\/span><\/a><\/div>[\/vc_column_inner][vc_column_inner width=&#8221;1\/3&#8243;][\/vc_column_inner][\/vc_row_inner][\/vc_column][\/vc_row]<\/p>\n<\/div>","protected":false},"excerpt":{"rendered":"<p>[vc_row css=&#8221;.vc_custom_1583596731269{margin-left: -50px !important;}&#8221;][vc_column][vc_column_text]Enrere[\/vc_column_text][\/vc_column][\/vc_row][vc_row][vc_column][vc_column_text] Bla Station \u00e9s una prestigiosa firma de mobiliari d\u2019estil n\u00f2rdic. El Showroom principal de la marca es troba en un dels barris m\u00e9s c\u00e8ntrics d\u2019Estocolm. Les col\u00b7leccions de Bla Station es caracteritzen per la seva eleg\u00e0ncia i calidesa, convertint-se aix\u00ed en un recurs ideal per a donar un toc d\u2019exclusivitat a [&hellip;]<\/p>\n","protected":false},"author":1,"featured_media":0,"parent":0,"menu_order":0,"comment_status":"closed","ping_status":"closed","template":"","meta":{"footnotes":""},"class_list":["post-46334","page","type-page","status-publish","hentry"],"aioseo_notices":[],"_links":{"self":[{"href":"https:\/\/www.mirsa.es\/ca\/wp-json\/wp\/v2\/pages\/46334","targetHints":{"allow":["GET"]}}],"collection":[{"href":"https:\/\/www.mirsa.es\/ca\/wp-json\/wp\/v2\/pages"}],"about":[{"href":"https:\/\/www.mirsa.es\/ca\/wp-json\/wp\/v2\/types\/page"}],"author":[{"embeddable":true,"href":"https:\/\/www.mirsa.es\/ca\/wp-json\/wp\/v2\/users\/1"}],"replies":[{"embeddable":true,"href":"https:\/\/www.mirsa.es\/ca\/wp-json\/wp\/v2\/comments?post=46334"}],"version-history":[{"count":0,"href":"https:\/\/www.mirsa.es\/ca\/wp-json\/wp\/v2\/pages\/46334\/revisions"}],"wp:attachment":[{"href":"https:\/\/www.mirsa.es\/ca\/wp-json\/wp\/v2\/media?parent=46334"}],"curies":[{"name":"wp","href":"https:\/\/api.w.org\/{rel}","templated":true}]}}