{"id":46316,"date":"2018-05-24T11:03:39","date_gmt":"2018-05-24T09:03:39","guid":{"rendered":"http:\/\/www.mirsa.es.mialias.net\/bivaq-muebles-jardin\/"},"modified":"2024-05-15T07:30:49","modified_gmt":"2024-05-15T07:30:49","slug":"bivaq-muebles-jardin","status":"publish","type":"page","link":"https:\/\/www.mirsa.es\/ca\/bivaq-muebles-jardin\/","title":{"rendered":"Bivaq mobles de jard\u00ed"},"content":{"rendered":"<div class=\"wpb-content-wrapper\"><p>[vc_row css=&#8221;.vc_custom_1583596731269{margin-left: -50px !important;}&#8221;][vc_column][vc_column_text]<a style=\"color: black;\">Enrere<\/a>[\/vc_column_text][\/vc_column][\/vc_row][vc_row][vc_column][vc_column_text]<br \/>\n<img decoding=\"async\" class=\"wp-image-1077 size-large aligncenter\" title=\"Bivaq mobles de jard\u00ed\" src=\"\/wp-content\/uploads\/2020\/05\/bivaq_muebles_jardin_00.jpg\" alt=\"Bivaq muebles de jard\u00ed\" width=\"100%\" height=\"400\" \/><\/p>\n<h2 style=\"font-size: 16px; text-align: left;\"><strong>Bivaq \u00e9s una reconeguda marca de mobiliari exterior fundada a Barcelona l\u2019any 2003 per Alberto Compte.<\/strong><\/h2>\n<p style=\"font-size: 16px; text-align: left;\">Durant els \u00faltims anys, la marca s\u2019ha convertit en tota una refer\u00e8ncia del mobiliari outdoor, gr\u00e0cies a la seva aposta per la innovaci\u00f3 i per l\u2019excel\u00b7lent qualitat de totes les seves col\u00b7leccions.<\/p>\n<p style=\"font-size: 16px; text-align: left;\">Bivaq es caracteritza pel desenvolupament de productes elegants i resistents, amb l\u2019objectiu de garantir al m\u00e0xim la comoditat en jardins i terrasses.<\/p>\n<p style=\"font-size: 16px; text-align: left;\">A MIRSA interiorisme &#038; mobiliari som distribu\u00efdors oficials Bivaq. Per a m\u00e9s informaci\u00f3, visiti el nostre Showroom o contacti amb nosaltres.<\/p>\n<p>[\/vc_column_text][\/vc_column][\/vc_row][vc_section][vc_row full_width=&#8221;stretch_row_content_no_spaces&#8221;][vc_column][vc_column_text]<iframe id=\"embedded-ads-iframe-website\" width=\"100%\" height=\"600\" data-originsrc=\"https:\/\/mirsa.daloom.com\/es\/productos\/mobiliario\/brand_bivaq\"><\/iframe><br \/>\n<script defer src=\"https:\/\/mirsa.daloom.com\/js\/parent-embedded-script.min.js\"><\/script>[\/vc_column_text][\/vc_column][\/vc_row][\/vc_section]<\/p>\n<\/div>","protected":false},"excerpt":{"rendered":"<p>[vc_row css=&#8221;.vc_custom_1583596731269{margin-left: -50px !important;}&#8221;][vc_column][vc_column_text]Enrere[\/vc_column_text][\/vc_column][\/vc_row][vc_row][vc_column][vc_column_text] Bivaq \u00e9s una reconeguda marca de mobiliari exterior fundada a Barcelona l\u2019any 2003 per Alberto Compte. Durant els \u00faltims anys, la marca s\u2019ha convertit en tota una refer\u00e8ncia del mobiliari outdoor, gr\u00e0cies a la seva aposta per la innovaci\u00f3 i per l\u2019excel\u00b7lent qualitat de totes les seves col\u00b7leccions. Bivaq es caracteritza [&hellip;]<\/p>\n","protected":false},"author":1,"featured_media":0,"parent":0,"menu_order":0,"comment_status":"closed","ping_status":"closed","template":"","meta":{"footnotes":""},"class_list":["post-46316","page","type-page","status-publish","hentry"],"aioseo_notices":[],"_links":{"self":[{"href":"https:\/\/www.mirsa.es\/ca\/wp-json\/wp\/v2\/pages\/46316","targetHints":{"allow":["GET"]}}],"collection":[{"href":"https:\/\/www.mirsa.es\/ca\/wp-json\/wp\/v2\/pages"}],"about":[{"href":"https:\/\/www.mirsa.es\/ca\/wp-json\/wp\/v2\/types\/page"}],"author":[{"embeddable":true,"href":"https:\/\/www.mirsa.es\/ca\/wp-json\/wp\/v2\/users\/1"}],"replies":[{"embeddable":true,"href":"https:\/\/www.mirsa.es\/ca\/wp-json\/wp\/v2\/comments?post=46316"}],"version-history":[{"count":0,"href":"https:\/\/www.mirsa.es\/ca\/wp-json\/wp\/v2\/pages\/46316\/revisions"}],"wp:attachment":[{"href":"https:\/\/www.mirsa.es\/ca\/wp-json\/wp\/v2\/media?parent=46316"}],"curies":[{"name":"wp","href":"https:\/\/api.w.org\/{rel}","templated":true}]}}