{"id":46310,"date":"2019-02-07T12:56:29","date_gmt":"2019-02-07T11:56:29","guid":{"rendered":"http:\/\/www.mirsa.es.mialias.net\/binova-cocinas\/"},"modified":"2020-11-06T16:46:59","modified_gmt":"2020-11-06T16:46:59","slug":"binova-cocinas","status":"publish","type":"page","link":"https:\/\/www.mirsa.es\/ca\/binova-cocinas\/","title":{"rendered":"Binova Cuines"},"content":{"rendered":"<div class=\"wpb-content-wrapper\"><p>[vc_row][vc_column][vc_column_text]<\/p>\n<h5><img decoding=\"async\" class=\"wp-image-1077 size-large aligncenter\" title=\"Binova Cuines\" src=\"\/wp-content\/uploads\/2020\/11\/binova_cocinas_portada.jpg\" alt=\"Binova Cuines\" width=\"100%\" height=\"400\" \/><\/h5>\n<p style=\"font-size: 16px; text-align: left;\"><strong>Binova \u00e9s una firma de prestigi internacional dedicada a la fabricaci\u00f3 i distribuci\u00f3 de mobiliari contemporani d\u2019alta gamma.<\/strong><\/p>\n<p style=\"font-size: 16px; text-align: left;\">La marca, fundada al 1958 per Giovanni i Francesco Bolleta destaca per les seves col\u00b7leccions elegants i funcionals, que s\u2019adapten amb facilitat a qualsevol tipus d\u2019espai.<\/p>\n<p style=\"font-size: 16px; text-align: left;\">Des de fa m\u00e9s de 60 anys Binova es dedica a la fabricaci\u00f3 de cuines d\u2019alta gamma, explorant nous horitzons en el sector de la fusta i la mec\u00e0nica. La firma representa la combinaci\u00f3 perfecta entre tradici\u00f3 i innovaci\u00f3, apostant per les \u00faltimes tecnologies i per processos de producci\u00f3 artesanals. Cuines adaptades a les necessitats del dia a dia que presenten un disseny contemporani innovador i exclusiu.<\/p>\n<p style=\"font-size: 16px; text-align: left;\">A MIRSA interiorisme &#038; mobiliari som distribu\u00efdors oficials Binova. Per a m\u00e9s informaci\u00f3, visiti el nostre Showroom o contacti amb nosaltres.\n<\/p>\n<p>[\/vc_column_text][vc_row_inner][vc_column_inner]<style type=\"text\/css\">#bklyn_btn_69dbc48308bf3 .bklyn-btn { color:#ffffff !important; background-color:black !important; }<\/style><div id=\"bklyn_btn_69dbc48308bf3\" class=\"bklyn-btn-holder  bklyn-btn-center bklyn-btn-tablet-center bklyn-btn-mobile-center\"><a title=\"Contacto\"   href=\"\/contacto\" target=\"_self\" class=\"bklyn-btn  bklyn-btn-icon-left bklyn-btn-normal\" ><i class=\"fa fa-envelope\"><\/i><span class=\"ut-btn-text\">M\u00e9s informaci\u00f3<\/span><\/a><\/div>[\/vc_column_inner][\/vc_row_inner][\/vc_column][\/vc_row]<\/p>\n<\/div>","protected":false},"excerpt":{"rendered":"<p>[vc_row][vc_column][vc_column_text] Binova \u00e9s una firma de prestigi internacional dedicada a la fabricaci\u00f3 i distribuci\u00f3 de mobiliari contemporani d\u2019alta gamma. La marca, fundada al 1958 per Giovanni i Francesco Bolleta destaca per les seves col\u00b7leccions elegants i funcionals, que s\u2019adapten amb facilitat a qualsevol tipus d\u2019espai. Des de fa m\u00e9s de 60 anys Binova es dedica [&hellip;]<\/p>\n","protected":false},"author":1,"featured_media":0,"parent":0,"menu_order":0,"comment_status":"closed","ping_status":"closed","template":"","meta":{"footnotes":""},"class_list":["post-46310","page","type-page","status-publish","hentry"],"aioseo_notices":[],"_links":{"self":[{"href":"https:\/\/www.mirsa.es\/ca\/wp-json\/wp\/v2\/pages\/46310","targetHints":{"allow":["GET"]}}],"collection":[{"href":"https:\/\/www.mirsa.es\/ca\/wp-json\/wp\/v2\/pages"}],"about":[{"href":"https:\/\/www.mirsa.es\/ca\/wp-json\/wp\/v2\/types\/page"}],"author":[{"embeddable":true,"href":"https:\/\/www.mirsa.es\/ca\/wp-json\/wp\/v2\/users\/1"}],"replies":[{"embeddable":true,"href":"https:\/\/www.mirsa.es\/ca\/wp-json\/wp\/v2\/comments?post=46310"}],"version-history":[{"count":0,"href":"https:\/\/www.mirsa.es\/ca\/wp-json\/wp\/v2\/pages\/46310\/revisions"}],"wp:attachment":[{"href":"https:\/\/www.mirsa.es\/ca\/wp-json\/wp\/v2\/media?parent=46310"}],"curies":[{"name":"wp","href":"https:\/\/api.w.org\/{rel}","templated":true}]}}