{"id":46284,"date":"2018-04-19T19:14:03","date_gmt":"2018-04-19T17:14:03","guid":{"rendered":"http:\/\/www.mirsa.es.mialias.net\/belux-iluminacion\/"},"modified":"2024-05-21T10:28:47","modified_gmt":"2024-05-21T10:28:47","slug":"belux-iluminacion","status":"publish","type":"page","link":"https:\/\/www.mirsa.es\/ca\/belux-iluminacion\/","title":{"rendered":"Belux Il\u00b7luminaci\u00f3"},"content":{"rendered":"<div class=\"wpb-content-wrapper\"><p>[vc_row css=&#8221;.vc_custom_1583596731269{margin-left: -50px !important;}&#8221;][vc_column][vc_column_text]<a style=\"color:black;\" href=\"javascript:history.go(-1)\" onmouseover=\"self.status=document.referrer;return true\" black;\">Enrere<\/a>[\/vc_column_text][\/vc_column][\/vc_row][vc_row][vc_column][vc_column_text]<\/p>\n<h5><img decoding=\"async\" class=\"wp-image-1077 size-large aligncenter\" title=\"Belux Il\u00b7luminaci\u00f3\" src=\"\/wp-content\/uploads\/2020\/05\/belux_iluminacion.jpg\" alt=\"Belux Il\u00b7luminaci\u00f3\" width=\"100%\" height=\"400\" \/><\/h5>\n<p style=\"font-size: 16px; text-align: left;\"><strong>Belux \u00e9s una consolidada firma dedicada a la fabricaci\u00f3 i distribuci\u00f3 de productes d\u2019il\u00b7luminaci\u00f3 d\u2019alta gamma.<\/strong><\/p>\n<p style=\"font-size: 16px; text-align: left;\">Els productes d\u2019il\u00b7luminaci\u00f3 Belux es caracteritzen per la seva gran qualitat, que garanteix una llarga vida \u00fatil del producte. Els accessoris de la firma es fabriquen amb una apassionada atenci\u00f3 als detalls, el que els converteix en peces de disseny \u00faniques.<\/p>\n<p style=\"font-size: 16px; text-align: left;\">La majoria de col\u00b7leccions es desenvolupen amb la col\u00b7laboraci\u00f3 de dissenyadors externs, la creativitat dels quals es combina amb l\u2019experi\u00e8ncia de la firma. Amb aquesta metodologia Belux aconsegueix oferir solucions d\u2019il\u00b7luminaci\u00f3 que marquen la difer\u00e8ncia no nom\u00e9s en l\u2019aspecte funcional, sin\u00f3 tamb\u00e9 en l\u2019est\u00e8tic.<\/p>\n<p style=\"font-size: 16px; text-align: left;\">A MIRSA interiorisme &#038; mobiliari som distribu\u00efdors oficials Belux. Per a m\u00e9s informaci\u00f3 visiti la nostra exposici\u00f3 o contacti amb nosaltres.<\/p>\n<p>[\/vc_column_text][vc_row_inner][vc_column_inner width=&#8221;1\/3&#8243;][\/vc_column_inner][vc_column_inner width=&#8221;1\/3&#8243;]<style type=\"text\/css\">#bklyn_btn_6a0922512a284 .bklyn-btn { color:#ffffff !important; background-color:black !important; }<\/style><div id=\"bklyn_btn_6a0922512a284\" class=\"bklyn-btn-holder  bklyn-btn-center bklyn-btn-tablet-center bklyn-btn-mobile-center\"><a title=\"Contacto\"   href=\"\/contacto\" target=\"_self\" class=\"bklyn-btn  bklyn-btn-icon-left bklyn-btn-normal\" ><i class=\"fa fa-envelope\"><\/i><span class=\"ut-btn-text\">M\u00e9s informaci\u00f3<\/span><\/a><\/div>[\/vc_column_inner][vc_column_inner width=&#8221;1\/3&#8243;][\/vc_column_inner][\/vc_row_inner][\/vc_column][\/vc_row]<\/p>\n<\/div>","protected":false},"excerpt":{"rendered":"<p>[vc_row css=&#8221;.vc_custom_1583596731269{margin-left: -50px !important;}&#8221;][vc_column][vc_column_text]<\/p>\n","protected":false},"author":1,"featured_media":0,"parent":0,"menu_order":0,"comment_status":"closed","ping_status":"closed","template":"","meta":{"footnotes":""},"class_list":["post-46284","page","type-page","status-publish","hentry"],"aioseo_notices":[],"_links":{"self":[{"href":"https:\/\/www.mirsa.es\/ca\/wp-json\/wp\/v2\/pages\/46284","targetHints":{"allow":["GET"]}}],"collection":[{"href":"https:\/\/www.mirsa.es\/ca\/wp-json\/wp\/v2\/pages"}],"about":[{"href":"https:\/\/www.mirsa.es\/ca\/wp-json\/wp\/v2\/types\/page"}],"author":[{"embeddable":true,"href":"https:\/\/www.mirsa.es\/ca\/wp-json\/wp\/v2\/users\/1"}],"replies":[{"embeddable":true,"href":"https:\/\/www.mirsa.es\/ca\/wp-json\/wp\/v2\/comments?post=46284"}],"version-history":[{"count":0,"href":"https:\/\/www.mirsa.es\/ca\/wp-json\/wp\/v2\/pages\/46284\/revisions"}],"wp:attachment":[{"href":"https:\/\/www.mirsa.es\/ca\/wp-json\/wp\/v2\/media?parent=46284"}],"curies":[{"name":"wp","href":"https:\/\/api.w.org\/{rel}","templated":true}]}}