{"id":46249,"date":"2017-09-30T09:40:50","date_gmt":"2017-09-30T07:40:50","guid":{"rendered":"http:\/\/www.mirsa.es.mialias.net\/bd-barcelona-design\/"},"modified":"2024-05-21T10:24:38","modified_gmt":"2024-05-21T10:24:38","slug":"bd-barcelona-design","status":"publish","type":"page","link":"https:\/\/www.mirsa.es\/ca\/bd-barcelona-design\/","title":{"rendered":"BD Barcelona Design"},"content":{"rendered":"<div class=\"wpb-content-wrapper\"><p>[vc_row css=&#8221;.vc_custom_1583596731269{margin-left: -50px !important;}&#8221;][vc_column][vc_column_text]<a href=\"javascript:history.go(-1)\" onmouseover=\"self.status=document.referrer;return true\" style=\"color: black;\">Enrere<\/a>[\/vc_column_text][\/vc_column][\/vc_row][vc_row][vc_column][vc_column_text]<\/p>\n<h5><img decoding=\"async\" class=\"wp-image-1077 size-large aligncenter\" title=\"BD Barcelona Design\" src=\"\/wp-content\/uploads\/2020\/05\/bd_barcelona_design_portada.jpg\" alt=\"BD Barcelona Design\" width=\"100%\" height=\"400\" \/><\/h5>\n<p style=\"font-size: 16px; text-align: left;\"><strong>La firma de mobiliari BD Barcelona Design, creada als anys setanta, es caracteritza pel culte a l\u2019est\u00e8tica i a la bellesa de totes les seves col\u00b7leccions.<\/strong><\/p>\n<p style=\"font-size: 16px; text-align: left;\">El fet que els fundadors provinguin del m\u00f3n de l\u2019arquitectura ha marcat significativament l\u2019est\u00e8tica dels seus productes, apostant per l\u2019equilibri de les seves formes i apostant per una est\u00e8tica trencadora i ,de vegades, provocadora.<\/p>\n<p style=\"font-size: 16px; text-align: left;\">Entre les col\u00b7leccions m\u00e9s representatives de BD Barcelona Design, destaquen les espectaculars reinterpretacions del mobiliari utilitzat per Gaud\u00ed per ambientar alguns dels seus projectes.<\/p>\n<p style=\"font-size: 16px; text-align: left;\">Tanmateix, als anys noranta, va presentar un conjunt de mobles i l\u00e0mpades dissenyadas pel prestigi\u00f3s Salvador Dal\u00ed.<\/p>\n<p style=\"font-size: 16px; text-align: left;\">A MIRSA interiorisme &#038; mobiliari som distribu\u00efdors oficials BD Barcelona Design. Per a m\u00e9s informaci\u00f3, visiti el nostre Showroom o contacti amb nosaltres.<\/p>\n<p>[\/vc_column_text][\/vc_column][\/vc_row]<\/p>\n<\/div>","protected":false},"excerpt":{"rendered":"<p>[vc_row css=&#8221;.vc_custom_1583596731269{margin-left: -50px !important;}&#8221;][vc_column][vc_column_text]Enrere[\/vc_column_text][\/vc_column][\/vc_row][vc_row][vc_column][vc_column_text] La firma de mobiliari BD Barcelona Design, creada als anys setanta, es caracteritza pel culte a l\u2019est\u00e8tica i a la bellesa de totes les seves col\u00b7leccions. El fet que els fundadors provinguin del m\u00f3n de l\u2019arquitectura ha marcat significativament l\u2019est\u00e8tica dels seus productes, apostant per l\u2019equilibri de les seves formes i [&hellip;]<\/p>\n","protected":false},"author":1,"featured_media":0,"parent":0,"menu_order":0,"comment_status":"closed","ping_status":"closed","template":"","meta":{"footnotes":""},"class_list":["post-46249","page","type-page","status-publish","hentry"],"aioseo_notices":[],"_links":{"self":[{"href":"https:\/\/www.mirsa.es\/ca\/wp-json\/wp\/v2\/pages\/46249","targetHints":{"allow":["GET"]}}],"collection":[{"href":"https:\/\/www.mirsa.es\/ca\/wp-json\/wp\/v2\/pages"}],"about":[{"href":"https:\/\/www.mirsa.es\/ca\/wp-json\/wp\/v2\/types\/page"}],"author":[{"embeddable":true,"href":"https:\/\/www.mirsa.es\/ca\/wp-json\/wp\/v2\/users\/1"}],"replies":[{"embeddable":true,"href":"https:\/\/www.mirsa.es\/ca\/wp-json\/wp\/v2\/comments?post=46249"}],"version-history":[{"count":0,"href":"https:\/\/www.mirsa.es\/ca\/wp-json\/wp\/v2\/pages\/46249\/revisions"}],"wp:attachment":[{"href":"https:\/\/www.mirsa.es\/ca\/wp-json\/wp\/v2\/media?parent=46249"}],"curies":[{"name":"wp","href":"https:\/\/api.w.org\/{rel}","templated":true}]}}