{"id":46241,"date":"2019-03-16T12:19:41","date_gmt":"2019-03-16T11:19:41","guid":{"rendered":"http:\/\/www.mirsa.es.mialias.net\/bauci-ovidio-maxalto\/"},"modified":"2020-11-06T09:40:21","modified_gmt":"2020-11-06T09:40:21","slug":"bauci-ovidio-maxalto","status":"publish","type":"page","link":"https:\/\/www.mirsa.es\/ca\/bauci-ovidio-maxalto\/","title":{"rendered":"Bauci Ovidio Maxalto"},"content":{"rendered":"<div class=\"wpb-content-wrapper\"><p>[vc_row css=&#8221;.vc_custom_1583596731269{margin-left: -50px !important;}&#8221;][vc_column][vc_column_text]<a href=\"javascript:history.go(-1)\" onmouseover=\"self.status=document.referrer;return true\" style=\"color: black;\">Enrere<\/a>[\/vc_column_text][\/vc_column][\/vc_row][vc_row][vc_column][vc_column_text]<\/p>\n<h5><img decoding=\"async\" class=\"wp-image-1077 size-large aligncenter\" title=\"Bauci Ovidio Maxalto\" src=\"\/wp-content\/uploads\/2020\/08\/bauci_ovidio_maxalto_portada.jpg\" alt=\"Bauci Ovidio Maxalto\" width=\"100%\" height=\"400\" \/><\/h5>\n<p style=\"font-size: 16px; text-align: left;\"><strong>La pe\u00e7a est\u00e0 formada per una cap\u00e7alera entapissada de grans proporcions i un somier elevable que allotja en el seu interior un ampli espai d\u2019emmagatzematge.<\/strong><\/p>\n<p style=\"font-size: 16px; text-align: left;\">L\u2019estructura conte un cantell inferior en acer barnitzat que enriqueix la base del llit en fusta massissa. La col\u00b7lecci\u00f3 est\u00e1 disponible en diversos colors i acabats, adaptant-se aix\u00ed a qualsevol tipus de necessitat.<\/p>\n<p style=\"font-size: 16px; text-align: left;\">A MIRSA interiorisme &#038; mobiliari som distribu\u00efdors oficials Maxalto. Per a m\u00e9s informaci\u00f3, visiti el nostre Showroom o contacti amb nosaltres.\n<\/p>\n<p>[\/vc_column_text][vc_row_inner][vc_column_inner]<style type=\"text\/css\">#bklyn_btn_69d1ed98258a7 .bklyn-btn { color:#ffffff !important; background-color:black !important; }<\/style><div id=\"bklyn_btn_69d1ed98258a7\" class=\"bklyn-btn-holder  bklyn-btn-center bklyn-btn-tablet-center bklyn-btn-mobile-center\"><a title=\"Contacto\"   href=\"\/contacto\" target=\"_self\" class=\"bklyn-btn  bklyn-btn-icon-left bklyn-btn-normal\" ><i class=\"fa fa-envelope\"><\/i><span class=\"ut-btn-text\">M\u00e9s informaci\u00f3<\/span><\/a><\/div>[\/vc_column_inner][\/vc_row_inner][\/vc_column][\/vc_row]<\/p>\n<\/div>","protected":false},"excerpt":{"rendered":"<p>[vc_row css=&#8221;.vc_custom_1583596731269{margin-left: -50px !important;}&#8221;][vc_column][vc_column_text]Enrere[\/vc_column_text][\/vc_column][\/vc_row][vc_row][vc_column][vc_column_text] La pe\u00e7a est\u00e0 formada per una cap\u00e7alera entapissada de grans proporcions i un somier elevable que allotja en el seu interior un ampli espai d\u2019emmagatzematge. L\u2019estructura conte un cantell inferior en acer barnitzat que enriqueix la base del llit en fusta massissa. La col\u00b7lecci\u00f3 est\u00e1 disponible en diversos colors i acabats, [&hellip;]<\/p>\n","protected":false},"author":1,"featured_media":0,"parent":0,"menu_order":0,"comment_status":"closed","ping_status":"closed","template":"","meta":{"footnotes":""},"class_list":["post-46241","page","type-page","status-publish","hentry"],"aioseo_notices":[],"_links":{"self":[{"href":"https:\/\/www.mirsa.es\/ca\/wp-json\/wp\/v2\/pages\/46241","targetHints":{"allow":["GET"]}}],"collection":[{"href":"https:\/\/www.mirsa.es\/ca\/wp-json\/wp\/v2\/pages"}],"about":[{"href":"https:\/\/www.mirsa.es\/ca\/wp-json\/wp\/v2\/types\/page"}],"author":[{"embeddable":true,"href":"https:\/\/www.mirsa.es\/ca\/wp-json\/wp\/v2\/users\/1"}],"replies":[{"embeddable":true,"href":"https:\/\/www.mirsa.es\/ca\/wp-json\/wp\/v2\/comments?post=46241"}],"version-history":[{"count":0,"href":"https:\/\/www.mirsa.es\/ca\/wp-json\/wp\/v2\/pages\/46241\/revisions"}],"wp:attachment":[{"href":"https:\/\/www.mirsa.es\/ca\/wp-json\/wp\/v2\/media?parent=46241"}],"curies":[{"name":"wp","href":"https:\/\/api.w.org\/{rel}","templated":true}]}}