{"id":46232,"date":"2018-04-19T12:57:35","date_gmt":"2018-04-19T10:57:35","guid":{"rendered":"http:\/\/www.mirsa.es.mialias.net\/barovier-toso-iluminacion\/"},"modified":"2020-11-06T09:02:23","modified_gmt":"2020-11-06T09:02:23","slug":"barovier-toso-iluminacion","status":"publish","type":"page","link":"https:\/\/www.mirsa.es\/ca\/barovier-toso-iluminacion\/","title":{"rendered":"Barovier &#038; Toso il\u00b7luminaci\u00f3"},"content":{"rendered":"<div class=\"wpb-content-wrapper\"><p>[vc_row css=&#8221;.vc_custom_1583596731269{margin-left: -50px !important;}&#8221;][vc_column][vc_column_text]<a href=\"javascript:history.go(-1)\" onmouseover=\"self.status=document.referrer;return true\" style=\"color: black;\">Enrere<\/a>[\/vc_column_text][\/vc_column][\/vc_row][vc_row][vc_column][vc_column_text]<\/p>\n<h5><img decoding=\"async\" class=\"wp-image-1077 size-large aligncenter\" title=\"Barovier &amp; Toso il\u00b7luminaci\u00f3\" src=\"\/wp-content\/uploads\/2020\/05\/barovier_toso_iluminacion.jpg\" alt=\"Barovier &amp; Toso il\u00b7luminaci\u00f3\" width=\"100%\" height=\"400\" \/><\/h5>\n<p style=\"font-size: 16px; text-align: left;\"><strong>Barovier &#038; Toso \u00e9s una companyia internacional dedicada a la producci\u00f3 i distribuci\u00f3 de l\u00e0mpades de vidre d\u2019alt standing.<\/strong><\/p>\n<p style=\"font-size: 16px; text-align: left;\">L\u2019estil de la firma \u00e9s una perfecta combinaci\u00f3 entre tradici\u00f3 i innovaci\u00f3, presentant productes d\u2019est\u00e8tica cl\u00e0ssica que incorporen sorprenents aven\u00e7os tecnol\u00f2gics.<\/p>\n<p style=\"font-size: 16px; text-align: left;\">La marca treballa amb alguns dels dissenyadors i minoristes m\u00e9s importants del m\u00f3n, i els seus productes han servit per ambientar importants hotels internacionals: Four Seasons, Marriott, Ritz Carlton, Hilton\u2026<\/p>\n<p style=\"font-size: 16px; text-align: left;\">S\u2019ha establert una s\u00f2lida col\u00b7laboraci\u00f3 amb altres marques de moda i disseny, com Louis Vutton, Dolce &#038; Gabbana, Cartier\u2026<\/p>\n<p style=\"font-size: 16px; text-align: left;\">A MIRSA interiorisme &#038; mobiliari som distribu\u00efdors oficials Barovier &#038; Toso. Per a m\u00e9s informaci\u00f3, visiti el nostre Showroom o contacti amb nosaltres.<\/p>\n<p>[\/vc_column_text][vc_row_inner][vc_column_inner width=&#8221;1\/3&#8243;]<style type=\"text\/css\">#bklyn_btn_69d22a9bd7080 .bklyn-btn { color:#ffffff !important; background-color:black !important; }<\/style><div id=\"bklyn_btn_69d22a9bd7080\" class=\"bklyn-btn-holder  bklyn-btn-center bklyn-btn-tablet-center bklyn-btn-mobile-center\"><a title=\"Productos Acerbis\"   href=\"\/catalogo-productos\/?shrPrm=es\/8201494\/products\/2\/3210543\/3100416\/1\" target=\"_self\" class=\"bklyn-btn  bklyn-btn-icon-left bklyn-btn-normal\" ><i class=\"BklynIcons-Search\"><\/i><span class=\"ut-btn-text\">Productes<\/span><\/a><\/div>[\/vc_column_inner][vc_column_inner width=&#8221;1\/3&#8243;]<style type=\"text\/css\">#bklyn_btn_69d22a9bd70f9 .bklyn-btn { color:#ffffff !important; background-color:black !important; }<\/style><div id=\"bklyn_btn_69d22a9bd70f9\" class=\"bklyn-btn-holder  bklyn-btn-center bklyn-btn-tablet-center bklyn-btn-mobile-center\"><a title=\"Cat\u00e1logo Barovier &amp; Toso\"   href=\"\/catalogo-productos\/?shrPrm=es\/8201494\/pdf\/3100416\" target=\"_self\" class=\"bklyn-btn  bklyn-btn-icon-left bklyn-btn-normal\" ><i class=\"BklynIcons-Download\"><\/i><span class=\"ut-btn-text\">Cat\u00e0legs<\/span><\/a><\/div>[\/vc_column_inner][vc_column_inner width=&#8221;1\/3&#8243;]<style type=\"text\/css\">#bklyn_btn_69d22a9bd7146 .bklyn-btn { color:#ffffff !important; background-color:black !important; }<\/style><div id=\"bklyn_btn_69d22a9bd7146\" class=\"bklyn-btn-holder  bklyn-btn-center bklyn-btn-tablet-center bklyn-btn-mobile-center\"><a title=\"Contacto\"   href=\"\/contacto\" target=\"_self\" class=\"bklyn-btn  bklyn-btn-icon-left bklyn-btn-normal\" ><i class=\"fa fa-envelope\"><\/i><span class=\"ut-btn-text\">M\u00e9s informaci\u00f3<\/span><\/a><\/div>[\/vc_column_inner][\/vc_row_inner][\/vc_column][\/vc_row][vc_section][vc_row full_width=&#8221;stretch_row_content&#8221;][vc_column][vc_column_text]<iframe id=\"shrFrm\" style=\"width: 100%; margin: 0; border: none; overflow: hidden;\"><\/iframe><br \/>\n<script src=\"https:\/\/vsr.architonic.com\/assets\/js\/shared\/jquery.responsiveiframe_inhp.js\"><\/script><br \/>\n<script type='text\/javascript'>jQuery(document).ready(function(){ var regex=new RegExp('[?&]shrPrm=([^&#]*)'); var res=regex.exec(window.location.href); var shrPrm=(res!=null?decodeURIComponent(res[1]):''); if(''!=shrPrm) document.getElementById('shrFrm').src='https:\/\/vsr.architonic.com\/'+shrPrm; else document.getElementById('shrFrm').src='https:\/\/vsr.architonic.com\/es\/8201494\/collections\/3100416\/1'; });(function(e){e(function(){e('#shrFrm').responsiveIframe()})})(jQuery);<\/script>[\/vc_column_text][\/vc_column][\/vc_row][\/vc_section]<\/p>\n<\/div>","protected":false},"excerpt":{"rendered":"<p>[vc_row css=&#8221;.vc_custom_1583596731269{margin-left: -50px !important;}&#8221;][vc_column][vc_column_text]Enrere[\/vc_column_text][\/vc_column][\/vc_row][vc_row][vc_column][vc_column_text] Barovier &#038; Toso \u00e9s una companyia internacional dedicada a la producci\u00f3 i distribuci\u00f3 de l\u00e0mpades de vidre d\u2019alt standing. L\u2019estil de la firma \u00e9s una perfecta combinaci\u00f3 entre tradici\u00f3 i innovaci\u00f3, presentant productes d\u2019est\u00e8tica cl\u00e0ssica que incorporen sorprenents aven\u00e7os tecnol\u00f2gics. La marca treballa amb alguns dels dissenyadors i minoristes m\u00e9s importants [&hellip;]<\/p>\n","protected":false},"author":1,"featured_media":0,"parent":0,"menu_order":0,"comment_status":"closed","ping_status":"closed","template":"","meta":{"footnotes":""},"class_list":["post-46232","page","type-page","status-publish","hentry"],"aioseo_notices":[],"_links":{"self":[{"href":"https:\/\/www.mirsa.es\/ca\/wp-json\/wp\/v2\/pages\/46232","targetHints":{"allow":["GET"]}}],"collection":[{"href":"https:\/\/www.mirsa.es\/ca\/wp-json\/wp\/v2\/pages"}],"about":[{"href":"https:\/\/www.mirsa.es\/ca\/wp-json\/wp\/v2\/types\/page"}],"author":[{"embeddable":true,"href":"https:\/\/www.mirsa.es\/ca\/wp-json\/wp\/v2\/users\/1"}],"replies":[{"embeddable":true,"href":"https:\/\/www.mirsa.es\/ca\/wp-json\/wp\/v2\/comments?post=46232"}],"version-history":[{"count":0,"href":"https:\/\/www.mirsa.es\/ca\/wp-json\/wp\/v2\/pages\/46232\/revisions"}],"wp:attachment":[{"href":"https:\/\/www.mirsa.es\/ca\/wp-json\/wp\/v2\/media?parent=46232"}],"curies":[{"name":"wp","href":"https:\/\/api.w.org\/{rel}","templated":true}]}}