{"id":46175,"date":"2018-04-19T10:10:24","date_gmt":"2018-04-19T08:10:24","guid":{"rendered":"http:\/\/www.mirsa.es.mialias.net\/blux-iluminacion\/"},"modified":"2020-11-04T09:11:36","modified_gmt":"2020-11-04T09:11:36","slug":"blux-iluminacion","status":"publish","type":"page","link":"https:\/\/www.mirsa.es\/ca\/blux-iluminacion\/","title":{"rendered":"B.Lux Il\u00b7luminaci\u00f3"},"content":{"rendered":"<div class=\"wpb-content-wrapper\"><p>[vc_row css=&#8221;.vc_custom_1583596731269{margin-left: -50px !important;}&#8221;][vc_column][vc_column_text]<a href=\"javascript:history.go(-1)\" onmouseover=\"self.status=document.referrer;return true\" style=\"color: black;\">Enrere<\/a>[\/vc_column_text][\/vc_column][\/vc_row][vc_row][vc_column][vc_column_text]<\/p>\n<h5><img decoding=\"async\" class=\"wp-image-1077 size-large aligncenter\" title=\"B.Lux Il\u00b7luminaci\u00f3\" src=\"\/wp-content\/uploads\/2020\/05\/blux.jpg\" alt=\"B.Lux Il\u00b7luminaci\u00f3\" width=\"100%\" height=\"400\"\/><\/h5>\n<p style=\"font-size: 16px; text-align: left;\"><strong>B.Lux, fundada al Pa\u00eds Basc a la d\u00e8cada dels 80, \u00e9s tota una refer\u00e8ncia en el disseny i la fabricaci\u00f3 de l\u00e0mpades d\u2019estil contemporani.<br \/>\n<\/strong><\/p>\n<p style=\"font-size: 16px; text-align: left;\">Amb la sortida al mercat de les seves col\u00b7leccions Reina i Olympia la firma fa un important salt qualitatiu, guanyant-se l\u2019admiraci\u00f3 i el respecte d\u2019interioristes d\u2019arreu del m\u00f3n.<\/p>\n<p style=\"font-size: 16px; text-align: left;\">B.Lux ha col\u00b7laborat amb dissenyadors de reconegut prestigi internacional com Jorge Pensi o Miguel \u00c1ngel Ciganda. La marca disposa d\u2019un extens cat\u00e0leg de productes d\u2019il\u00b7luminaci\u00f3, que ofereixen un gran ventall de possibilitats i s\u2019ajusta a tot tipus de necessitats.<\/p>\n<p style=\"font-size: 16px; text-align: left;\">A MIRSA interiorisme &#038; mobiliari som distribu\u00efdors oficials B.Lux. Per a m\u00e9s informaci\u00f3 visiti el nostre Showroom o contacti amb nosaltres.<\/p>\n<p>[\/vc_column_text][vc_row_inner][vc_column_inner]<style type=\"text\/css\">#bklyn_btn_6a0920f9d2580 .bklyn-btn { color:#ffffff !important; background-color:black !important; }<\/style><div id=\"bklyn_btn_6a0920f9d2580\" class=\"bklyn-btn-holder  bklyn-btn-center bklyn-btn-tablet-center bklyn-btn-mobile-center\"><a title=\"Contacto\"   href=\"\/contacto\" target=\"_self\" class=\"bklyn-btn  bklyn-btn-icon-left bklyn-btn-normal\" ><i class=\"fa fa-envelope\"><\/i><span class=\"ut-btn-text\">M\u00e9s informaci\u00f3<\/span><\/a><\/div>[\/vc_column_inner][\/vc_row_inner][\/vc_column][\/vc_row]<\/p>\n<\/div>","protected":false},"excerpt":{"rendered":"<p>[vc_row css=&#8221;.vc_custom_1583596731269{margin-left: -50px !important;}&#8221;][vc_column][vc_column_text]Enrere[\/vc_column_text][\/vc_column][\/vc_row][vc_row][vc_column][vc_column_text] B.Lux, fundada al Pa\u00eds Basc a la d\u00e8cada dels 80, \u00e9s tota una refer\u00e8ncia en el disseny i la fabricaci\u00f3 de l\u00e0mpades d\u2019estil contemporani. Amb la sortida al mercat de les seves col\u00b7leccions Reina i Olympia la firma fa un important salt qualitatiu, guanyant-se l\u2019admiraci\u00f3 i el respecte d\u2019interioristes d\u2019arreu del [&hellip;]<\/p>\n","protected":false},"author":1,"featured_media":0,"parent":0,"menu_order":0,"comment_status":"closed","ping_status":"closed","template":"","meta":{"footnotes":""},"class_list":["post-46175","page","type-page","status-publish","hentry"],"aioseo_notices":[],"_links":{"self":[{"href":"https:\/\/www.mirsa.es\/ca\/wp-json\/wp\/v2\/pages\/46175","targetHints":{"allow":["GET"]}}],"collection":[{"href":"https:\/\/www.mirsa.es\/ca\/wp-json\/wp\/v2\/pages"}],"about":[{"href":"https:\/\/www.mirsa.es\/ca\/wp-json\/wp\/v2\/types\/page"}],"author":[{"embeddable":true,"href":"https:\/\/www.mirsa.es\/ca\/wp-json\/wp\/v2\/users\/1"}],"replies":[{"embeddable":true,"href":"https:\/\/www.mirsa.es\/ca\/wp-json\/wp\/v2\/comments?post=46175"}],"version-history":[{"count":0,"href":"https:\/\/www.mirsa.es\/ca\/wp-json\/wp\/v2\/pages\/46175\/revisions"}],"wp:attachment":[{"href":"https:\/\/www.mirsa.es\/ca\/wp-json\/wp\/v2\/media?parent=46175"}],"curies":[{"name":"wp","href":"https:\/\/api.w.org\/{rel}","templated":true}]}}