{"id":46170,"date":"2020-08-06T08:09:39","date_gmt":"2020-08-06T08:09:39","guid":{"rendered":"http:\/\/www.mirsa.es.mialias.net\/cama-azul-molteni-c\/"},"modified":"2020-11-04T08:56:27","modified_gmt":"2020-11-04T08:56:27","slug":"cama-azul-molteni-c","status":"publish","type":"page","link":"https:\/\/www.mirsa.es\/ca\/cama-azul-molteni-c\/","title":{"rendered":"Azul Molteni &#038; C"},"content":{"rendered":"<div class=\"wpb-content-wrapper\"><p>[vc_row][vc_column][vc_column_text]<\/p>\n<h5><img decoding=\"async\" class=\"wp-image-1077 size-large aligncenter\" title=\"Llit Azul Molteni &#038; C\" src=\"\/wp-content\/uploads\/2020\/08\/cama_azul_molteni_c.jpg\" alt=\"Llit\" width=\"100%\" height=\"400\"\/><\/h5>\n<p style=\"font-size: 16px; text-align: left;\"><strong>Azul de la prestigiosa firma italiana Molteni &#038; C \u00e9s un espectacular llit d\u2019estil contemporani dissenyat pel reconegut dissenyador Nicola Gallizia.<\/strong><\/p>\n<p style=\"font-size: 16px; text-align: left;\">Es tracta d\u2019una pe\u00e7a elegant i sofisticada que es concep com una combinaci\u00f3 perfecta entre tradici\u00f3 i modernitat.<\/p>\n<p style=\"font-size: 16px; text-align: left;\">La col\u00b7lecci\u00f3 es caracteritza per les seves dues l\u00e0mines de cuir regenerat, que es presenten cosides juntes. Azul est\u00e0 disponible en una \u00e0mplia gamma d\u2019acabats, adaptant-se aix\u00ed amb facilitat a qualsevol mena d\u2019espai.<\/p>\n<p style=\"font-size: 16px; text-align: left;\">A MIRSA interiorisme &#038; mobiliari som distribu\u00efdors oficials Molteni &#038; C. Per a m\u00e9s informaci\u00f3, visiti el nostre Showroom o contacti amb nosaltres.<\/p>\n<p>[\/vc_column_text][vc_row_inner][vc_column_inner]<style type=\"text\/css\">#bklyn_btn_69d259b989dca .bklyn-btn { color:#ffffff !important; background-color:black !important; }<\/style><div id=\"bklyn_btn_69d259b989dca\" class=\"bklyn-btn-holder  bklyn-btn-center bklyn-btn-tablet-center bklyn-btn-mobile-center\"><a title=\"Contacto\"   href=\"\/contacto\" target=\"_self\" class=\"bklyn-btn  bklyn-btn-icon-left bklyn-btn-normal\" ><i class=\"fa fa-envelope\"><\/i><span class=\"ut-btn-text\">M\u00e9s informaci\u00f3<\/span><\/a><\/div>[\/vc_column_inner][\/vc_row_inner][\/vc_column][\/vc_row]<\/p>\n<\/div>","protected":false},"excerpt":{"rendered":"<p>[vc_row][vc_column][vc_column_text] Azul de la prestigiosa firma italiana Molteni &#038; C \u00e9s un espectacular llit d\u2019estil contemporani dissenyat pel reconegut dissenyador Nicola Gallizia. Es tracta d\u2019una pe\u00e7a elegant i sofisticada que es concep com una combinaci\u00f3 perfecta entre tradici\u00f3 i modernitat. La col\u00b7lecci\u00f3 es caracteritza per les seves dues l\u00e0mines de cuir regenerat, que es presenten [&hellip;]<\/p>\n","protected":false},"author":1,"featured_media":0,"parent":0,"menu_order":0,"comment_status":"closed","ping_status":"closed","template":"","meta":{"footnotes":""},"class_list":["post-46170","page","type-page","status-publish","hentry"],"aioseo_notices":[],"_links":{"self":[{"href":"https:\/\/www.mirsa.es\/ca\/wp-json\/wp\/v2\/pages\/46170","targetHints":{"allow":["GET"]}}],"collection":[{"href":"https:\/\/www.mirsa.es\/ca\/wp-json\/wp\/v2\/pages"}],"about":[{"href":"https:\/\/www.mirsa.es\/ca\/wp-json\/wp\/v2\/types\/page"}],"author":[{"embeddable":true,"href":"https:\/\/www.mirsa.es\/ca\/wp-json\/wp\/v2\/users\/1"}],"replies":[{"embeddable":true,"href":"https:\/\/www.mirsa.es\/ca\/wp-json\/wp\/v2\/comments?post=46170"}],"version-history":[{"count":0,"href":"https:\/\/www.mirsa.es\/ca\/wp-json\/wp\/v2\/pages\/46170\/revisions"}],"wp:attachment":[{"href":"https:\/\/www.mirsa.es\/ca\/wp-json\/wp\/v2\/media?parent=46170"}],"curies":[{"name":"wp","href":"https:\/\/api.w.org\/{rel}","templated":true}]}}