{"id":46161,"date":"2019-03-26T19:13:56","date_gmt":"2019-03-26T18:13:56","guid":{"rendered":"http:\/\/www.mirsa.es.mialias.net\/azucena-muebles\/"},"modified":"2020-11-03T18:23:49","modified_gmt":"2020-11-03T18:23:49","slug":"azucena-muebles","status":"publish","type":"page","link":"https:\/\/www.mirsa.es\/ca\/azucena-muebles\/","title":{"rendered":"Azucena Muebles"},"content":{"rendered":"<p><a href=\"javascript:history.go(-1)\" onmouseover=\"self.status=document.referrer;return true\">Atr\u00e1s<\/a><\/p>\n<h5><img decoding=\"async\" class=\"wp-image-1077 size-large aligncenter\" title=\"Azucena Muebles\" src=\"\/wp-content\/uploads\/2020\/11\/muebles_azucena.jpg\" alt=\"Azucena Muebles\" width=\"100%\" height=\"400\"\/><\/h5>\n<h5><strong>Azucena es una hist\u00f3rica firma italiana de mobiliario contempor\u00e1neo fundada en 1947 por los prestigiosos arquitectos Luigi Caccia Dominioni e Ignazio Gardella. Recientemente la marca ha entrado a formar parte del grupo B&#038;B Italia.<\/strong><\/h5>\n<p style=\"font-size: 16px; text-align: left;\">Las colecciones Azucena se caracterizan por su elegancia formal, su lujo discreto y por su dise\u00f1o de l\u00edneas puras y n\u00edtidas, que transmiten elegancia y exclusividad.<\/p>\n<p style=\"font-size: 16px; text-align: left;\">En 2018 la hist\u00f3rica firma es absorbida por B&#038;B Italia, que preserva intacta la esencia tradicional de la marca y reinterpreta algunas de sus colecciones m\u00e1s ic\u00f3nicas del siglo XX, como los c\u00e1sicos dise\u00f1ados por el prestigioso Luigi Caccia Dominioni.<\/p>\n<p style=\"font-size: 16px; text-align: left;\">En MIRSA interiorismo &#038; mobiliario somos distribuidores oficiales Azucena. Para m\u00e1s informaci\u00f3n, visite nuestro Showroom o contacte con nosotros.<\/p>\n<p>[:ca]<a href=\"javascript:history.go(-1)\" onmouseover=\"self.status=document.referrer;return true\">Enrere<\/a><\/p>\n<h5><img decoding=\"async\" class=\"wp-image-1077 size-large aligncenter\" title=\"Azucena Mobles\" src=\"https:\/\/www.mirsa.es\/wp-content\/uploads\/2019\/03\/muebles_azucena.jpg\" alt=\"Azucena Mobles\" width=\"100%\" height=\"400\"\/><\/h5>\n<h5><strong>Azucena es una histor\u00edca firma italiana de mobiliario contempor\u00e1neo fundada en 1947 por los prestigiosos arquitectos Luigi Caccia Dominioni e Ignazio Gardella. Recientemente la marca ha entrado a formar parte del grupo B&#038;B Italia.<\/strong><\/h5>\n<p style=\"font-size: 16px; text-align: left;\">Les col\u00b7leccions Azucena es caracteritzen per la seva eleg\u00e0ncia formal, el seu luxe discret i pel seu disseny de l\u00ednies pures i n\u00edtides, que transmeten eleg\u00e0ncia i exclusivitat.<\/p>\n<p style=\"font-size: 16px; text-align: left;\">Al 2018 la hist\u00f3rica firma es absorbida per B&#038;B Italia, que preserva la ess\u00e8ncia tradicional de la marca i reinterpreta algunes de les seves col\u00b7leccions m\u00e9s ic\u00f2niques del segle XX, com els cl\u00e0ssics dissenyats pels prestigi\u00f2s Luigi Caccia Dominioni.<\/p>\n<p style=\"font-size: 16px; text-align: left;\">A MIRSA interiorisme &#038; mobiliari som distribu\u00efdors oficials Azucena. Per a m\u00e9s informaci\u00f3, visiti el nostre Showroom o contacti amb nosaltres.<\/p>\n","protected":false},"excerpt":{"rendered":"<p>Atr\u00e1s Azucena es una hist\u00f3rica firma italiana de mobiliario contempor\u00e1neo fundada en 1947 por los prestigiosos arquitectos Luigi Caccia Dominioni e Ignazio Gardella. Recientemente la marca ha entrado a formar parte del grupo B&#038;B Italia. Las colecciones Azucena se caracterizan por su elegancia formal, su lujo discreto y por su dise\u00f1o de l\u00edneas puras y [&hellip;]<\/p>\n","protected":false},"author":1,"featured_media":0,"parent":0,"menu_order":0,"comment_status":"closed","ping_status":"closed","template":"","meta":{"footnotes":""},"class_list":["post-46161","page","type-page","status-publish","hentry"],"aioseo_notices":[],"_links":{"self":[{"href":"https:\/\/www.mirsa.es\/ca\/wp-json\/wp\/v2\/pages\/46161","targetHints":{"allow":["GET"]}}],"collection":[{"href":"https:\/\/www.mirsa.es\/ca\/wp-json\/wp\/v2\/pages"}],"about":[{"href":"https:\/\/www.mirsa.es\/ca\/wp-json\/wp\/v2\/types\/page"}],"author":[{"embeddable":true,"href":"https:\/\/www.mirsa.es\/ca\/wp-json\/wp\/v2\/users\/1"}],"replies":[{"embeddable":true,"href":"https:\/\/www.mirsa.es\/ca\/wp-json\/wp\/v2\/comments?post=46161"}],"version-history":[{"count":0,"href":"https:\/\/www.mirsa.es\/ca\/wp-json\/wp\/v2\/pages\/46161\/revisions"}],"wp:attachment":[{"href":"https:\/\/www.mirsa.es\/ca\/wp-json\/wp\/v2\/media?parent=46161"}],"curies":[{"name":"wp","href":"https:\/\/api.w.org\/{rel}","templated":true}]}}